{"id":557,"date":"2018-01-21T16:03:47","date_gmt":"2018-01-21T15:03:47","guid":{"rendered":"http:\/\/www.igatamus.com\/bgc\/?page_id=557"},"modified":"2018-01-21T16:03:47","modified_gmt":"2018-01-21T15:03:47","slug":"vomissements","status":"publish","type":"page","link":"https:\/\/www.igatamus.com\/bgc\/technique-de-massage-des-points-dacupuncture\/vomissements\/","title":{"rendered":"Vomissements"},"content":{"rendered":"<p>Les vomissements sont parfois n\u00e9cessaires pour \u00e9vacuer des substances toxiques ou des \u00e9l\u00e9ments avari\u00e9s qui risquent, en passant la barri\u00e8re gastrique, d&rsquo;ab\u00eemer plus encore l&rsquo;organisme. Mais ils peuvent s&rsquo;av\u00e9rer dangereux pour la sant\u00e9 de par la perte de liquide et de sels min\u00e9raux.<\/p>\n<p>D&rsquo;autre part, lorsque l&rsquo;on a \u00e9vacu\u00e9 toute la nourriture, et qu&rsquo;il n&rsquo;y a plus rien dans l&rsquo;estomac, il vaut mieux faire stopper cette \u00e9vacuation qui n&rsquo;est plus n\u00e9cessaire et m\u00eame plut\u00f4t emb\u00eatante car la remont\u00e9e des sucs et acides gastriques n&rsquo;a jamais fait de bien \u00e0 l&rsquo;\u00fasophage et aux muqueuses qu&rsquo;ils rencontrent.<\/p>\n<table border=\"0\" width=\"100%\" cellspacing=\"0\" cellpadding=\"0\">\n<tbody>\n<tr>\n<td width=\"50%\"><b>Ce point est situ\u00e9 sur l&rsquo;avant de l&rsquo;abdomen, sur la ligne du milieu \u00e0 mi-chemin entre le nombril et la petite pointe de l&rsquo;os qui ferme la poitrine en avant : le sternum.<\/p>\n<p>C&rsquo;est entre ces deux rep\u00e8res anatomiques, exactement au milieu, que se trouve ce point. Il faut le masser fortement et longuement pour obtenir un r\u00e9sultat tangible.<\/p>\n<p>(C&rsquo;est le m\u00e2me point que pour le mal de mer ou le mal des transports)<\/b><\/td>\n<td width=\"50%\">\n<p align=\"CENTER\"><img src=\"http:\/\/vidauban.pagesperso-orange.fr\/medchin\/mer.gif\" width=\"130\" height=\"175\" align=\"BOTTOM\" border=\"0\" \/><\/p>\n<\/td>\n<\/tr>\n<\/tbody>\n<\/table>\n<p><span style=\"font-size: xx-small;\">ATTENTION : ces pages ont \u00e9t\u00e9 r\u00e9alis\u00e9es \u00e0 partir de documents existants : livres, cours, publicit\u00e9s m\u00e9dicales&#8230; Nous tenons \u00e0 pr\u00e9venir l&rsquo;internaute lecteur de ces pages qu&rsquo;il ne s&rsquo;agit en aucun cas de pratiquer la m\u00e9decine mais de soulager par simples massages, des \u00e9tats douloureux comme par exemple se masser la nuque pour se d\u00e9tendre en rentrant d&rsquo;une journ\u00e9e particuli\u00e8rement difficile. Il se trouve que les solutions expos\u00e9es ici sont relativement efficaces MAIS il vous faut imp\u00e9rativement aller consulter un m\u00e9decin pour pouvoir \u00eatre <b>soign\u00e9<\/b> en plus d&rsquo;\u00eatre soulag\u00e9.<\/span><\/p>\n<p><center><center><a href=\"http:\/\/www.amazon.fr\/gp\/search?ie=UTF8&amp;camp=1642&amp;creative=6746&amp;index=books&amp;keywords=acupuncture&amp;linkCode=ur2&amp;tag=technidemassa-21\" target=\"_blank\" rel=\"noopener noreferrer\">lien vers des livres d&rsquo;acupuncture<\/a><img src=\"http:\/\/www.assoc-amazon.fr\/e\/ir?t=technidemassa-21&amp;l=ur2&amp;o=8\" alt=\"\" width=\"1\" height=\"1\" border=\"0\" \/><\/center><\/center><\/p>\n","protected":false},"excerpt":{"rendered":"<p>Les vomissements sont parfois n\u00e9cessaires pour \u00e9vacuer des substances toxiques ou des \u00e9l\u00e9ments avari\u00e9s qui risquent, en passant la barri\u00e8re gastrique, d&rsquo;ab\u00eemer plus encore l&rsquo;organisme. Mais ils peuvent s&rsquo;av\u00e9rer dangereux pour la sant\u00e9 de par la perte de liquide et de sels min\u00e9raux. D&rsquo;autre part, lorsque l&rsquo;on a \u00e9vacu\u00e9 toute la nourriture, et qu&rsquo;il n&rsquo;y &hellip; <\/p>\n<p class=\"link-more\"><a href=\"https:\/\/www.igatamus.com\/bgc\/technique-de-massage-des-points-dacupuncture\/vomissements\/\" class=\"more-link\">Continuer la lecture<span class=\"screen-reader-text\"> de &laquo;&nbsp;Vomissements&nbsp;&raquo;<\/span><\/a><\/p>\n","protected":false},"author":1,"featured_media":0,"parent":431,"menu_order":49,"comment_status":"closed","ping_status":"closed","template":"","meta":[],"_links":{"self":[{"href":"https:\/\/www.igatamus.com\/bgc\/wp-json\/wp\/v2\/pages\/557"}],"collection":[{"href":"https:\/\/www.igatamus.com\/bgc\/wp-json\/wp\/v2\/pages"}],"about":[{"href":"https:\/\/www.igatamus.com\/bgc\/wp-json\/wp\/v2\/types\/page"}],"author":[{"embeddable":true,"href":"https:\/\/www.igatamus.com\/bgc\/wp-json\/wp\/v2\/users\/1"}],"replies":[{"embeddable":true,"href":"https:\/\/www.igatamus.com\/bgc\/wp-json\/wp\/v2\/comments?post=557"}],"version-history":[{"count":1,"href":"https:\/\/www.igatamus.com\/bgc\/wp-json\/wp\/v2\/pages\/557\/revisions"}],"predecessor-version":[{"id":558,"href":"https:\/\/www.igatamus.com\/bgc\/wp-json\/wp\/v2\/pages\/557\/revisions\/558"}],"up":[{"embeddable":true,"href":"https:\/\/www.igatamus.com\/bgc\/wp-json\/wp\/v2\/pages\/431"}],"wp:attachment":[{"href":"https:\/\/www.igatamus.com\/bgc\/wp-json\/wp\/v2\/media?parent=557"}],"curies":[{"name":"wp","href":"https:\/\/api.w.org\/{rel}","templated":true}]}}