{"id":555,"date":"2018-01-21T16:02:55","date_gmt":"2018-01-21T15:02:55","guid":{"rendered":"http:\/\/www.igatamus.com\/bgc\/?page_id=555"},"modified":"2018-01-21T16:02:55","modified_gmt":"2018-01-21T15:02:55","slug":"visage-soins","status":"publish","type":"page","link":"https:\/\/www.igatamus.com\/bgc\/technique-de-massage-des-points-dacupuncture\/visage-soins\/","title":{"rendered":"Visage (soins)"},"content":{"rendered":"<p>Parmi tous les soins du visage offerts \u00e0 la population, beaucoup concernent les traitements de la peau, anti-vieillissement, anti-rides, hydratations&#8230; et tr\u00e8s peu s&rsquo;occupent de l&rsquo;\u00e9tat des muscles qui sont dessous or ce sont eux qui tiennent et structurent le visage, s&rsquo;ils sont flasques et mous, le visage est flasque et mou, le peau se contente de les couvrir et d&rsquo;en suivre les contours.<\/p>\n<p>Si l&rsquo;on s&rsquo;en occupe, comme chez les est\u00e9ticienes par exemple, on arrive \u00e0 diminuer les effets du vieillissement en tonifiant ces muscles.<\/p>\n<p>L&rsquo;acupuncture permet cela, en stimulant r\u00e9guli\u00e8rement des points du visage, on peut maintenir la tonicit\u00e9 des muscles et retarder l&rsquo;affaisement in\u00e9luctable d\u00fb au vieillissement des tissus et des masses musculaires.<\/p>\n<table border=\"0\" cellspacing=\"0\" cellpadding=\"0\">\n<tbody>\n<tr>\n<td width=\"50%\"><b><i>Il existe de nombreux points du visage. Nous n&rsquo;en retiendrons que six :<\/p>\n<p>Le premier est situ\u00e9 sur le front, \u00e0 deux travers de doigt en dehors et \u00e0 quatre travers de doigt au dessus de la queue du sourcil.<\/p>\n<p>Le second est situ\u00e9 sur la pommette, sur son rebord qui regarde le nez.<\/p>\n<p>Le troisi\u00e8me est situ\u00e9 \u00e0 l&rsquo;angle de la commissure des l\u00e8vres, \u00e0 un doigt en dehors de l&rsquo;extr\u00e9mit\u00e9 de la bouche.<\/i><\/b><\/td>\n<td width=\"50%\">\n<p align=\"CENTER\"><img src=\"http:\/\/vidauban.pagesperso-orange.fr\/medchin\/visage.gif\" width=\"114\" height=\"188\" align=\"BOTTOM\" border=\"0\" \/><\/p>\n<\/td>\n<\/tr>\n<\/tbody>\n<\/table>\n<p><span style=\"font-size: xx-small;\">ATTENTION : ces pages ont \u00e9t\u00e9 r\u00e9alis\u00e9es \u00e0 partir de documents existants : livres, cours, publicit\u00e9s m\u00e9dicales&#8230; Nous tenons \u00e0 pr\u00e9venir l&rsquo;internaute lecteur de ces pages qu&rsquo;il ne s&rsquo;agit en aucun cas de pratiquer la m\u00e9decine mais de soulager par simples massages, des \u00e9tats douloureux comme par exemple se masser la nuque pour se d\u00e9tendre en rentrant d&rsquo;une journ\u00e9e particuli\u00e8rement difficile. Il se trouve que les solutions expos\u00e9es ici sont relativement efficaces MAIS il vous faut imp\u00e9rativement aller consulter un m\u00e9decin pour pouvoir \u00eatre <b>soign\u00e9<\/b> en plus d&rsquo;\u00eatre soulag\u00e9.<\/span><\/p>\n<p><center><br \/>\n<a href=\"http:\/\/www.amazon.fr\/gp\/search?ie=UTF8&amp;camp=1642&amp;creative=6746&amp;index=books&amp;keywords=acupuncture&amp;linkCode=ur2&amp;tag=technidemassa-21\" target=\"_blank\" rel=\"noopener noreferrer\">lien vers des livres d&rsquo;acupuncture<\/a><img src=\"http:\/\/www.assoc-amazon.fr\/e\/ir?t=technidemassa-21&amp;l=ur2&amp;o=8\" alt=\"\" width=\"1\" height=\"1\" border=\"0\" \/><\/center><\/p>\n","protected":false},"excerpt":{"rendered":"<p>Parmi tous les soins du visage offerts \u00e0 la population, beaucoup concernent les traitements de la peau, anti-vieillissement, anti-rides, hydratations&#8230; et tr\u00e8s peu s&rsquo;occupent de l&rsquo;\u00e9tat des muscles qui sont dessous or ce sont eux qui tiennent et structurent le visage, s&rsquo;ils sont flasques et mous, le visage est flasque et mou, le peau se &hellip; <\/p>\n<p class=\"link-more\"><a href=\"https:\/\/www.igatamus.com\/bgc\/technique-de-massage-des-points-dacupuncture\/visage-soins\/\" class=\"more-link\">Continuer la lecture<span class=\"screen-reader-text\"> de &laquo;&nbsp;Visage (soins)&nbsp;&raquo;<\/span><\/a><\/p>\n","protected":false},"author":1,"featured_media":0,"parent":431,"menu_order":48,"comment_status":"closed","ping_status":"closed","template":"","meta":[],"_links":{"self":[{"href":"https:\/\/www.igatamus.com\/bgc\/wp-json\/wp\/v2\/pages\/555"}],"collection":[{"href":"https:\/\/www.igatamus.com\/bgc\/wp-json\/wp\/v2\/pages"}],"about":[{"href":"https:\/\/www.igatamus.com\/bgc\/wp-json\/wp\/v2\/types\/page"}],"author":[{"embeddable":true,"href":"https:\/\/www.igatamus.com\/bgc\/wp-json\/wp\/v2\/users\/1"}],"replies":[{"embeddable":true,"href":"https:\/\/www.igatamus.com\/bgc\/wp-json\/wp\/v2\/comments?post=555"}],"version-history":[{"count":1,"href":"https:\/\/www.igatamus.com\/bgc\/wp-json\/wp\/v2\/pages\/555\/revisions"}],"predecessor-version":[{"id":556,"href":"https:\/\/www.igatamus.com\/bgc\/wp-json\/wp\/v2\/pages\/555\/revisions\/556"}],"up":[{"embeddable":true,"href":"https:\/\/www.igatamus.com\/bgc\/wp-json\/wp\/v2\/pages\/431"}],"wp:attachment":[{"href":"https:\/\/www.igatamus.com\/bgc\/wp-json\/wp\/v2\/media?parent=555"}],"curies":[{"name":"wp","href":"https:\/\/api.w.org\/{rel}","templated":true}]}}