{"id":553,"date":"2018-01-21T16:01:46","date_gmt":"2018-01-21T15:01:46","guid":{"rendered":"http:\/\/www.igatamus.com\/bgc\/?page_id=553"},"modified":"2018-01-21T16:01:46","modified_gmt":"2018-01-21T15:01:46","slug":"vers-intestinaux","status":"publish","type":"page","link":"https:\/\/www.igatamus.com\/bgc\/technique-de-massage-des-points-dacupuncture\/vers-intestinaux\/","title":{"rendered":"Vers (intestinaux)"},"content":{"rendered":"<p>Cela peut para\u00eetre bizarre, comment la pression d&rsquo;un point peut-elle permettre de se d\u00e9barrasser de parasites intestinaux ?<\/p>\n<p>Il est incontestable que ce point fonctionne parfaitement et les r\u00e9sultats sont excellents.<\/p>\n<p>Des essais cliniques et des mesures de contraction de l&rsquo;estomac n&rsquo;ont pu d\u00e9montrer la pr\u00e9sence de contractions qui pourraient expulser le parasite. Par cons\u00e9quent il doit s&rsquo;agir en fait d&rsquo;une action qui modifie le milieu intestinal et g\u00e9n\u00e8re une protection contre les parasites. On s&rsquo;est dailleurs aper\u00e7u que ce point pouvait avoir un effet sur des mycoses de la peau.<\/p>\n<table border=\"0\" cellspacing=\"0\" cellpadding=\"0\">\n<tbody>\n<tr>\n<td width=\"50%\"><b><i>Ce point est situ\u00e9 au bout du petit orteil \u00e0 l&rsquo;intersection des deux axes passant par la base et le c\u00f4t\u00e9 ext\u00e9rieur de l&rsquo;ongle.<\/i><\/b><\/td>\n<td width=\"50%\">\n<p align=\"CENTER\"><img src=\"http:\/\/vidauban.pagesperso-orange.fr\/medchin\/vers.gif\" width=\"150\" height=\"133\" align=\"BOTTOM\" border=\"0\" \/><\/p>\n<\/td>\n<\/tr>\n<\/tbody>\n<\/table>\n<p style=\"text-align: left;\" align=\"CENTER\"><span style=\"font-size: xx-small;\">ATTENTION : ces pages ont \u00e9t\u00e9 r\u00e9alis\u00e9es \u00e0 partir de documents existants : livres, cours, publicit\u00e9s m\u00e9dicales&#8230; Nous tenons \u00e0 pr\u00e9venir l&rsquo;internaute lecteur de ces pages qu&rsquo;il ne s&rsquo;agit en aucun cas de pratiquer la m\u00e9decine mais de soulager par simples massages, des \u00e9tats douloureux comme par exemple se masser la nuque pour se d\u00e9tendre en rentrant d&rsquo;une journ\u00e9e particuli\u00e8rement difficile. Il se trouve que les solutions expos\u00e9es ici sont relativement efficaces MAIS il vous faut imp\u00e9rativement aller consulter un m\u00e9decin pour pouvoir \u00eatre <b>soign\u00e9<\/b> en plus d&rsquo;\u00eatre soulag\u00e9.<\/span><\/p>\n<p><center><br \/>\n<a href=\"http:\/\/www.amazon.fr\/gp\/search?ie=UTF8&amp;camp=1642&amp;creative=6746&amp;index=books&amp;keywords=acupuncture&amp;linkCode=ur2&amp;tag=technidemassa-21\" target=\"_blank\" rel=\"noopener noreferrer\">lien vers des livres d&rsquo;acupuncture<\/a><img src=\"http:\/\/www.assoc-amazon.fr\/e\/ir?t=technidemassa-21&amp;l=ur2&amp;o=8\" alt=\"\" width=\"1\" height=\"1\" border=\"0\" \/><\/center><\/p>\n","protected":false},"excerpt":{"rendered":"<p>Cela peut para\u00eetre bizarre, comment la pression d&rsquo;un point peut-elle permettre de se d\u00e9barrasser de parasites intestinaux ? Il est incontestable que ce point fonctionne parfaitement et les r\u00e9sultats sont excellents. Des essais cliniques et des mesures de contraction de l&rsquo;estomac n&rsquo;ont pu d\u00e9montrer la pr\u00e9sence de contractions qui pourraient expulser le parasite. Par cons\u00e9quent &hellip; <\/p>\n<p class=\"link-more\"><a href=\"https:\/\/www.igatamus.com\/bgc\/technique-de-massage-des-points-dacupuncture\/vers-intestinaux\/\" class=\"more-link\">Continuer la lecture<span class=\"screen-reader-text\"> de &laquo;&nbsp;Vers (intestinaux)&nbsp;&raquo;<\/span><\/a><\/p>\n","protected":false},"author":1,"featured_media":0,"parent":431,"menu_order":47,"comment_status":"closed","ping_status":"closed","template":"","meta":[],"_links":{"self":[{"href":"https:\/\/www.igatamus.com\/bgc\/wp-json\/wp\/v2\/pages\/553"}],"collection":[{"href":"https:\/\/www.igatamus.com\/bgc\/wp-json\/wp\/v2\/pages"}],"about":[{"href":"https:\/\/www.igatamus.com\/bgc\/wp-json\/wp\/v2\/types\/page"}],"author":[{"embeddable":true,"href":"https:\/\/www.igatamus.com\/bgc\/wp-json\/wp\/v2\/users\/1"}],"replies":[{"embeddable":true,"href":"https:\/\/www.igatamus.com\/bgc\/wp-json\/wp\/v2\/comments?post=553"}],"version-history":[{"count":1,"href":"https:\/\/www.igatamus.com\/bgc\/wp-json\/wp\/v2\/pages\/553\/revisions"}],"predecessor-version":[{"id":554,"href":"https:\/\/www.igatamus.com\/bgc\/wp-json\/wp\/v2\/pages\/553\/revisions\/554"}],"up":[{"embeddable":true,"href":"https:\/\/www.igatamus.com\/bgc\/wp-json\/wp\/v2\/pages\/431"}],"wp:attachment":[{"href":"https:\/\/www.igatamus.com\/bgc\/wp-json\/wp\/v2\/media?parent=553"}],"curies":[{"name":"wp","href":"https:\/\/api.w.org\/{rel}","templated":true}]}}