{"id":549,"date":"2018-01-21T16:00:11","date_gmt":"2018-01-21T15:00:11","guid":{"rendered":"http:\/\/www.igatamus.com\/bgc\/?page_id=549"},"modified":"2018-01-21T16:00:11","modified_gmt":"2018-01-21T15:00:11","slug":"maux-de-tete","status":"publish","type":"page","link":"https:\/\/www.igatamus.com\/bgc\/technique-de-massage-des-points-dacupuncture\/maux-de-tete\/","title":{"rendered":"Maux de t\u00eate"},"content":{"rendered":"<p>Si vous souffrez du cr\u00e2ne ou plus g\u00e9n\u00e9ralement sur toute la t\u00eate, vous pouvez utiliser les points permettant de traiter les maux de t\u00eates <a href=\"https:\/\/www.igatamus.com\/bgc\/technique-de-massage-des-points-dacupuncture\/tempes-front\/\">Frontaux et\/ou Tempes<\/a>, les points pour le mal de\u00a0<a href=\"https:\/\/www.igatamus.com\/bgc\/technique-de-massage-des-points-dacupuncture\/nuque\/\">nuque et d&rsquo;occiput<\/a> mais aussi en compl\u00e9ment le point suivant dit de \u00ab\u00a0V\u00c9SICULE\u00a0\u00bb.<\/p>\n<table border=\"0\" cellspacing=\"0\" cellpadding=\"0\">\n<tbody>\n<tr>\n<td width=\"50%\"><b><i>Ce point est situ\u00e9 sur la face ext\u00e9rieure du bas de la jambe, dans un petit creux sensible, sur le devant du p\u00e9ron\u00e9<\/i><\/b>.<\/p>\n<p><b><i>Pour le trouver, appliquez le petit doigt sur la partie saillante de l&rsquo;os de la cheville, appliquez les doigts de la main \u00e0 la suite les uns des autres sur le p\u00e9ron\u00e9, le pouce est alors positionn\u00e9 exactement sur l&rsquo;endroit \u00e0 masser.<\/p>\n<p>Il s&rsquo;agir l\u00e0 encore d&rsquo;un point bilat\u00e9ral, masser les deux c\u00f4t\u00e9s, jambes droites et gauche.<\/i><\/b><\/td>\n<td width=\"50%\">\n<p align=\"CENTER\"><img src=\"http:\/\/vidauban.pagesperso-orange.fr\/medchin\/tete3.gif\" width=\"202\" height=\"178\" align=\"BOTTOM\" border=\"0\" \/><\/p>\n<\/td>\n<\/tr>\n<\/tbody>\n<\/table>\n<p><span style=\"font-size: xx-small;\">ATTENTION : ces pages ont \u00e9t\u00e9 r\u00e9alis\u00e9es \u00e0 partir de documents existants : livres, cours, publicit\u00e9s m\u00e9dicales&#8230; Nous tenons \u00e0 pr\u00e9venir l&rsquo;internaute lecteur de ces pages qu&rsquo;il ne s&rsquo;agit en aucun cas de pratiquer la m\u00e9decine mais de soulager par simples massages, des \u00e9tats douloureux comme par exemple se masser la nuque pour se d\u00e9tendre en rentrant d&rsquo;une journ\u00e9e particuli\u00e8rement difficile. Il se trouve que les solutions expos\u00e9es ici sont relativement efficaces MAIS il vous faut imp\u00e9rativement aller consulter un m\u00e9decin pour pouvoir \u00eatre <b>soign\u00e9<\/b> en plus d&rsquo;\u00eatre soulag\u00e9.<\/span><\/p>\n<p><center><br \/>\n<a href=\"http:\/\/www.amazon.fr\/gp\/search?ie=UTF8&amp;camp=1642&amp;creative=6746&amp;index=books&amp;keywords=acupuncture&amp;linkCode=ur2&amp;tag=technidemassa-21\" target=\"_blank\" rel=\"noopener noreferrer\">lien vers des livres d&rsquo;acupuncture<\/a><img src=\"http:\/\/www.assoc-amazon.fr\/e\/ir?t=technidemassa-21&amp;l=ur2&amp;o=8\" alt=\"\" width=\"1\" height=\"1\" border=\"0\" \/><\/center><\/p>\n","protected":false},"excerpt":{"rendered":"<p>Si vous souffrez du cr\u00e2ne ou plus g\u00e9n\u00e9ralement sur toute la t\u00eate, vous pouvez utiliser les points permettant de traiter les maux de t\u00eates Frontaux et\/ou Tempes, les points pour le mal de\u00a0nuque et d&rsquo;occiput mais aussi en compl\u00e9ment le point suivant dit de \u00ab\u00a0V\u00c9SICULE\u00a0\u00bb. Ce point est situ\u00e9 sur la face ext\u00e9rieure du bas &hellip; <\/p>\n<p class=\"link-more\"><a href=\"https:\/\/www.igatamus.com\/bgc\/technique-de-massage-des-points-dacupuncture\/maux-de-tete\/\" class=\"more-link\">Continuer la lecture<span class=\"screen-reader-text\"> de &laquo;&nbsp;Maux de t\u00eate&nbsp;&raquo;<\/span><\/a><\/p>\n","protected":false},"author":1,"featured_media":0,"parent":431,"menu_order":37,"comment_status":"closed","ping_status":"closed","template":"","meta":[],"_links":{"self":[{"href":"https:\/\/www.igatamus.com\/bgc\/wp-json\/wp\/v2\/pages\/549"}],"collection":[{"href":"https:\/\/www.igatamus.com\/bgc\/wp-json\/wp\/v2\/pages"}],"about":[{"href":"https:\/\/www.igatamus.com\/bgc\/wp-json\/wp\/v2\/types\/page"}],"author":[{"embeddable":true,"href":"https:\/\/www.igatamus.com\/bgc\/wp-json\/wp\/v2\/users\/1"}],"replies":[{"embeddable":true,"href":"https:\/\/www.igatamus.com\/bgc\/wp-json\/wp\/v2\/comments?post=549"}],"version-history":[{"count":1,"href":"https:\/\/www.igatamus.com\/bgc\/wp-json\/wp\/v2\/pages\/549\/revisions"}],"predecessor-version":[{"id":550,"href":"https:\/\/www.igatamus.com\/bgc\/wp-json\/wp\/v2\/pages\/549\/revisions\/550"}],"up":[{"embeddable":true,"href":"https:\/\/www.igatamus.com\/bgc\/wp-json\/wp\/v2\/pages\/431"}],"wp:attachment":[{"href":"https:\/\/www.igatamus.com\/bgc\/wp-json\/wp\/v2\/media?parent=549"}],"curies":[{"name":"wp","href":"https:\/\/api.w.org\/{rel}","templated":true}]}}