{"id":546,"date":"2018-01-21T15:58:05","date_gmt":"2018-01-21T14:58:05","guid":{"rendered":"http:\/\/www.igatamus.com\/bgc\/?page_id=546"},"modified":"2018-01-21T15:58:40","modified_gmt":"2018-01-21T14:58:40","slug":"nuque","status":"publish","type":"page","link":"https:\/\/www.igatamus.com\/bgc\/technique-de-massage-des-points-dacupuncture\/nuque\/","title":{"rendered":"Nuque"},"content":{"rendered":"<p>Le mal de t\u00eate est en fait une maladie universelle, elle peut \u00eatre caus\u00e9e par de tr\u00e8s nombreuses causes : grippe, indigestion, tumeurs, stress, coups de sang&#8230;<\/p>\n<p>Mais un chose est simple \u00e0 d\u00e9terminer, c&rsquo;est sa localisation. Dans cette page, nous verrons comment combattre la douleur si elle est situ\u00e9e sur la nuque ou l&rsquo;occiput. Mais elle peut \u00e9galement se situer sur le <a href=\"https:\/\/www.igatamus.com\/bgc\/technique-de-massage-des-points-dacupuncture\/tempes-front\/\">front et les tempes<\/a> ou bien sur <a href=\"http:\/\/vidauban.pagesperso-orange.fr\/medchin\/global.html\">le haut du cr\u00e2ne et englober toute la t\u00eate<\/a>.<\/p>\n<table border=\"0\" cellspacing=\"0\" cellpadding=\"0\">\n<tbody>\n<tr>\n<td width=\"50%\"><b><i>Ce point est situ\u00e9 sur le bord externe de la main qui prolonge le petit doigt. Lorsque vous pliez la main \u00e0 moiti\u00e9, vous voyez se dessiner dans la paume, le pli connu sous le nom de ligne de t\u00eate. Si vous prolongez ce plis sur le c\u00f4t\u00e9 de la main vous trouvez l&rsquo;os qui est le cinqui\u00e8me m\u00e9tatarsien. C&rsquo;est l\u00e0 qu&rsquo;il faut appuyer.<\/i><\/b><\/p>\n<p>Il s&rsquo;agit ici aussi d&rsquo;un point o\u00f9 il faut masser le c\u00f4t\u00e9 oppos\u00e9 \u00e0 la douleur : douleur \u00e0 droite, main gauche, douleur \u00e0 gauche, main droite.<\/td>\n<td width=\"50%\">\n<p align=\"CENTER\"><img src=\"http:\/\/vidauban.pagesperso-orange.fr\/medchin\/tete2.gif\" width=\"198\" height=\"141\" align=\"BOTTOM\" border=\"0\" \/><\/p>\n<\/td>\n<\/tr>\n<\/tbody>\n<\/table>\n<p><span style=\"font-size: xx-small;\">ATTENTION : ces pages ont \u00e9t\u00e9 r\u00e9alis\u00e9es \u00e0 partir de documents existants : livres, cours, publicit\u00e9s m\u00e9dicales&#8230; Nous tenons \u00e0 pr\u00e9venir l&rsquo;internaute lecteur de ces pages qu&rsquo;il ne s&rsquo;agit en aucun cas de pratiquer la m\u00e9decine mais de soulager par simples massages, des \u00e9tats douloureux comme par exemple se masser la nuque pour se d\u00e9tendre en rentrant d&rsquo;une journ\u00e9e particuli\u00e8rement difficile. Il se trouve que les solutions expos\u00e9es ici sont relativement efficaces MAIS il vous faut imp\u00e9rativement aller consulter un m\u00e9decin pour pouvoir \u00eatre <b>soign\u00e9<\/b> en plus d&rsquo;\u00eatre soulag\u00e9.<\/span><\/p>\n<p><center><center><a href=\"http:\/\/www.amazon.fr\/gp\/search?ie=UTF8&amp;camp=1642&amp;creative=6746&amp;index=books&amp;keywords=acupuncture&amp;linkCode=ur2&amp;tag=technidemassa-21\" target=\"_blank\" rel=\"noopener noreferrer\">lien vers des livres d&rsquo;acupuncture<\/a><img src=\"http:\/\/www.assoc-amazon.fr\/e\/ir?t=technidemassa-21&amp;l=ur2&amp;o=8\" alt=\"\" width=\"1\" height=\"1\" border=\"0\" \/><\/center><\/center><\/p>\n","protected":false},"excerpt":{"rendered":"<p>Le mal de t\u00eate est en fait une maladie universelle, elle peut \u00eatre caus\u00e9e par de tr\u00e8s nombreuses causes : grippe, indigestion, tumeurs, stress, coups de sang&#8230; Mais un chose est simple \u00e0 d\u00e9terminer, c&rsquo;est sa localisation. Dans cette page, nous verrons comment combattre la douleur si elle est situ\u00e9e sur la nuque ou l&rsquo;occiput. &hellip; <\/p>\n<p class=\"link-more\"><a href=\"https:\/\/www.igatamus.com\/bgc\/technique-de-massage-des-points-dacupuncture\/nuque\/\" class=\"more-link\">Continuer la lecture<span class=\"screen-reader-text\"> de &laquo;&nbsp;Nuque&nbsp;&raquo;<\/span><\/a><\/p>\n","protected":false},"author":1,"featured_media":0,"parent":431,"menu_order":38,"comment_status":"closed","ping_status":"closed","template":"","meta":[],"_links":{"self":[{"href":"https:\/\/www.igatamus.com\/bgc\/wp-json\/wp\/v2\/pages\/546"}],"collection":[{"href":"https:\/\/www.igatamus.com\/bgc\/wp-json\/wp\/v2\/pages"}],"about":[{"href":"https:\/\/www.igatamus.com\/bgc\/wp-json\/wp\/v2\/types\/page"}],"author":[{"embeddable":true,"href":"https:\/\/www.igatamus.com\/bgc\/wp-json\/wp\/v2\/users\/1"}],"replies":[{"embeddable":true,"href":"https:\/\/www.igatamus.com\/bgc\/wp-json\/wp\/v2\/comments?post=546"}],"version-history":[{"count":2,"href":"https:\/\/www.igatamus.com\/bgc\/wp-json\/wp\/v2\/pages\/546\/revisions"}],"predecessor-version":[{"id":548,"href":"https:\/\/www.igatamus.com\/bgc\/wp-json\/wp\/v2\/pages\/546\/revisions\/548"}],"up":[{"embeddable":true,"href":"https:\/\/www.igatamus.com\/bgc\/wp-json\/wp\/v2\/pages\/431"}],"wp:attachment":[{"href":"https:\/\/www.igatamus.com\/bgc\/wp-json\/wp\/v2\/media?parent=546"}],"curies":[{"name":"wp","href":"https:\/\/api.w.org\/{rel}","templated":true}]}}