{"id":543,"date":"2018-01-21T15:54:21","date_gmt":"2018-01-21T14:54:21","guid":{"rendered":"http:\/\/www.igatamus.com\/bgc\/?page_id=543"},"modified":"2018-01-21T15:56:51","modified_gmt":"2018-01-21T14:56:51","slug":"tempes-front","status":"publish","type":"page","link":"https:\/\/www.igatamus.com\/bgc\/technique-de-massage-des-points-dacupuncture\/tempes-front\/","title":{"rendered":"Tempes, front"},"content":{"rendered":"<p>Le mal de t\u00eate est en fait une maladie universelle, elle peut \u00eatre caus\u00e9e par de tr\u00e8s nombreuses causes : grippe, indigestion, tumeurs, stress, coups de sang&#8230;<\/p>\n<p>Mais un chose est simple \u00e0 d\u00e9terminer, c&rsquo;est sa localisation. Dans cette page, nous verrons comment combattre la douleur si elle est situ\u00e9e sur le front et les tempes. Mais elle peut \u00e9galement se situer sur <a href=\"http:\/\/vidauban.pagesperso-orange.fr\/medchin\/nuque.html\">la nuque et l&rsquo;occiput<\/a> ou bien sur <a href=\"http:\/\/vidauban.pagesperso-orange.fr\/medchin\/global.html\">le haut du cr\u00e2ne et englober toute la t\u00eate<\/a>.<\/p>\n<table border=\"0\" cellspacing=\"0\" cellpadding=\"0\">\n<tbody>\n<tr>\n<td width=\"50%\"><b><i>Le point est situ\u00e9 un tout petit peu au-dessus de l&rsquo;endroit o\u00f9 l&rsquo;on prend le poul.<\/i><\/b><\/p>\n<p>Pour le trouver sur la main droite par exemple, mettez votre main bien \u00e0 plat, paume en haut, pouce \u00e9cart\u00e9. enfourchez le pouce avec la main gauche, fermez votre main autour du pouce mais garder votre index pour pointer vers le bras, son extr\u00e9mit\u00e9 pointe alors sur le point concern\u00e9.<\/p>\n<p>Sur la figure ci-contre, nous voyons comment le trouver sur un patient en utilisant la m\u00eame main (gauche-gauche, droite-droite).<\/td>\n<td width=\"50%\">\n<p align=\"CENTER\"><img src=\"http:\/\/vidauban.pagesperso-orange.fr\/medchin\/tete1.gif\" width=\"277\" height=\"151\" align=\"BOTTOM\" border=\"0\" \/><\/p>\n<\/td>\n<\/tr>\n<\/tbody>\n<\/table>\n<p><b>ATTENTION : quand le mal est situ\u00e9 sur tout le front, il faut stimuler les deux c\u00f4t\u00e9s, quand le mal est situ\u00e9 sur un seul c\u00f4t\u00e9,<i> <\/i><tt>il faut stimuler le point du c\u00f4t\u00e9 oppos\u00e9.<\/tt><\/b><\/p>\n<p><span style=\"font-size: xx-small;\">ATTENTION : ces pages ont \u00e9t\u00e9 r\u00e9alis\u00e9es \u00e0 partir de documents existants : livres, cours, publicit\u00e9s m\u00e9dicales&#8230; Nous tenons \u00e0 pr\u00e9venir l&rsquo;internaute lecteur de ces pages qu&rsquo;il ne s&rsquo;agit en aucun cas de pratiquer la m\u00e9decine mais de soulager par simples massages, des \u00e9tats douloureux comme par exemple se masser la nuque pour se d\u00e9tendre en rentrant d&rsquo;une journ\u00e9e particuli\u00e8rement difficile. Il se trouve que les solutions expos\u00e9es ici sont relativement efficaces MAIS il vous faut imp\u00e9rativement aller consulter un m\u00e9decin pour pouvoir \u00eatre <b>soign\u00e9<\/b> en plus d&rsquo;\u00eatre soulag\u00e9.<\/span><\/p>\n<p><center><br \/>\n<a href=\"http:\/\/www.amazon.fr\/gp\/search?ie=UTF8&amp;camp=1642&amp;creative=6746&amp;index=books&amp;keywords=acupuncture&amp;linkCode=ur2&amp;tag=technidemassa-21\" target=\"_blank\" rel=\"noopener noreferrer\">lien vers des livres d&rsquo;acupuncture<\/a><img src=\"http:\/\/www.assoc-amazon.fr\/e\/ir?t=technidemassa-21&amp;l=ur2&amp;o=8\" alt=\"\" width=\"1\" height=\"1\" border=\"0\" \/><\/center><\/p>\n","protected":false},"excerpt":{"rendered":"<p>Le mal de t\u00eate est en fait une maladie universelle, elle peut \u00eatre caus\u00e9e par de tr\u00e8s nombreuses causes : grippe, indigestion, tumeurs, stress, coups de sang&#8230; Mais un chose est simple \u00e0 d\u00e9terminer, c&rsquo;est sa localisation. Dans cette page, nous verrons comment combattre la douleur si elle est situ\u00e9e sur le front et les &hellip; <\/p>\n<p class=\"link-more\"><a href=\"https:\/\/www.igatamus.com\/bgc\/technique-de-massage-des-points-dacupuncture\/tempes-front\/\" class=\"more-link\">Continuer la lecture<span class=\"screen-reader-text\"> de &laquo;&nbsp;Tempes, front&nbsp;&raquo;<\/span><\/a><\/p>\n","protected":false},"author":1,"featured_media":0,"parent":431,"menu_order":45,"comment_status":"closed","ping_status":"closed","template":"","meta":[],"_links":{"self":[{"href":"https:\/\/www.igatamus.com\/bgc\/wp-json\/wp\/v2\/pages\/543"}],"collection":[{"href":"https:\/\/www.igatamus.com\/bgc\/wp-json\/wp\/v2\/pages"}],"about":[{"href":"https:\/\/www.igatamus.com\/bgc\/wp-json\/wp\/v2\/types\/page"}],"author":[{"embeddable":true,"href":"https:\/\/www.igatamus.com\/bgc\/wp-json\/wp\/v2\/users\/1"}],"replies":[{"embeddable":true,"href":"https:\/\/www.igatamus.com\/bgc\/wp-json\/wp\/v2\/comments?post=543"}],"version-history":[{"count":2,"href":"https:\/\/www.igatamus.com\/bgc\/wp-json\/wp\/v2\/pages\/543\/revisions"}],"predecessor-version":[{"id":545,"href":"https:\/\/www.igatamus.com\/bgc\/wp-json\/wp\/v2\/pages\/543\/revisions\/545"}],"up":[{"embeddable":true,"href":"https:\/\/www.igatamus.com\/bgc\/wp-json\/wp\/v2\/pages\/431"}],"wp:attachment":[{"href":"https:\/\/www.igatamus.com\/bgc\/wp-json\/wp\/v2\/media?parent=543"}],"curies":[{"name":"wp","href":"https:\/\/api.w.org\/{rel}","templated":true}]}}