{"id":541,"date":"2018-01-21T15:52:52","date_gmt":"2018-01-21T14:52:52","guid":{"rendered":"http:\/\/www.igatamus.com\/bgc\/?page_id=541"},"modified":"2018-01-21T15:52:52","modified_gmt":"2018-01-21T14:52:52","slug":"tabac","status":"publish","type":"page","link":"https:\/\/www.igatamus.com\/bgc\/technique-de-massage-des-points-dacupuncture\/tabac\/","title":{"rendered":"Tabac"},"content":{"rendered":"<p>L&rsquo;intoxication par le tabac est combattue par d&rsquo;une par le point de la drogue d\u00e9crit \u00e0 la page <a href=\"https:\/\/www.igatamus.com\/bgc\/technique-de-massage-des-points-dacupuncture\/intoxication-drogue-alcool\/\">\u00ab\u00a0intoxication\u00a0\u00bb<\/a> et d&rsquo;autre part les deux points suivants:<\/p>\n<table border=\"0\" cellspacing=\"0\" cellpadding=\"0\">\n<tbody>\n<tr>\n<td width=\"50%\"><b><i>Ces points sont situ\u00e9s dans l&rsquo;oreille, le premier est situ\u00e9 juste sous le petit bout de chair qui constitue la racine de l&rsquo;oreille appel\u00e9 racine de l&rsquo;h\u00e9lix.<\/p>\n<p>Le second pointe juste en arri\u00e8re comme le montre la figure.<\/p>\n<p>Ces points sont difficiles \u00e0 trouver en accupuncture traditionnelle mais avec l&rsquo;autotraitement, pas de probl\u00e8me, il suffit de masser plusieurs fois par jour ces points et le sevrage du tabac est support\u00e9 plus facilement.<\/i><\/b><\/td>\n<td width=\"50%\">\n<p align=\"CENTER\"><img src=\"http:\/\/vidauban.pagesperso-orange.fr\/medchin\/tabac.gif\" width=\"126\" height=\"172\" align=\"BOTTOM\" border=\"0\" \/><\/p>\n<\/td>\n<\/tr>\n<\/tbody>\n<\/table>\n<p><span style=\"font-size: xx-small;\">ATTENTION : ces pages ont \u00e9t\u00e9 r\u00e9alis\u00e9es \u00e0 partir de documents existants : livres, cours, publicit\u00e9s m\u00e9dicales&#8230; Nous tenons \u00e0 pr\u00e9venir l&rsquo;internaute lecteur de ces pages qu&rsquo;il ne s&rsquo;agit en aucun cas de pratiquer la m\u00e9decine mais de soulager par simples massages, des \u00e9tats douloureux comme par exemple se masser la nuque pour se d\u00e9tendre en rentrant d&rsquo;une journ\u00e9e particuli\u00e8rement difficile. Il se trouve que les solutions expos\u00e9es ici sont relativement efficaces MAIS il vous faut imp\u00e9rativement aller consulter un m\u00e9decin pour pouvoir \u00eatre <b>soign\u00e9<\/b> en plus d&rsquo;\u00eatre soulag\u00e9.<\/span><\/p>\n<p><center><br \/>\n<a href=\"http:\/\/www.amazon.fr\/gp\/search?ie=UTF8&amp;camp=1642&amp;creative=6746&amp;index=books&amp;keywords=acupuncture&amp;linkCode=ur2&amp;tag=technidemassa-21\" target=\"_blank\" rel=\"noopener noreferrer\">lien vers des livres d&rsquo;acupuncture<\/a><img src=\"http:\/\/www.assoc-amazon.fr\/e\/ir?t=technidemassa-21&amp;l=ur2&amp;o=8\" alt=\"\" width=\"1\" height=\"1\" border=\"0\" \/><\/center><\/p>\n","protected":false},"excerpt":{"rendered":"<p>L&rsquo;intoxication par le tabac est combattue par d&rsquo;une par le point de la drogue d\u00e9crit \u00e0 la page \u00ab\u00a0intoxication\u00a0\u00bb et d&rsquo;autre part les deux points suivants: Ces points sont situ\u00e9s dans l&rsquo;oreille, le premier est situ\u00e9 juste sous le petit bout de chair qui constitue la racine de l&rsquo;oreille appel\u00e9 racine de l&rsquo;h\u00e9lix. Le second &hellip; <\/p>\n<p class=\"link-more\"><a href=\"https:\/\/www.igatamus.com\/bgc\/technique-de-massage-des-points-dacupuncture\/tabac\/\" class=\"more-link\">Continuer la lecture<span class=\"screen-reader-text\"> de &laquo;&nbsp;Tabac&nbsp;&raquo;<\/span><\/a><\/p>\n","protected":false},"author":1,"featured_media":0,"parent":431,"menu_order":44,"comment_status":"closed","ping_status":"closed","template":"","meta":[],"_links":{"self":[{"href":"https:\/\/www.igatamus.com\/bgc\/wp-json\/wp\/v2\/pages\/541"}],"collection":[{"href":"https:\/\/www.igatamus.com\/bgc\/wp-json\/wp\/v2\/pages"}],"about":[{"href":"https:\/\/www.igatamus.com\/bgc\/wp-json\/wp\/v2\/types\/page"}],"author":[{"embeddable":true,"href":"https:\/\/www.igatamus.com\/bgc\/wp-json\/wp\/v2\/users\/1"}],"replies":[{"embeddable":true,"href":"https:\/\/www.igatamus.com\/bgc\/wp-json\/wp\/v2\/comments?post=541"}],"version-history":[{"count":1,"href":"https:\/\/www.igatamus.com\/bgc\/wp-json\/wp\/v2\/pages\/541\/revisions"}],"predecessor-version":[{"id":542,"href":"https:\/\/www.igatamus.com\/bgc\/wp-json\/wp\/v2\/pages\/541\/revisions\/542"}],"up":[{"embeddable":true,"href":"https:\/\/www.igatamus.com\/bgc\/wp-json\/wp\/v2\/pages\/431"}],"wp:attachment":[{"href":"https:\/\/www.igatamus.com\/bgc\/wp-json\/wp\/v2\/media?parent=541"}],"curies":[{"name":"wp","href":"https:\/\/api.w.org\/{rel}","templated":true}]}}