{"id":537,"date":"2018-01-21T15:50:42","date_gmt":"2018-01-21T14:50:42","guid":{"rendered":"http:\/\/www.igatamus.com\/bgc\/?page_id=537"},"modified":"2018-01-21T15:50:42","modified_gmt":"2018-01-21T14:50:42","slug":"sterilite-feminine","status":"publish","type":"page","link":"https:\/\/www.igatamus.com\/bgc\/technique-de-massage-des-points-dacupuncture\/sterilite-feminine\/","title":{"rendered":"St\u00e9rilit\u00e9 f\u00e9minine"},"content":{"rendered":"<p>Pour les chinois, la frigidit\u00e9 est en fait une st\u00e9rilit\u00e9 de l&rsquo;individu par le fait qu&rsquo;il emp\u00eache la reproduction.<\/p>\n<p>Deux points permettent de traiter le probl\u00e8me, l&rsquo;un se situe dans la main, l&rsquo;autre sur la jambe.<\/p>\n<table border=\"0\" cellspacing=\"0\" cellpadding=\"0\">\n<tbody>\n<tr>\n<td width=\"50%\"><b><i>Le premier point, celui de la jambe est situ\u00e9 sur le c\u00f4t\u00e9 int\u00e9rieur de la jambe.<\/p>\n<p>Il faut rep\u00e9rer le tibias, pr\u00e8s du genou, en descendant le long, sur le bord arri\u00e8re, il y a un angle form\u00e9 par cet os, il suffit alors de mesurer trois doigts en dessous, c&rsquo;est l\u00e0.<\/i><\/b><\/td>\n<td width=\"50%\">\n<p align=\"CENTER\"><img src=\"http:\/\/vidauban.pagesperso-orange.fr\/medchin\/frigid1.gif\" width=\"114\" height=\"232\" align=\"BOTTOM\" border=\"0\" \/><\/p>\n<\/td>\n<\/tr>\n<\/tbody>\n<\/table>\n<table border=\"0\" cellspacing=\"0\" cellpadding=\"0\">\n<tbody>\n<tr>\n<td width=\"50%\"><b><i>Le second point est dans la paume de la main.<\/p>\n<p>Pour le trouver, c&rsquo;est tr\u00e8s simple, il suffit de replier l&rsquo;annulaire sur la ligne de t\u00eate.<\/p>\n<p>Le bout du doigt indique alors le point.<\/i><\/b><\/td>\n<td width=\"50%\">\n<p align=\"CENTER\"><img src=\"http:\/\/vidauban.pagesperso-orange.fr\/medchin\/frigid2.gif\" width=\"294\" height=\"210\" align=\"BOTTOM\" border=\"0\" \/><\/p>\n<\/td>\n<\/tr>\n<\/tbody>\n<\/table>\n<p><span style=\"font-size: xx-small;\">ATTENTION : ces pages ont \u00e9t\u00e9 r\u00e9alis\u00e9es \u00e0 partir de documents existants : livres, cours, publicit\u00e9s m\u00e9dicales&#8230; Nous tenons \u00e0 pr\u00e9venir l&rsquo;internaute lecteur de ces pages qu&rsquo;il ne s&rsquo;agit en aucun cas de pratiquer la m\u00e9decine mais de soulager par simples massages, des \u00e9tats douloureux comme par exemple se masser la nuque pour se d\u00e9tendre en rentrant d&rsquo;une journ\u00e9e particuli\u00e8rement difficile. Il se trouve que les solutions expos\u00e9es ici sont relativement efficaces MAIS il vous faut imp\u00e9rativement aller consulter un m\u00e9decin pour pouvoir \u00eatre <b>soign\u00e9<\/b> en plus d&rsquo;\u00eatre soulag\u00e9.<\/span><\/p>\n<p><center><center><a href=\"http:\/\/www.amazon.fr\/gp\/search?ie=UTF8&amp;camp=1642&amp;creative=6746&amp;index=books&amp;keywords=acupuncture&amp;linkCode=ur2&amp;tag=technidemassa-21\" target=\"_blank\" rel=\"noopener noreferrer\">lien vers des livres d&rsquo;acupuncture<\/a><img src=\"http:\/\/www.assoc-amazon.fr\/e\/ir?t=technidemassa-21&amp;l=ur2&amp;o=8\" alt=\"\" width=\"1\" height=\"1\" border=\"0\" \/><\/center><\/center><\/p>\n","protected":false},"excerpt":{"rendered":"<p>Pour les chinois, la frigidit\u00e9 est en fait une st\u00e9rilit\u00e9 de l&rsquo;individu par le fait qu&rsquo;il emp\u00eache la reproduction. Deux points permettent de traiter le probl\u00e8me, l&rsquo;un se situe dans la main, l&rsquo;autre sur la jambe. Le premier point, celui de la jambe est situ\u00e9 sur le c\u00f4t\u00e9 int\u00e9rieur de la jambe. Il faut rep\u00e9rer &hellip; <\/p>\n<p class=\"link-more\"><a href=\"https:\/\/www.igatamus.com\/bgc\/technique-de-massage-des-points-dacupuncture\/sterilite-feminine\/\" class=\"more-link\">Continuer la lecture<span class=\"screen-reader-text\"> de &laquo;&nbsp;St\u00e9rilit\u00e9 f\u00e9minine&nbsp;&raquo;<\/span><\/a><\/p>\n","protected":false},"author":1,"featured_media":0,"parent":431,"menu_order":42,"comment_status":"closed","ping_status":"closed","template":"","meta":[],"_links":{"self":[{"href":"https:\/\/www.igatamus.com\/bgc\/wp-json\/wp\/v2\/pages\/537"}],"collection":[{"href":"https:\/\/www.igatamus.com\/bgc\/wp-json\/wp\/v2\/pages"}],"about":[{"href":"https:\/\/www.igatamus.com\/bgc\/wp-json\/wp\/v2\/types\/page"}],"author":[{"embeddable":true,"href":"https:\/\/www.igatamus.com\/bgc\/wp-json\/wp\/v2\/users\/1"}],"replies":[{"embeddable":true,"href":"https:\/\/www.igatamus.com\/bgc\/wp-json\/wp\/v2\/comments?post=537"}],"version-history":[{"count":1,"href":"https:\/\/www.igatamus.com\/bgc\/wp-json\/wp\/v2\/pages\/537\/revisions"}],"predecessor-version":[{"id":538,"href":"https:\/\/www.igatamus.com\/bgc\/wp-json\/wp\/v2\/pages\/537\/revisions\/538"}],"up":[{"embeddable":true,"href":"https:\/\/www.igatamus.com\/bgc\/wp-json\/wp\/v2\/pages\/431"}],"wp:attachment":[{"href":"https:\/\/www.igatamus.com\/bgc\/wp-json\/wp\/v2\/media?parent=537"}],"curies":[{"name":"wp","href":"https:\/\/api.w.org\/{rel}","templated":true}]}}