{"id":535,"date":"2018-01-21T15:49:17","date_gmt":"2018-01-21T14:49:17","guid":{"rendered":"http:\/\/www.igatamus.com\/bgc\/?page_id=535"},"modified":"2018-01-21T15:49:17","modified_gmt":"2018-01-21T14:49:17","slug":"impuissance-masculine","status":"publish","type":"page","link":"https:\/\/www.igatamus.com\/bgc\/technique-de-massage-des-points-dacupuncture\/impuissance-masculine\/","title":{"rendered":"Impuissance masculine"},"content":{"rendered":"<p>La pens\u00e9e chinoise consid\u00e8re que de nombreux facteurs interviennent dans l&rsquo;impuissance masculine : malformation de l&rsquo;appareil g\u00e9nital, infection graves&#8230; Mais de nos jours, il s&rsquo;agit souvent d&rsquo;un \u00e9puisement tant physique que psychologique li\u00e9s aux probl\u00e8mes de pollution ou plus encore aux exigences de la vie moderne qui accaparent l&rsquo;\u00e9nergie : conditions de travail stress quotidien&#8230;<\/p>\n<p>Deux points permettent de traiter d&rsquo;une part les probl\u00e8mes temporaires mais \u00e9galement aller au fond du probl\u00e8me.<\/p>\n<table border=\"2\" cellpadding=\"0\">\n<tbody>\n<tr>\n<td width=\"50%\">\n<p align=\"CENTER\"><b><i>Le premier point se trouve sur le ventre, exactement au milieu, sur l&rsquo;axe entre le nombril et le pubis.<\/i><\/b><\/p>\n<p align=\"CENTER\"><img src=\"http:\/\/vidauban.pagesperso-orange.fr\/medchin\/impm1.gif\" width=\"153\" height=\"271\" align=\"BOTTOM\" border=\"0\" \/><\/p>\n<\/td>\n<td width=\"50%\">\n<p align=\"CENTER\"><b><i>Le second point est situ\u00e9 sur la colonne vert\u00e9brale, en bas du dos, \u00e0 quatre doigts du renflement que fait le sacrum<\/i><\/b><\/p>\n<p align=\"CENTER\"><img src=\"http:\/\/vidauban.pagesperso-orange.fr\/medchin\/impm2.gif\" width=\"132\" height=\"233\" align=\"BOTTOM\" border=\"0\" \/><\/p>\n<\/td>\n<\/tr>\n<\/tbody>\n<\/table>\n<p><span style=\"font-size: xx-small;\">ATTENTION : ces pages ont \u00e9t\u00e9 r\u00e9alis\u00e9es \u00e0 partir de documents existants : livres, cours, publicit\u00e9s m\u00e9dicales&#8230; Nous tenons \u00e0 pr\u00e9venir l&rsquo;internaute lecteur de ces pages qu&rsquo;il ne s&rsquo;agit en aucun cas de pratiquer la m\u00e9decine mais de soulager par simples massages, des \u00e9tats douloureux comme par exemple se masser la nuque pour se d\u00e9tendre en rentrant d&rsquo;une journ\u00e9e particuli\u00e8rement difficile. Il se trouve que les solutions expos\u00e9es ici sont relativement efficaces MAIS il vous faut imp\u00e9rativement aller consulter un m\u00e9decin pour pouvoir \u00eatre <b>soign\u00e9<\/b> en plus d&rsquo;\u00eatre soulag\u00e9.<\/span><\/p>\n<p><center><center><a href=\"http:\/\/www.amazon.fr\/gp\/search?ie=UTF8&amp;camp=1642&amp;creative=6746&amp;index=books&amp;keywords=acupuncture&amp;linkCode=ur2&amp;tag=technidemassa-21\" target=\"_blank\" rel=\"noopener noreferrer\">lien vers des livres d&rsquo;acupuncture<\/a><img src=\"http:\/\/www.assoc-amazon.fr\/e\/ir?t=technidemassa-21&amp;l=ur2&amp;o=8\" alt=\"\" width=\"1\" height=\"1\" border=\"0\" \/><\/center><\/center><\/p>\n","protected":false},"excerpt":{"rendered":"<p>La pens\u00e9e chinoise consid\u00e8re que de nombreux facteurs interviennent dans l&rsquo;impuissance masculine : malformation de l&rsquo;appareil g\u00e9nital, infection graves&#8230; Mais de nos jours, il s&rsquo;agit souvent d&rsquo;un \u00e9puisement tant physique que psychologique li\u00e9s aux probl\u00e8mes de pollution ou plus encore aux exigences de la vie moderne qui accaparent l&rsquo;\u00e9nergie : conditions de travail stress quotidien&#8230; &hellip; <\/p>\n<p class=\"link-more\"><a href=\"https:\/\/www.igatamus.com\/bgc\/technique-de-massage-des-points-dacupuncture\/impuissance-masculine\/\" class=\"more-link\">Continuer la lecture<span class=\"screen-reader-text\"> de &laquo;&nbsp;Impuissance masculine&nbsp;&raquo;<\/span><\/a><\/p>\n","protected":false},"author":1,"featured_media":0,"parent":431,"menu_order":28,"comment_status":"closed","ping_status":"closed","template":"","meta":[],"_links":{"self":[{"href":"https:\/\/www.igatamus.com\/bgc\/wp-json\/wp\/v2\/pages\/535"}],"collection":[{"href":"https:\/\/www.igatamus.com\/bgc\/wp-json\/wp\/v2\/pages"}],"about":[{"href":"https:\/\/www.igatamus.com\/bgc\/wp-json\/wp\/v2\/types\/page"}],"author":[{"embeddable":true,"href":"https:\/\/www.igatamus.com\/bgc\/wp-json\/wp\/v2\/users\/1"}],"replies":[{"embeddable":true,"href":"https:\/\/www.igatamus.com\/bgc\/wp-json\/wp\/v2\/comments?post=535"}],"version-history":[{"count":1,"href":"https:\/\/www.igatamus.com\/bgc\/wp-json\/wp\/v2\/pages\/535\/revisions"}],"predecessor-version":[{"id":536,"href":"https:\/\/www.igatamus.com\/bgc\/wp-json\/wp\/v2\/pages\/535\/revisions\/536"}],"up":[{"embeddable":true,"href":"https:\/\/www.igatamus.com\/bgc\/wp-json\/wp\/v2\/pages\/431"}],"wp:attachment":[{"href":"https:\/\/www.igatamus.com\/bgc\/wp-json\/wp\/v2\/media?parent=535"}],"curies":[{"name":"wp","href":"https:\/\/api.w.org\/{rel}","templated":true}]}}