{"id":532,"date":"2018-01-21T15:47:22","date_gmt":"2018-01-21T14:47:22","guid":{"rendered":"http:\/\/www.igatamus.com\/bgc\/?page_id=532"},"modified":"2018-01-21T15:48:42","modified_gmt":"2018-01-21T14:48:42","slug":"sciatique","status":"publish","type":"page","link":"https:\/\/www.igatamus.com\/bgc\/technique-de-massage-des-points-dacupuncture\/sciatique\/","title":{"rendered":"Sciatique"},"content":{"rendered":"<p>La sciatique comme tout un chacun a pu s&rsquo;en rendre compte est extr\u00eamement dououreuse. Il s&rsquo;agit, comme son nom l&rsquo;indique d&rsquo;une compression, \u00e0 un endroit ou l&rsquo;autre du nerf sciatique qui prends naissance par plusieurs racines au niveau de la colonne vert\u00e9brale lombaire, puis les racines se regroupent en un seul tronc qui descend dans la fesse, l&rsquo;arri\u00e8re de la cuisse, la jambe et boutit aux orteils.<\/p>\n<p>Si toutefois une manipulation n&rsquo;a pu d\u00e9coincer la racine nerveuse comprim\u00e9e, il est alors n\u00e9cessaire d&rsquo;utiliser des calmants, des infiltrations et parfois une intervention chirurgicale est n\u00e9cessaire.<\/p>\n<p>Mais avant tout, est-il possible de soulager la douleur ? OUI, un point est parfaitement utile pour cela bien qu&rsquo;il permette \u00e9galement de soulager toutes les douleurs li\u00e9es aux membres inf\u00e9rieurs.C&rsquo;est le m\u00eame que celui utilis\u00e9 pour les douleurs de la <a href=\"https:\/\/www.igatamus.com\/bgc\/technique-de-massage-des-points-dacupuncture\/douleur-de-la-hanche\/\">hanche<\/a>.<\/p>\n<table border=\"0\" cellspacing=\"0\" cellpadding=\"0\">\n<tbody>\n<tr>\n<td width=\"50%\"><b><i>Allongez-vous sur le c\u00f4t\u00e9 oppos\u00e9 \u00e0 votre douleur.<\/i><\/b><\/p>\n<p>Mettez la jambe malade sur l&rsquo;autre jambe en la fl\u00e9chissant \u00e0 demi.<\/p>\n<p>Mettez vos quatre derniers doigts sur le haut de la cr\u00eate illiaque. Le pouce plac\u00e9 \u00e0 angle droit par rapport aux autres doigts indique en se rabattant sur la fesse l&#8217;emplacement exact du point.<\/p>\n<p align=\"CENTER\"><img src=\"http:\/\/vidauban.pagesperso-orange.fr\/medchin\/hanche.gif\" width=\"261\" height=\"101\" align=\"BOTTOM\" border=\"0\" \/><\/p>\n<\/td>\n<td width=\"50%\">\n<p align=\"CENTER\"><img src=\"http:\/\/vidauban.pagesperso-orange.fr\/medchin\/hanche.jpg\" width=\"291\" height=\"225\" align=\"BOTTOM\" border=\"0\" \/><\/p>\n<\/td>\n<\/tr>\n<\/tbody>\n<\/table>\n<p><span style=\"font-size: xx-small;\">ATTENTION : ces pages ont \u00e9t\u00e9 r\u00e9alis\u00e9es \u00e0 partir de documents existants : livres, cours, publicit\u00e9s m\u00e9dicales&#8230; Nous tenons \u00e0 pr\u00e9venir l&rsquo;internaute lecteur de ces pages qu&rsquo;il ne s&rsquo;agit en aucun cas de pratiquer la m\u00e9decine mais de soulager par simples massages, des \u00e9tats douloureux comme par exemple se masser la nuque pour se d\u00e9tendre en rentrant d&rsquo;une journ\u00e9e particuli\u00e8rement difficile. Il se trouve que les solutions expos\u00e9es ici sont relativement efficaces MAIS il vous faut imp\u00e9rativement aller consulter un m\u00e9decin pour pouvoir \u00eatre <b>soign\u00e9<\/b> en plus d&rsquo;\u00eatre soulag\u00e9.<\/span><\/p>\n<p><center><br \/>\n<a href=\"http:\/\/www.amazon.fr\/gp\/search?ie=UTF8&amp;camp=1642&amp;creative=6746&amp;index=books&amp;keywords=acupuncture&amp;linkCode=ur2&amp;tag=technidemassa-21\" target=\"_blank\" rel=\"noopener noreferrer\">lien vers des livres d&rsquo;acupuncture<\/a><img src=\"http:\/\/www.assoc-amazon.fr\/e\/ir?t=technidemassa-21&amp;l=ur2&amp;o=8\" alt=\"\" width=\"1\" height=\"1\" border=\"0\" \/><\/center><\/p>\n","protected":false},"excerpt":{"rendered":"<p>La sciatique comme tout un chacun a pu s&rsquo;en rendre compte est extr\u00eamement dououreuse. Il s&rsquo;agit, comme son nom l&rsquo;indique d&rsquo;une compression, \u00e0 un endroit ou l&rsquo;autre du nerf sciatique qui prends naissance par plusieurs racines au niveau de la colonne vert\u00e9brale lombaire, puis les racines se regroupent en un seul tronc qui descend dans &hellip; <\/p>\n<p class=\"link-more\"><a href=\"https:\/\/www.igatamus.com\/bgc\/technique-de-massage-des-points-dacupuncture\/sciatique\/\" class=\"more-link\">Continuer la lecture<span class=\"screen-reader-text\"> de &laquo;&nbsp;Sciatique&nbsp;&raquo;<\/span><\/a><\/p>\n","protected":false},"author":1,"featured_media":0,"parent":431,"menu_order":41,"comment_status":"closed","ping_status":"closed","template":"","meta":[],"_links":{"self":[{"href":"https:\/\/www.igatamus.com\/bgc\/wp-json\/wp\/v2\/pages\/532"}],"collection":[{"href":"https:\/\/www.igatamus.com\/bgc\/wp-json\/wp\/v2\/pages"}],"about":[{"href":"https:\/\/www.igatamus.com\/bgc\/wp-json\/wp\/v2\/types\/page"}],"author":[{"embeddable":true,"href":"https:\/\/www.igatamus.com\/bgc\/wp-json\/wp\/v2\/users\/1"}],"replies":[{"embeddable":true,"href":"https:\/\/www.igatamus.com\/bgc\/wp-json\/wp\/v2\/comments?post=532"}],"version-history":[{"count":2,"href":"https:\/\/www.igatamus.com\/bgc\/wp-json\/wp\/v2\/pages\/532\/revisions"}],"predecessor-version":[{"id":534,"href":"https:\/\/www.igatamus.com\/bgc\/wp-json\/wp\/v2\/pages\/532\/revisions\/534"}],"up":[{"embeddable":true,"href":"https:\/\/www.igatamus.com\/bgc\/wp-json\/wp\/v2\/pages\/431"}],"wp:attachment":[{"href":"https:\/\/www.igatamus.com\/bgc\/wp-json\/wp\/v2\/media?parent=532"}],"curies":[{"name":"wp","href":"https:\/\/api.w.org\/{rel}","templated":true}]}}