{"id":525,"date":"2018-01-21T15:44:38","date_gmt":"2018-01-21T14:44:38","guid":{"rendered":"http:\/\/www.igatamus.com\/bgc\/?page_id=525"},"modified":"2018-01-21T15:44:38","modified_gmt":"2018-01-21T14:44:38","slug":"palpitations","status":"publish","type":"page","link":"https:\/\/www.igatamus.com\/bgc\/technique-de-massage-des-points-dacupuncture\/palpitations\/","title":{"rendered":"Palpitations"},"content":{"rendered":"<p>De temps en temps, il est possible que la r\u00e9gulation de notre organisme pose probl\u00e8me, il peut arriver des ph\u00e9nom\u00e8nes comme la tachycardie ou la bradycardie il peut \u00e9galement y avoir des battements du c\u00faur en dehors du rythme r\u00e9gulier, on parle alors d&rsquo;extrasystole.<\/p>\n<p>Lors d&rsquo;un probl\u00e8me de ce type, il est possible de rattraper un fonctionnement dit normal gr\u00e2ce \u00e0 un point d&rsquo;acupuncture.<\/p>\n<table border=\"0\" cellspacing=\"0\" cellpadding=\"0\">\n<tbody>\n<tr>\n<td width=\"50%\"><b><i>Ce point est situ\u00e9 en avant du poignet, sur le pli inf\u00e9rieur et du c\u00f4t\u00e9 du petit doigt<\/p>\n<p>Pour le trouver exactement, il suffit de prolonger le petit doigtvers le poignet et on trouve un point douloureux sur la saillie ant\u00e9rieure du poignet, imm\u00e9diatement au-dessus du pli.<\/i><\/b><\/td>\n<td width=\"50%\">\n<p align=\"CENTER\"><img src=\"http:\/\/vidauban.pagesperso-orange.fr\/medchin\/palpita.gif\" width=\"274\" height=\"170\" align=\"BOTTOM\" border=\"0\" \/><\/p>\n<\/td>\n<\/tr>\n<\/tbody>\n<\/table>\n<p><span style=\"font-size: xx-small;\">ATTENTION : ces pages ont \u00e9t\u00e9 r\u00e9alis\u00e9es \u00e0 partir de documents existants : livres, cours, publicit\u00e9s m\u00e9dicales&#8230; Nous tenons \u00e0 pr\u00e9venir l&rsquo;internaute lecteur de ces pages qu&rsquo;il ne s&rsquo;agit en aucun cas de pratiquer la m\u00e9decine mais de soulager par simples massages, des \u00e9tats douloureux comme par exemple se masser la nuque pour se d\u00e9tendre en rentrant d&rsquo;une journ\u00e9e particuli\u00e8rement difficile. Il se trouve que les solutions expos\u00e9es ici sont relativement efficaces MAIS il vous faut imp\u00e9rativement aller consulter un m\u00e9decin pour pouvoir \u00eatre <b>soign\u00e9<\/b> en plus d&rsquo;\u00eatre soulag\u00e9.<\/span><\/p>\n<p><center><br \/>\n<a href=\"http:\/\/www.amazon.fr\/gp\/search?ie=UTF8&amp;camp=1642&amp;creative=6746&amp;index=books&amp;keywords=acupuncture&amp;linkCode=ur2&amp;tag=technidemassa-21\" target=\"_blank\" rel=\"noopener noreferrer\">lien vers des livres d&rsquo;acupuncture<\/a><img src=\"http:\/\/www.assoc-amazon.fr\/e\/ir?t=technidemassa-21&amp;l=ur2&amp;o=8\" alt=\"\" width=\"1\" height=\"1\" border=\"0\" \/><\/center><\/p>\n","protected":false},"excerpt":{"rendered":"<p>De temps en temps, il est possible que la r\u00e9gulation de notre organisme pose probl\u00e8me, il peut arriver des ph\u00e9nom\u00e8nes comme la tachycardie ou la bradycardie il peut \u00e9galement y avoir des battements du c\u00faur en dehors du rythme r\u00e9gulier, on parle alors d&rsquo;extrasystole. Lors d&rsquo;un probl\u00e8me de ce type, il est possible de rattraper &hellip; <\/p>\n<p class=\"link-more\"><a href=\"https:\/\/www.igatamus.com\/bgc\/technique-de-massage-des-points-dacupuncture\/palpitations\/\" class=\"more-link\">Continuer la lecture<span class=\"screen-reader-text\"> de &laquo;&nbsp;Palpitations&nbsp;&raquo;<\/span><\/a><\/p>\n","protected":false},"author":1,"featured_media":0,"parent":431,"menu_order":38,"comment_status":"closed","ping_status":"closed","template":"","meta":[],"_links":{"self":[{"href":"https:\/\/www.igatamus.com\/bgc\/wp-json\/wp\/v2\/pages\/525"}],"collection":[{"href":"https:\/\/www.igatamus.com\/bgc\/wp-json\/wp\/v2\/pages"}],"about":[{"href":"https:\/\/www.igatamus.com\/bgc\/wp-json\/wp\/v2\/types\/page"}],"author":[{"embeddable":true,"href":"https:\/\/www.igatamus.com\/bgc\/wp-json\/wp\/v2\/users\/1"}],"replies":[{"embeddable":true,"href":"https:\/\/www.igatamus.com\/bgc\/wp-json\/wp\/v2\/comments?post=525"}],"version-history":[{"count":1,"href":"https:\/\/www.igatamus.com\/bgc\/wp-json\/wp\/v2\/pages\/525\/revisions"}],"predecessor-version":[{"id":526,"href":"https:\/\/www.igatamus.com\/bgc\/wp-json\/wp\/v2\/pages\/525\/revisions\/526"}],"up":[{"embeddable":true,"href":"https:\/\/www.igatamus.com\/bgc\/wp-json\/wp\/v2\/pages\/431"}],"wp:attachment":[{"href":"https:\/\/www.igatamus.com\/bgc\/wp-json\/wp\/v2\/media?parent=525"}],"curies":[{"name":"wp","href":"https:\/\/api.w.org\/{rel}","templated":true}]}}