{"id":523,"date":"2018-01-21T15:43:56","date_gmt":"2018-01-21T14:43:56","guid":{"rendered":"http:\/\/www.igatamus.com\/bgc\/?page_id=523"},"modified":"2018-01-21T15:43:56","modified_gmt":"2018-01-21T14:43:56","slug":"oedeme","status":"publish","type":"page","link":"https:\/\/www.igatamus.com\/bgc\/technique-de-massage-des-points-dacupuncture\/oedeme\/","title":{"rendered":"\u0152d\u00e8me"},"content":{"rendered":"<p>Un \u0153d\u00e8me est souvent situ\u00e9 dans les membres inf\u00e9rieurs, de mani\u00e8re g\u00e9n\u00e9rale ils sont cons\u00e9cutifs \u00e0 une d\u00e9faillance des reins ou du c\u00faur. Un \u00fad\u00e8me de ce type est un ph\u00e9nom\u00e8ne complexe et rel\u00e8ve d&rsquo;une pratique m\u00e9dicale.<\/p>\n<p>D&rsquo;un autre c\u00f4t\u00e9, il est \u00e9galement possible de trouver des \u00fad\u00e8mes ayant des raisons locales caus\u00e9s par des insuffisance veineuses, en particulier chez les sujets propices aux varices et phl\u00e9bites.<\/p>\n<p>De m\u00eames il existe \u00e9galement des \u00fad\u00e8mes li\u00e9s \u00e0 des probl\u00e8mes lymphatiques, ceux-ci sont li\u00e9s \u00e0 la constitution de la malade. Il s&rsquo;agit des femmes qui d\u00e8s l&rsquo;adolescence ont pr\u00e9sent\u00e9 des jambes dits en \u00ab\u00a0poteaux t\u00e9l\u00e9graphiques\u00a0\u00bb, ph\u00e9nom\u00e8ne qui ne s&rsquo;arrange pas avec l&rsquo;\u00e2ge.<\/p>\n<p>A un moindre degr\u00e9, il y a les \u00fad\u00e8mes mall\u00e9olaires, il s&rsquo;agit d&rsquo;un gonflement derri\u00e8re la cheville surtout marqu\u00e9 en fin de journ\u00e9e chez les personnes ayant beaucoup march\u00e9 et pi\u00e9tin\u00e9. Les cas types sont les vendeuses, les commer\u00e7antes.<\/p>\n<p>En compl\u00e9ment des moyens th\u00e9rapeutiques de grande envergure et de conseils profitables comme se reposer ou dormir les pieds sur\u00e9lev\u00e9s, il existe un point d&rsquo;accupuncture qui renforce l&rsquo;action des ces moyens.<\/p>\n<table border=\"0\" cellspacing=\"0\" cellpadding=\"0\">\n<tbody>\n<tr>\n<td width=\"50%\"><b><i>Ce point est situ\u00e9 sur les pieds.<\/p>\n<p>Il est dans le prolongement de l&rsquo;espace qui s\u00e9pare le gros orteil de son voisin.<\/p>\n<p>Pour trouver le point, il suffit de remonter avec le doigt le long de ce prolongement et, lorsque l&rsquo;on sent la jonction des deux os (comme le montre la figure ci-contre) on s&rsquo;arr\u00eate, c&rsquo;est l\u00e0.<\/i><\/b><\/td>\n<td width=\"50%\">\n<p align=\"CENTER\"><img src=\"http:\/\/vidauban.pagesperso-orange.fr\/medchin\/enflure.gif\" width=\"92\" height=\"300\" align=\"BOTTOM\" border=\"0\" \/><\/p>\n<\/td>\n<\/tr>\n<\/tbody>\n<\/table>\n<p><span style=\"font-size: xx-small;\">ATTENTION : ces pages ont \u00e9t\u00e9 r\u00e9alis\u00e9es \u00e0 partir de documents existants : livres, cours, publicit\u00e9s m\u00e9dicales&#8230; Nous tenons \u00e0 pr\u00e9venir l&rsquo;internaute lecteur de ces pages qu&rsquo;il ne s&rsquo;agit en aucun cas de pratiquer la m\u00e9decine mais de soulager par simples massages, des \u00e9tats douloureux comme par exemple se masser la nuque pour se d\u00e9tendre en rentrant d&rsquo;une journ\u00e9e particuli\u00e8rement difficile. Il se trouve que les solutions expos\u00e9es ici sont relativement efficaces MAIS il vous faut imp\u00e9rativement aller consulter un m\u00e9decin pour pouvoir \u00eatre <b>soign\u00e9<\/b> en plus d&rsquo;\u00eatre soulag\u00e9.<\/span><\/p>\n<p style=\"text-align: center;\"><a href=\"http:\/\/www.amazon.fr\/gp\/search?ie=UTF8&amp;camp=1642&amp;creative=6746&amp;index=books&amp;keywords=acupuncture&amp;linkCode=ur2&amp;tag=technidemassa-21\" target=\"_blank\" rel=\"noopener noreferrer\">lien vers des livres d&rsquo;acupuncture<\/a><img src=\"http:\/\/www.assoc-amazon.fr\/e\/ir?t=technidemassa-21&amp;l=ur2&amp;o=8\" alt=\"\" width=\"1\" height=\"1\" border=\"0\" \/><\/p>\n","protected":false},"excerpt":{"rendered":"<p>Un \u0153d\u00e8me est souvent situ\u00e9 dans les membres inf\u00e9rieurs, de mani\u00e8re g\u00e9n\u00e9rale ils sont cons\u00e9cutifs \u00e0 une d\u00e9faillance des reins ou du c\u00faur. Un \u00fad\u00e8me de ce type est un ph\u00e9nom\u00e8ne complexe et rel\u00e8ve d&rsquo;une pratique m\u00e9dicale. D&rsquo;un autre c\u00f4t\u00e9, il est \u00e9galement possible de trouver des \u00fad\u00e8mes ayant des raisons locales caus\u00e9s par des &hellip; <\/p>\n<p class=\"link-more\"><a href=\"https:\/\/www.igatamus.com\/bgc\/technique-de-massage-des-points-dacupuncture\/oedeme\/\" class=\"more-link\">Continuer la lecture<span class=\"screen-reader-text\"> de &laquo;&nbsp;\u0152d\u00e8me&nbsp;&raquo;<\/span><\/a><\/p>\n","protected":false},"author":1,"featured_media":0,"parent":431,"menu_order":37,"comment_status":"closed","ping_status":"closed","template":"","meta":[],"_links":{"self":[{"href":"https:\/\/www.igatamus.com\/bgc\/wp-json\/wp\/v2\/pages\/523"}],"collection":[{"href":"https:\/\/www.igatamus.com\/bgc\/wp-json\/wp\/v2\/pages"}],"about":[{"href":"https:\/\/www.igatamus.com\/bgc\/wp-json\/wp\/v2\/types\/page"}],"author":[{"embeddable":true,"href":"https:\/\/www.igatamus.com\/bgc\/wp-json\/wp\/v2\/users\/1"}],"replies":[{"embeddable":true,"href":"https:\/\/www.igatamus.com\/bgc\/wp-json\/wp\/v2\/comments?post=523"}],"version-history":[{"count":1,"href":"https:\/\/www.igatamus.com\/bgc\/wp-json\/wp\/v2\/pages\/523\/revisions"}],"predecessor-version":[{"id":524,"href":"https:\/\/www.igatamus.com\/bgc\/wp-json\/wp\/v2\/pages\/523\/revisions\/524"}],"up":[{"embeddable":true,"href":"https:\/\/www.igatamus.com\/bgc\/wp-json\/wp\/v2\/pages\/431"}],"wp:attachment":[{"href":"https:\/\/www.igatamus.com\/bgc\/wp-json\/wp\/v2\/media?parent=523"}],"curies":[{"name":"wp","href":"https:\/\/api.w.org\/{rel}","templated":true}]}}