{"id":521,"date":"2018-01-21T15:42:49","date_gmt":"2018-01-21T14:42:49","guid":{"rendered":"http:\/\/www.igatamus.com\/bgc\/?page_id=521"},"modified":"2018-01-21T15:42:49","modified_gmt":"2018-01-21T14:42:49","slug":"nez-bouche","status":"publish","type":"page","link":"https:\/\/www.igatamus.com\/bgc\/technique-de-massage-des-points-dacupuncture\/nez-bouche\/","title":{"rendered":"Nez bouch\u00e9"},"content":{"rendered":"<h2 align=\"CENTER\">Le nez bouch\u00e9<\/h2>\n<p>Le nez bouch\u00e9 peut \u00eatre le fruit de nombreux \u00e9v\u00e9nements : sinusites allergies, rhume des foins&#8230;<\/p>\n<p>Dans tous les cas les points sont les m\u00eames, il y en a deux principaux :<\/p>\n<table border=\"0\" cellspacing=\"0\" cellpadding=\"0\">\n<tbody>\n<tr>\n<td width=\"50%\"><b><i>Le premier point, le point essentiel est situ\u00e9 sur le front, juste sur la ligne du milieu, un peu en arri\u00e8re de l&rsquo;origine des cheveux.<\/p>\n<p>Pour le rep\u00e9rer, avec le doigt prolongez l&rsquo;arr\u00eate du nez vers le haut, vous passez sur une petite bosse et tout de suite derri\u00e8re, vous trouvez un petit creux, c&rsquo;est l\u00e0 qu&rsquo;il faut appuyer et masser vigoureusement.<\/p>\n<p>A c\u00f4t\u00e9 de ce point essentiel, il existe des points accessoires mais tr\u00e8s utiles comme le point des narines situ\u00e9 \u00e0 leur base. Points \u00e0 masser en fonction de la narine bouch\u00e9e.<\/i><\/b><\/td>\n<td width=\"50%\">\n<p align=\"CENTER\"><img src=\"http:\/\/vidauban.pagesperso-orange.fr\/medchin\/nez.gif\" width=\"128\" height=\"173\" align=\"BOTTOM\" border=\"0\" \/><\/p>\n<\/td>\n<\/tr>\n<\/tbody>\n<\/table>\n<p><span style=\"font-size: xx-small;\">ATTENTION : ces pages ont \u00e9t\u00e9 r\u00e9alis\u00e9es \u00e0 partir de documents existants : livres, cours, publicit\u00e9s m\u00e9dicales&#8230; Nous tenons \u00e0 pr\u00e9venir l&rsquo;internaute lecteur de ces pages qu&rsquo;il ne s&rsquo;agit en aucun cas de pratiquer la m\u00e9decine mais de soulager par simples massages, des \u00e9tats douloureux comme par exemple se masser la nuque pour se d\u00e9tendre en rentrant d&rsquo;une journ\u00e9e particuli\u00e8rement difficile. Il se trouve que les solutions expos\u00e9es ici sont relativement efficaces MAIS il vous faut imp\u00e9rativement aller consulter un m\u00e9decin pour pouvoir \u00eatre <b>soign\u00e9<\/b> en plus d&rsquo;\u00eatre soulag\u00e9.<\/span><\/p>\n<p><center><br \/>\n<a href=\"http:\/\/www.amazon.fr\/gp\/search?ie=UTF8&amp;camp=1642&amp;creative=6746&amp;index=books&amp;keywords=acupuncture&amp;linkCode=ur2&amp;tag=technidemassa-21\" target=\"_blank\" rel=\"noopener noreferrer\">lien vers des livres d&rsquo;acupuncture<\/a><img src=\"http:\/\/www.assoc-amazon.fr\/e\/ir?t=technidemassa-21&amp;l=ur2&amp;o=8\" alt=\"\" width=\"1\" height=\"1\" border=\"0\" \/><\/center><\/p>\n","protected":false},"excerpt":{"rendered":"<p>Le nez bouch\u00e9 Le nez bouch\u00e9 peut \u00eatre le fruit de nombreux \u00e9v\u00e9nements : sinusites allergies, rhume des foins&#8230; Dans tous les cas les points sont les m\u00eames, il y en a deux principaux : Le premier point, le point essentiel est situ\u00e9 sur le front, juste sur la ligne du milieu, un peu en &hellip; <\/p>\n<p class=\"link-more\"><a href=\"https:\/\/www.igatamus.com\/bgc\/technique-de-massage-des-points-dacupuncture\/nez-bouche\/\" class=\"more-link\">Continuer la lecture<span class=\"screen-reader-text\"> de &laquo;&nbsp;Nez bouch\u00e9&nbsp;&raquo;<\/span><\/a><\/p>\n","protected":false},"author":1,"featured_media":0,"parent":431,"menu_order":36,"comment_status":"closed","ping_status":"closed","template":"","meta":[],"_links":{"self":[{"href":"https:\/\/www.igatamus.com\/bgc\/wp-json\/wp\/v2\/pages\/521"}],"collection":[{"href":"https:\/\/www.igatamus.com\/bgc\/wp-json\/wp\/v2\/pages"}],"about":[{"href":"https:\/\/www.igatamus.com\/bgc\/wp-json\/wp\/v2\/types\/page"}],"author":[{"embeddable":true,"href":"https:\/\/www.igatamus.com\/bgc\/wp-json\/wp\/v2\/users\/1"}],"replies":[{"embeddable":true,"href":"https:\/\/www.igatamus.com\/bgc\/wp-json\/wp\/v2\/comments?post=521"}],"version-history":[{"count":1,"href":"https:\/\/www.igatamus.com\/bgc\/wp-json\/wp\/v2\/pages\/521\/revisions"}],"predecessor-version":[{"id":522,"href":"https:\/\/www.igatamus.com\/bgc\/wp-json\/wp\/v2\/pages\/521\/revisions\/522"}],"up":[{"embeddable":true,"href":"https:\/\/www.igatamus.com\/bgc\/wp-json\/wp\/v2\/pages\/431"}],"wp:attachment":[{"href":"https:\/\/www.igatamus.com\/bgc\/wp-json\/wp\/v2\/media?parent=521"}],"curies":[{"name":"wp","href":"https:\/\/api.w.org\/{rel}","templated":true}]}}