{"id":519,"date":"2018-01-21T15:41:24","date_gmt":"2018-01-21T14:41:24","guid":{"rendered":"http:\/\/www.igatamus.com\/bgc\/?page_id=519"},"modified":"2018-01-21T15:42:09","modified_gmt":"2018-01-21T14:42:09","slug":"mal-de-mer","status":"publish","type":"page","link":"https:\/\/www.igatamus.com\/bgc\/technique-de-massage-des-points-dacupuncture\/mal-de-mer\/","title":{"rendered":"Mal de mer"},"content":{"rendered":"<p>Ce point fonctionne \u00e9galement d&rsquo;une fa\u00e7on plus g\u00e9n\u00e9rale pour le mal des transports. Des sueurs froides, des naus\u00e9es et des vomissements vous emp\u00eache de vous alimenter normalement mais aussi de jouir du voyage. Chez le jeune enfant, les vomissements abondants peuvent entra\u00eener une d\u00e9shydration dangereuse pour sa sant\u00e9e.<\/p>\n<p>Alors, autant \u00e9viter de se g\u00e2cher les vacances par ce genre de probl\u00e8me et conna\u00eetre le point \u00ab\u00a0miracle\u00a0\u00bb qui vous aidera \u00e0 passer le cap.<\/p>\n<table border=\"2\" width=\"100%\" cellpadding=\"0\">\n<tbody>\n<tr>\n<td width=\"50%\">\n<p align=\"CENTER\"><b>Ce point est situ\u00e9 sur l&rsquo;avant de l&rsquo;abdomen, sur la ligne du milieu \u00e0 mi-chemin entre le nombril et la petite pointe de l&rsquo;os qui ferme la poitrine en avant : le sternum.<\/b><\/p>\n<p align=\"CENTER\"><img src=\"http:\/\/vidauban.pagesperso-orange.fr\/medchin\/mer2.jpg\" width=\"215\" height=\"254\" align=\"BOTTOM\" border=\"0\" \/><\/p>\n<\/td>\n<td width=\"50%\">\n<p align=\"CENTER\"><b>C&rsquo;est entre ces deux rep\u00e8res anatomiques, exactement au milieu, que se trouve ce point. Il faut le masser fortement et longuement pour obtenir un r\u00e9sultat tangible.<\/b><\/p>\n<p align=\"CENTER\"><img src=\"http:\/\/vidauban.pagesperso-orange.fr\/medchin\/mer.gif\" width=\"153\" height=\"252\" align=\"BOTTOM\" border=\"0\" \/><\/p>\n<\/td>\n<\/tr>\n<\/tbody>\n<\/table>\n<p><span style=\"font-size: xx-small;\">ATTENTION : ces pages ont \u00e9t\u00e9 r\u00e9alis\u00e9es \u00e0 partir de documents existants : livres, cours, publicit\u00e9s m\u00e9dicales&#8230; Nous tenons \u00e0 pr\u00e9venir l&rsquo;internaute lecteur de ces pages qu&rsquo;il ne s&rsquo;agit en aucun cas de pratiquer la m\u00e9decine mais de soulager par simples massages, des \u00e9tats douloureux comme par exemple se masser la nuque pour se d\u00e9tendre en rentrant d&rsquo;une journ\u00e9e particuli\u00e8rement difficile. Il se trouve que les solutions expos\u00e9es ici sont relativement efficaces MAIS il vous faut imp\u00e9rativement aller consulter un m\u00e9decin pour pouvoir \u00eatre <b>soign\u00e9<\/b> en plus d&rsquo;\u00eatre soulag\u00e9.<\/span><\/p>\n<p><center><br \/>\n<a href=\"http:\/\/www.amazon.fr\/gp\/search?ie=UTF8&amp;camp=1642&amp;creative=6746&amp;index=books&amp;keywords=acupuncture&amp;linkCode=ur2&amp;tag=technidemassa-21\" target=\"_blank\" rel=\"noopener noreferrer\">lien vers des livres d&rsquo;acupuncture<\/a><img src=\"http:\/\/www.assoc-amazon.fr\/e\/ir?t=technidemassa-21&amp;l=ur2&amp;o=8\" alt=\"\" width=\"1\" height=\"1\" border=\"0\" \/><\/center><\/p>\n","protected":false},"excerpt":{"rendered":"<p>Ce point fonctionne \u00e9galement d&rsquo;une fa\u00e7on plus g\u00e9n\u00e9rale pour le mal des transports. Des sueurs froides, des naus\u00e9es et des vomissements vous emp\u00eache de vous alimenter normalement mais aussi de jouir du voyage. Chez le jeune enfant, les vomissements abondants peuvent entra\u00eener une d\u00e9shydration dangereuse pour sa sant\u00e9e. Alors, autant \u00e9viter de se g\u00e2cher les &hellip; <\/p>\n<p class=\"link-more\"><a href=\"https:\/\/www.igatamus.com\/bgc\/technique-de-massage-des-points-dacupuncture\/mal-de-mer\/\" class=\"more-link\">Continuer la lecture<span class=\"screen-reader-text\"> de &laquo;&nbsp;Mal de mer&nbsp;&raquo;<\/span><\/a><\/p>\n","protected":false},"author":1,"featured_media":0,"parent":431,"menu_order":35,"comment_status":"closed","ping_status":"closed","template":"","meta":[],"_links":{"self":[{"href":"https:\/\/www.igatamus.com\/bgc\/wp-json\/wp\/v2\/pages\/519"}],"collection":[{"href":"https:\/\/www.igatamus.com\/bgc\/wp-json\/wp\/v2\/pages"}],"about":[{"href":"https:\/\/www.igatamus.com\/bgc\/wp-json\/wp\/v2\/types\/page"}],"author":[{"embeddable":true,"href":"https:\/\/www.igatamus.com\/bgc\/wp-json\/wp\/v2\/users\/1"}],"replies":[{"embeddable":true,"href":"https:\/\/www.igatamus.com\/bgc\/wp-json\/wp\/v2\/comments?post=519"}],"version-history":[{"count":1,"href":"https:\/\/www.igatamus.com\/bgc\/wp-json\/wp\/v2\/pages\/519\/revisions"}],"predecessor-version":[{"id":520,"href":"https:\/\/www.igatamus.com\/bgc\/wp-json\/wp\/v2\/pages\/519\/revisions\/520"}],"up":[{"embeddable":true,"href":"https:\/\/www.igatamus.com\/bgc\/wp-json\/wp\/v2\/pages\/431"}],"wp:attachment":[{"href":"https:\/\/www.igatamus.com\/bgc\/wp-json\/wp\/v2\/media?parent=519"}],"curies":[{"name":"wp","href":"https:\/\/api.w.org\/{rel}","templated":true}]}}