{"id":517,"date":"2018-01-21T15:40:21","date_gmt":"2018-01-21T14:40:21","guid":{"rendered":"http:\/\/www.igatamus.com\/bgc\/?page_id=517"},"modified":"2018-01-21T15:40:21","modified_gmt":"2018-01-21T14:40:21","slug":"mal-de-gorge","status":"publish","type":"page","link":"https:\/\/www.igatamus.com\/bgc\/technique-de-massage-des-points-dacupuncture\/mal-de-gorge\/","title":{"rendered":"Mal de gorge"},"content":{"rendered":"<p>Attention lorsque vous avez mal \u00e0 la gorge, une angine peut-\u00eatre, il peut y avoir, sous-jacente une maladie beaucoup plus grave comme une m\u00e9ningite, une maladie des reinsou encore des rhumatismes. Donc allez voir votre m\u00e9decin apr\u00e8s vous \u00eatre soulag\u00e9 par le point que nous d\u00e9crivons ci-dessous.<\/p>\n<table border=\"0\" cellspacing=\"0\" cellpadding=\"0\">\n<tbody>\n<tr>\n<td width=\"50%\"><b><i>Ce point est situ\u00e9 sur le c\u00f4t\u00e9 du pouce qui se trouve en vis-\u00e0-vis de l&rsquo;index.<\/p>\n<p>Vous prenez les deux axes form\u00e9s par les bords de l&rsquo;ongle, \u00e0 leur point de rencontre se trouve le point.<\/p>\n<p>Si vous avez mal \u00e0 la gorge d&rsquo;un seul c\u00f4t\u00e9, vous massez le c\u00f4t\u00e9 concern\u00e9, si vous avez mal partout, vous massez les points de la main droite et de la main gauche.<\/i><\/b><\/td>\n<td width=\"50%\">\n<p align=\"CENTER\"><img src=\"http:\/\/vidauban.pagesperso-orange.fr\/medchin\/gorge.gif\" width=\"209\" height=\"183\" align=\"BOTTOM\" border=\"0\" \/><\/p>\n<\/td>\n<\/tr>\n<\/tbody>\n<\/table>\n<p style=\"text-align: left;\" align=\"CENTER\"><span style=\"font-size: xx-small;\">ATTENTION : ces pages ont \u00e9t\u00e9 r\u00e9alis\u00e9es \u00e0 partir de documents existants : livres, cours, publicit\u00e9s m\u00e9dicales&#8230; Nous tenons \u00e0 pr\u00e9venir l&rsquo;internaute lecteur de ces pages qu&rsquo;il ne s&rsquo;agit en aucun cas de pratiquer la m\u00e9decine mais de soulager par simples massages, des \u00e9tats douloureux comme par exemple se masser la nuque pour se d\u00e9tendre en rentrant d&rsquo;une journ\u00e9e particuli\u00e8rement difficile. Il se trouve que les solutions expos\u00e9es ici sont relativement efficaces MAIS il vous faut imp\u00e9rativement aller consulter un m\u00e9decin pour pouvoir \u00eatre <b>soign\u00e9<\/b> en plus d&rsquo;\u00eatre soulag\u00e9.<\/span><\/p>\n<p><center><br \/>\n<a href=\"http:\/\/www.amazon.fr\/gp\/search?ie=UTF8&amp;camp=1642&amp;creative=6746&amp;index=books&amp;keywords=acupuncture&amp;linkCode=ur2&amp;tag=technidemassa-21\" target=\"_blank\" rel=\"noopener noreferrer\">lien vers des livres d&rsquo;acupuncture<\/a><img src=\"http:\/\/www.assoc-amazon.fr\/e\/ir?t=technidemassa-21&amp;l=ur2&amp;o=8\" alt=\"\" width=\"1\" height=\"1\" border=\"0\" \/><\/center><\/p>\n","protected":false},"excerpt":{"rendered":"<p>Attention lorsque vous avez mal \u00e0 la gorge, une angine peut-\u00eatre, il peut y avoir, sous-jacente une maladie beaucoup plus grave comme une m\u00e9ningite, une maladie des reinsou encore des rhumatismes. Donc allez voir votre m\u00e9decin apr\u00e8s vous \u00eatre soulag\u00e9 par le point que nous d\u00e9crivons ci-dessous. Ce point est situ\u00e9 sur le c\u00f4t\u00e9 du &hellip; <\/p>\n<p class=\"link-more\"><a href=\"https:\/\/www.igatamus.com\/bgc\/technique-de-massage-des-points-dacupuncture\/mal-de-gorge\/\" class=\"more-link\">Continuer la lecture<span class=\"screen-reader-text\"> de &laquo;&nbsp;Mal de gorge&nbsp;&raquo;<\/span><\/a><\/p>\n","protected":false},"author":1,"featured_media":0,"parent":431,"menu_order":34,"comment_status":"closed","ping_status":"closed","template":"","meta":[],"_links":{"self":[{"href":"https:\/\/www.igatamus.com\/bgc\/wp-json\/wp\/v2\/pages\/517"}],"collection":[{"href":"https:\/\/www.igatamus.com\/bgc\/wp-json\/wp\/v2\/pages"}],"about":[{"href":"https:\/\/www.igatamus.com\/bgc\/wp-json\/wp\/v2\/types\/page"}],"author":[{"embeddable":true,"href":"https:\/\/www.igatamus.com\/bgc\/wp-json\/wp\/v2\/users\/1"}],"replies":[{"embeddable":true,"href":"https:\/\/www.igatamus.com\/bgc\/wp-json\/wp\/v2\/comments?post=517"}],"version-history":[{"count":1,"href":"https:\/\/www.igatamus.com\/bgc\/wp-json\/wp\/v2\/pages\/517\/revisions"}],"predecessor-version":[{"id":518,"href":"https:\/\/www.igatamus.com\/bgc\/wp-json\/wp\/v2\/pages\/517\/revisions\/518"}],"up":[{"embeddable":true,"href":"https:\/\/www.igatamus.com\/bgc\/wp-json\/wp\/v2\/pages\/431"}],"wp:attachment":[{"href":"https:\/\/www.igatamus.com\/bgc\/wp-json\/wp\/v2\/media?parent=517"}],"curies":[{"name":"wp","href":"https:\/\/api.w.org\/{rel}","templated":true}]}}