{"id":515,"date":"2018-01-21T15:39:34","date_gmt":"2018-01-21T14:39:34","guid":{"rendered":"http:\/\/www.igatamus.com\/bgc\/?page_id=515"},"modified":"2018-01-21T15:39:34","modified_gmt":"2018-01-21T14:39:34","slug":"mal-au-dos","status":"publish","type":"page","link":"https:\/\/www.igatamus.com\/bgc\/technique-de-massage-des-points-dacupuncture\/mal-au-dos\/","title":{"rendered":"Mal au dos"},"content":{"rendered":"<p>Du fait de nos habitudes et attitudes, la douleur au dos est un mal de plus en plus fr\u00e9quent, li\u00e9 \u00e0 des positions inad\u00e9quates (mal assis sur les chaises, position d&rsquo;\u00e9criture \u00e0 l&rsquo;\u00e9cole&#8230;) mais aussi souvent \u00e0 un manque de pratiques sportives qui pourraient d\u00e9velopper les muscles du dos qui tiennent notre charente que constitue la colonne vert\u00e9brale.<\/p>\n<p>Nous ne citerons pas tous les \u00e9l\u00e9ments qui peuvent causer des mals de dos car ils sont beaucoup trop nombreux et tout un chacun est concern\u00e9. Aussi, nous nous contenterons de vous pr\u00e9senter un point qui pourra vous d\u00e9contracter apr\u00e8s l&rsquo;effort et \u00e9vitera que la douleur ne dure trop longtemps.<\/p>\n<table border=\"0\" cellspacing=\"0\" cellpadding=\"0\">\n<tbody>\n<tr>\n<td width=\"50%\"><b><i>Ce point est situ\u00e9 sur le dos de la main, dans le prolongement de l&rsquo;espace s\u00e9parant le peit doigt de l&rsquo;annulaire.<\/p>\n<p>En haut de cet espace, dans l&rsquo;angle que forment les deux os lorsqu&rsquo;ils se rejoingnent, se trouve le point \u00e0 masser.<\/p>\n<p>Mais comme un bon dessin vaut mieux qu&rsquo;un long discour, regardez tout simplement sur la figure ci-contre et vous le trouverez instantan\u00e9ment.<\/i><\/b><\/td>\n<td width=\"50%\">\n<p align=\"CENTER\"><img src=\"http:\/\/vidauban.pagesperso-orange.fr\/medchin\/dos.gif\" width=\"258\" height=\"191\" align=\"BOTTOM\" border=\"0\" \/><\/p>\n<\/td>\n<\/tr>\n<\/tbody>\n<\/table>\n<p style=\"text-align: left;\" align=\"CENTER\"><span style=\"font-size: xx-small;\">ATTENTION : ces pages ont \u00e9t\u00e9 r\u00e9alis\u00e9es \u00e0 partir de documents existants : livres, cours, publicit\u00e9s m\u00e9dicales&#8230; Nous tenons \u00e0 pr\u00e9venir l&rsquo;internaute lecteur de ces pages qu&rsquo;il ne s&rsquo;agit en aucun cas de pratiquer la m\u00e9decine mais de soulager par simples massages, des \u00e9tats douloureux comme par exemple se masser la nuque pour se d\u00e9tendre en rentrant d&rsquo;une journ\u00e9e particuli\u00e8rement difficile. Il se trouve que les solutions expos\u00e9es ici sont relativement efficaces MAIS il vous faut imp\u00e9rativement aller consulter un m\u00e9decin pour pouvoir \u00eatre <b>soign\u00e9<\/b> en plus d&rsquo;\u00eatre soulag\u00e9.<\/span><\/p>\n<p style=\"text-align: left;\" align=\"CENTER\"><a href=\"http:\/\/www.amazon.fr\/gp\/search?ie=UTF8&amp;camp=1642&amp;creative=6746&amp;index=books&amp;keywords=acupuncture&amp;linkCode=ur2&amp;tag=technidemassa-21\" target=\"_blank\" rel=\"noopener noreferrer\">lien vers des livres d&rsquo;acupuncture<\/a><img src=\"http:\/\/www.assoc-amazon.fr\/e\/ir?t=technidemassa-21&amp;l=ur2&amp;o=8\" alt=\"\" width=\"1\" height=\"1\" border=\"0\" \/><\/p>\n","protected":false},"excerpt":{"rendered":"<p>Du fait de nos habitudes et attitudes, la douleur au dos est un mal de plus en plus fr\u00e9quent, li\u00e9 \u00e0 des positions inad\u00e9quates (mal assis sur les chaises, position d&rsquo;\u00e9criture \u00e0 l&rsquo;\u00e9cole&#8230;) mais aussi souvent \u00e0 un manque de pratiques sportives qui pourraient d\u00e9velopper les muscles du dos qui tiennent notre charente que constitue &hellip; <\/p>\n<p class=\"link-more\"><a href=\"https:\/\/www.igatamus.com\/bgc\/technique-de-massage-des-points-dacupuncture\/mal-au-dos\/\" class=\"more-link\">Continuer la lecture<span class=\"screen-reader-text\"> de &laquo;&nbsp;Mal au dos&nbsp;&raquo;<\/span><\/a><\/p>\n","protected":false},"author":1,"featured_media":0,"parent":431,"menu_order":33,"comment_status":"closed","ping_status":"closed","template":"","meta":[],"_links":{"self":[{"href":"https:\/\/www.igatamus.com\/bgc\/wp-json\/wp\/v2\/pages\/515"}],"collection":[{"href":"https:\/\/www.igatamus.com\/bgc\/wp-json\/wp\/v2\/pages"}],"about":[{"href":"https:\/\/www.igatamus.com\/bgc\/wp-json\/wp\/v2\/types\/page"}],"author":[{"embeddable":true,"href":"https:\/\/www.igatamus.com\/bgc\/wp-json\/wp\/v2\/users\/1"}],"replies":[{"embeddable":true,"href":"https:\/\/www.igatamus.com\/bgc\/wp-json\/wp\/v2\/comments?post=515"}],"version-history":[{"count":1,"href":"https:\/\/www.igatamus.com\/bgc\/wp-json\/wp\/v2\/pages\/515\/revisions"}],"predecessor-version":[{"id":516,"href":"https:\/\/www.igatamus.com\/bgc\/wp-json\/wp\/v2\/pages\/515\/revisions\/516"}],"up":[{"embeddable":true,"href":"https:\/\/www.igatamus.com\/bgc\/wp-json\/wp\/v2\/pages\/431"}],"wp:attachment":[{"href":"https:\/\/www.igatamus.com\/bgc\/wp-json\/wp\/v2\/media?parent=515"}],"curies":[{"name":"wp","href":"https:\/\/api.w.org\/{rel}","templated":true}]}}