{"id":511,"date":"2018-01-21T15:37:30","date_gmt":"2018-01-21T14:37:30","guid":{"rendered":"http:\/\/www.igatamus.com\/bgc\/?page_id=511"},"modified":"2018-01-21T15:37:30","modified_gmt":"2018-01-21T14:37:30","slug":"fatigue-des-jambes","status":"publish","type":"page","link":"https:\/\/www.igatamus.com\/bgc\/technique-de-massage-des-points-dacupuncture\/fatigue-des-jambes\/","title":{"rendered":"Fatigue des jambes"},"content":{"rendered":"<p>Dans notre soci\u00e9t\u00e9 citadine, nous ne sommes pas habitu\u00e9s \u00e0 effectuer de longs trajets \u00e0 pied, on monte souvent en voiture \u00e0 trois m\u00e8tres de chez nous et on endescend pour en faire 10, ensuite, c&rsquo;est parti pour une journ\u00e9e de bureau, assis pendant huit heures ou presque, et quand il y a des \u00e9tages \u00e0 monter, c&rsquo;est souvent l&rsquo;ascenseur qui nous propulse dans les hauteurs. Aussi quand il faut utiliser ses jambes un plus que de coutume, c&rsquo;est la b\u00e9r\u00e9zina : jambes lourdes, &#8230;<\/p>\n<table border=\"0\" cellspacing=\"0\" cellpadding=\"0\">\n<tbody>\n<tr>\n<td width=\"50%\"><b><i>Il existe un point pour se d\u00e9fatiguer.<\/p>\n<p>Il est situ\u00e9 sur le dehors de la jambe, entre le genou et la cheville, juste deri\u00e8re ce long os mince qu&rsquo;est le p\u00e9ron\u00e9.<\/p>\n<p>En massant longuement ce point, vous vous apercevrez que la fatigue des jambes a tendance \u00e0 disparaitre<\/i><\/b><\/td>\n<td width=\"50%\">\n<p align=\"CENTER\"><img src=\"http:\/\/vidauban.pagesperso-orange.fr\/medchin\/jmbfat.gif\" width=\"177\" height=\"158\" align=\"BOTTOM\" border=\"0\" \/><\/p>\n<\/td>\n<\/tr>\n<\/tbody>\n<\/table>\n<p><span style=\"font-size: xx-small;\">ATTENTION : ces pages ont \u00e9t\u00e9 r\u00e9alis\u00e9es \u00e0 partir de documents existants : livres, cours, publicit\u00e9s m\u00e9dicales&#8230; Nous tenons \u00e0 pr\u00e9venir l&rsquo;internaute lecteur de ces pages qu&rsquo;il ne s&rsquo;agit en aucun cas de pratiquer la m\u00e9decine mais de soulager par simples massages, des \u00e9tats douloureux comme par exemple se masser la nuque pour se d\u00e9tendre en rentrant d&rsquo;une journ\u00e9e particuli\u00e8rement difficile. Il se trouve que les solutions expos\u00e9es ici sont relativement efficaces MAIS il vous faut imp\u00e9rativement aller consulter un m\u00e9decin pour pouvoir \u00eatre <b>soign\u00e9<\/b> en plus d&rsquo;\u00eatre soulag\u00e9.<\/span><\/p>\n<p><center><center><a href=\"http:\/\/www.amazon.fr\/gp\/search?ie=UTF8&amp;camp=1642&amp;creative=6746&amp;index=books&amp;keywords=acupuncture&amp;linkCode=ur2&amp;tag=technidemassa-21\" target=\"_blank\" rel=\"noopener noreferrer\">lien vers des livres d&rsquo;acupuncture<\/a><img src=\"http:\/\/www.assoc-amazon.fr\/e\/ir?t=technidemassa-21&amp;l=ur2&amp;o=8\" alt=\"\" width=\"1\" height=\"1\" border=\"0\" \/><\/center><\/center><\/p>\n","protected":false},"excerpt":{"rendered":"<p>Dans notre soci\u00e9t\u00e9 citadine, nous ne sommes pas habitu\u00e9s \u00e0 effectuer de longs trajets \u00e0 pied, on monte souvent en voiture \u00e0 trois m\u00e8tres de chez nous et on endescend pour en faire 10, ensuite, c&rsquo;est parti pour une journ\u00e9e de bureau, assis pendant huit heures ou presque, et quand il y a des \u00e9tages &hellip; <\/p>\n<p class=\"link-more\"><a href=\"https:\/\/www.igatamus.com\/bgc\/technique-de-massage-des-points-dacupuncture\/fatigue-des-jambes\/\" class=\"more-link\">Continuer la lecture<span class=\"screen-reader-text\"> de &laquo;&nbsp;Fatigue des jambes&nbsp;&raquo;<\/span><\/a><\/p>\n","protected":false},"author":1,"featured_media":0,"parent":431,"menu_order":31,"comment_status":"closed","ping_status":"closed","template":"","meta":[],"_links":{"self":[{"href":"https:\/\/www.igatamus.com\/bgc\/wp-json\/wp\/v2\/pages\/511"}],"collection":[{"href":"https:\/\/www.igatamus.com\/bgc\/wp-json\/wp\/v2\/pages"}],"about":[{"href":"https:\/\/www.igatamus.com\/bgc\/wp-json\/wp\/v2\/types\/page"}],"author":[{"embeddable":true,"href":"https:\/\/www.igatamus.com\/bgc\/wp-json\/wp\/v2\/users\/1"}],"replies":[{"embeddable":true,"href":"https:\/\/www.igatamus.com\/bgc\/wp-json\/wp\/v2\/comments?post=511"}],"version-history":[{"count":1,"href":"https:\/\/www.igatamus.com\/bgc\/wp-json\/wp\/v2\/pages\/511\/revisions"}],"predecessor-version":[{"id":512,"href":"https:\/\/www.igatamus.com\/bgc\/wp-json\/wp\/v2\/pages\/511\/revisions\/512"}],"up":[{"embeddable":true,"href":"https:\/\/www.igatamus.com\/bgc\/wp-json\/wp\/v2\/pages\/431"}],"wp:attachment":[{"href":"https:\/\/www.igatamus.com\/bgc\/wp-json\/wp\/v2\/media?parent=511"}],"curies":[{"name":"wp","href":"https:\/\/api.w.org\/{rel}","templated":true}]}}