{"id":508,"date":"2018-01-21T15:35:36","date_gmt":"2018-01-21T14:35:36","guid":{"rendered":"http:\/\/www.igatamus.com\/bgc\/?page_id=508"},"modified":"2018-01-21T15:36:23","modified_gmt":"2018-01-21T14:36:23","slug":"intoxication-drogue-alcool","status":"publish","type":"page","link":"https:\/\/www.igatamus.com\/bgc\/technique-de-massage-des-points-dacupuncture\/intoxication-drogue-alcool\/","title":{"rendered":"Intoxication (drogue, alcool&#8230;)"},"content":{"rendered":"<p>Depuis tr\u00e8s longtemps, les chinois sont confront\u00e9s au probl\u00e8me de la drogue, l&rsquo;opium est tr\u00e8s utilis\u00e9e et il existe des points qui permettent de combattre ce probl\u00e8me.<\/p>\n<p>Mais surtout, on s&rsquo;est aper\u00e7u que ces points fonctionnaient \u00e9galement pour des sevrages de toxiques comme l&rsquo;alcool ou le tabac.<\/p>\n<p>Le point de base est le point appel\u00e9 point de la drogue que nous allons voir ci-dessous. ensuite, il faut y associer les points correspondant au toxique concern\u00e9 : <a href=\"https:\/\/www.igatamus.com\/bgc\/technique-de-massage-des-points-dacupuncture\/alcoolisme\/\">alcool<\/a>, <a href=\"http:\/\/vidauban.pagesperso-orange.fr\/medchin\/tabac.html\">tabac<\/a>.<\/p>\n<table border=\"0\" cellspacing=\"0\" cellpadding=\"0\">\n<tbody>\n<tr>\n<td width=\"50%\"><b><i>Le point de la drogue est situ\u00e9 sur le cr\u00e2ne, exactement \u00e0 la verticale du point le plus haut du pavillon de l&rsquo;oreille, \u00e0 trois travers de doigts au-dessus.<\/i><\/b><\/p>\n<p>C&rsquo;est un point suffisant pour les drogues dures ou douces : Opium, L.S.D., haschich, m\u00e9dicaments, etc &#8230;<\/td>\n<td width=\"50%\">\n<p align=\"CENTER\"><img src=\"http:\/\/vidauban.pagesperso-orange.fr\/medchin\/intox.gif\" width=\"125\" height=\"154\" align=\"BOTTOM\" border=\"0\" \/><\/p>\n<\/td>\n<\/tr>\n<\/tbody>\n<\/table>\n<p><span style=\"font-size: xx-small;\">ATTENTION : ces pages ont \u00e9t\u00e9 r\u00e9alis\u00e9es \u00e0 partir de documents existants : livres, cours, publicit\u00e9s m\u00e9dicales&#8230; Nous tenons \u00e0 pr\u00e9venir l&rsquo;internaute lecteur de ces pages qu&rsquo;il ne s&rsquo;agit en aucun cas de pratiquer la m\u00e9decine mais de soulager par simples massages, des \u00e9tats douloureux comme par exemple se masser la nuque pour se d\u00e9tendre en rentrant d&rsquo;une journ\u00e9e particuli\u00e8rement difficile. Il se trouve que les solutions expos\u00e9es ici sont relativement efficaces MAIS il vous faut imp\u00e9rativement aller consulter un m\u00e9decin pour pouvoir \u00eatre <b>soign\u00e9<\/b> en plus d&rsquo;\u00eatre soulag\u00e9.<\/span><\/p>\n<p><center><br \/>\n<a href=\"http:\/\/www.amazon.fr\/gp\/search?ie=UTF8&amp;camp=1642&amp;creative=6746&amp;index=books&amp;keywords=acupuncture&amp;linkCode=ur2&amp;tag=technidemassa-21\" target=\"_blank\" rel=\"noopener noreferrer\">lien vers des livres d&rsquo;acupuncture<\/a><img src=\"http:\/\/www.assoc-amazon.fr\/e\/ir?t=technidemassa-21&amp;l=ur2&amp;o=8\" alt=\"\" width=\"1\" height=\"1\" border=\"0\" \/><\/center><\/p>\n","protected":false},"excerpt":{"rendered":"<p>Depuis tr\u00e8s longtemps, les chinois sont confront\u00e9s au probl\u00e8me de la drogue, l&rsquo;opium est tr\u00e8s utilis\u00e9e et il existe des points qui permettent de combattre ce probl\u00e8me. Mais surtout, on s&rsquo;est aper\u00e7u que ces points fonctionnaient \u00e9galement pour des sevrages de toxiques comme l&rsquo;alcool ou le tabac. Le point de base est le point appel\u00e9 &hellip; <\/p>\n<p class=\"link-more\"><a href=\"https:\/\/www.igatamus.com\/bgc\/technique-de-massage-des-points-dacupuncture\/intoxication-drogue-alcool\/\" class=\"more-link\">Continuer la lecture<span class=\"screen-reader-text\"> de &laquo;&nbsp;Intoxication (drogue, alcool&#8230;)&nbsp;&raquo;<\/span><\/a><\/p>\n","protected":false},"author":1,"featured_media":0,"parent":431,"menu_order":30,"comment_status":"closed","ping_status":"closed","template":"","meta":[],"_links":{"self":[{"href":"https:\/\/www.igatamus.com\/bgc\/wp-json\/wp\/v2\/pages\/508"}],"collection":[{"href":"https:\/\/www.igatamus.com\/bgc\/wp-json\/wp\/v2\/pages"}],"about":[{"href":"https:\/\/www.igatamus.com\/bgc\/wp-json\/wp\/v2\/types\/page"}],"author":[{"embeddable":true,"href":"https:\/\/www.igatamus.com\/bgc\/wp-json\/wp\/v2\/users\/1"}],"replies":[{"embeddable":true,"href":"https:\/\/www.igatamus.com\/bgc\/wp-json\/wp\/v2\/comments?post=508"}],"version-history":[{"count":2,"href":"https:\/\/www.igatamus.com\/bgc\/wp-json\/wp\/v2\/pages\/508\/revisions"}],"predecessor-version":[{"id":510,"href":"https:\/\/www.igatamus.com\/bgc\/wp-json\/wp\/v2\/pages\/508\/revisions\/510"}],"up":[{"embeddable":true,"href":"https:\/\/www.igatamus.com\/bgc\/wp-json\/wp\/v2\/pages\/431"}],"wp:attachment":[{"href":"https:\/\/www.igatamus.com\/bgc\/wp-json\/wp\/v2\/media?parent=508"}],"curies":[{"name":"wp","href":"https:\/\/api.w.org\/{rel}","templated":true}]}}