{"id":506,"date":"2018-01-21T15:34:20","date_gmt":"2018-01-21T14:34:20","guid":{"rendered":"http:\/\/www.igatamus.com\/bgc\/?page_id=506"},"modified":"2018-01-21T15:34:20","modified_gmt":"2018-01-21T14:34:20","slug":"insomnie","status":"publish","type":"page","link":"https:\/\/www.igatamus.com\/bgc\/technique-de-massage-des-points-dacupuncture\/insomnie\/","title":{"rendered":"Insomnie"},"content":{"rendered":"<p>Dans notre soci\u00e9t\u00e9, l&rsquo;insomnie est un mal courant, le stress de la vie quotidienne nous font ressasser les probl\u00e8mes de la journ\u00e9e, les possibles ennuis du lendemain et le soir, il est impossible de s&rsquo;endormir. On tourne et retourne sans pouvoir trouver le sommeil. Souvent ces soucis vont jusqu&rsquo;\u00e0 nous r\u00e9veiller en pleine nuit et alors impossible de se rendormir.<\/p>\n<p>Si dans des cas similaires vous utilisez des somnif\u00e8res ou autres tranquillisants, il y a des risque d&rsquo;accoutumance et inexorablement, l&rsquo;insomnie devient chronique et \u00e0 chaque nouvelle nuit vous \u00eates oblig\u00e9 d&rsquo;augmenter les doses pour qu&rsquo;il y ait un effet .<\/p>\n<p>Aussi une m\u00e9thode naturelle comme celle que nous vous proposons est tr\u00e8s int\u00e9ressante car elle \u00e9vite ces produits chimiques et tous les d\u00e9sagr\u00e9ments qui vont avec.<\/p>\n<p><b>Deux points sont particuli\u00e8rement int\u00e9ressants :<\/b><\/p>\n<table border=\"0\" cellspacing=\"0\" cellpadding=\"0\">\n<tbody>\n<tr>\n<td width=\"50%\"><b><i>Le premier est situ\u00e9 \u00e0 l&rsquo;extr\u00e9mit\u00e9 du deuxi\u00e8me orteil du pied (celui situ\u00e9 \u00e0 c\u00f4t\u00e9 du gros orteil).<\/p>\n<p>Comme beaucoup de points situ\u00e9s sur les doigts ou les orteils, il est \u00e9galement situ\u00e9 \u00e0 l&rsquo;angle de l&rsquo;ongle, dans le cas pr\u00e9sent, sur l&rsquo;ext\u00e9rieur (Cf. figure ci-contre).<\/i><\/b><\/td>\n<td width=\"50%\">\n<p align=\"CENTER\"><img src=\"http:\/\/vidauban.pagesperso-orange.fr\/medchin\/insomn1.gif\" width=\"71\" height=\"196\" align=\"BOTTOM\" border=\"0\" \/><\/p>\n<\/td>\n<\/tr>\n<\/tbody>\n<\/table>\n<table border=\"0\" cellspacing=\"0\" cellpadding=\"0\">\n<tbody>\n<tr>\n<td width=\"50%\"><b><i>Le seconde point est situ\u00e9 sur le bord inf\u00e9rieur des pieds.<\/p>\n<p>A la base du gros orteil, il y a une masse osseuse qui forme un renflement.<\/p>\n<p>Le point est situ\u00e9 juste en arri\u00e8re de cette saillie quand vous touchez votre pied.<\/i><\/b><\/td>\n<td width=\"50%\">\n<p align=\"CENTER\"><img src=\"http:\/\/vidauban.pagesperso-orange.fr\/medchin\/insomn2.gif\" width=\"217\" height=\"140\" align=\"BOTTOM\" border=\"0\" \/><\/p>\n<\/td>\n<\/tr>\n<\/tbody>\n<\/table>\n<p><span style=\"font-size: xx-small;\">ATTENTION : ces pages ont \u00e9t\u00e9 r\u00e9alis\u00e9es \u00e0 partir de documents existants : livres, cours, publicit\u00e9s m\u00e9dicales&#8230; Nous tenons \u00e0 pr\u00e9venir l&rsquo;internaute lecteur de ces pages qu&rsquo;il ne s&rsquo;agit en aucun cas de pratiquer la m\u00e9decine mais de soulager par simples massages, des \u00e9tats douloureux comme par exemple se masser la nuque pour se d\u00e9tendre en rentrant d&rsquo;une journ\u00e9e particuli\u00e8rement difficile. Il se trouve que les solutions expos\u00e9es ici sont relativement efficaces MAIS il vous faut imp\u00e9rativement aller consulter un m\u00e9decin pour pouvoir \u00eatre <b>soign\u00e9<\/b> en plus d&rsquo;\u00eatre soulag\u00e9.<\/span><\/p>\n<p><center><br \/>\n<a href=\"http:\/\/www.amazon.fr\/gp\/search?ie=UTF8&amp;camp=1642&amp;creative=6746&amp;index=books&amp;keywords=acupuncture&amp;linkCode=ur2&amp;tag=technidemassa-21\" target=\"_blank\" rel=\"noopener noreferrer\">lien vers des livres d&rsquo;acupuncture<\/a><img src=\"http:\/\/www.assoc-amazon.fr\/e\/ir?t=technidemassa-21&amp;l=ur2&amp;o=8\" alt=\"\" width=\"1\" height=\"1\" border=\"0\" \/><\/center><\/p>\n","protected":false},"excerpt":{"rendered":"<p>Dans notre soci\u00e9t\u00e9, l&rsquo;insomnie est un mal courant, le stress de la vie quotidienne nous font ressasser les probl\u00e8mes de la journ\u00e9e, les possibles ennuis du lendemain et le soir, il est impossible de s&rsquo;endormir. On tourne et retourne sans pouvoir trouver le sommeil. Souvent ces soucis vont jusqu&rsquo;\u00e0 nous r\u00e9veiller en pleine nuit et &hellip; <\/p>\n<p class=\"link-more\"><a href=\"https:\/\/www.igatamus.com\/bgc\/technique-de-massage-des-points-dacupuncture\/insomnie\/\" class=\"more-link\">Continuer la lecture<span class=\"screen-reader-text\"> de &laquo;&nbsp;Insomnie&nbsp;&raquo;<\/span><\/a><\/p>\n","protected":false},"author":1,"featured_media":0,"parent":431,"menu_order":29,"comment_status":"closed","ping_status":"closed","template":"","meta":[],"_links":{"self":[{"href":"https:\/\/www.igatamus.com\/bgc\/wp-json\/wp\/v2\/pages\/506"}],"collection":[{"href":"https:\/\/www.igatamus.com\/bgc\/wp-json\/wp\/v2\/pages"}],"about":[{"href":"https:\/\/www.igatamus.com\/bgc\/wp-json\/wp\/v2\/types\/page"}],"author":[{"embeddable":true,"href":"https:\/\/www.igatamus.com\/bgc\/wp-json\/wp\/v2\/users\/1"}],"replies":[{"embeddable":true,"href":"https:\/\/www.igatamus.com\/bgc\/wp-json\/wp\/v2\/comments?post=506"}],"version-history":[{"count":1,"href":"https:\/\/www.igatamus.com\/bgc\/wp-json\/wp\/v2\/pages\/506\/revisions"}],"predecessor-version":[{"id":507,"href":"https:\/\/www.igatamus.com\/bgc\/wp-json\/wp\/v2\/pages\/506\/revisions\/507"}],"up":[{"embeddable":true,"href":"https:\/\/www.igatamus.com\/bgc\/wp-json\/wp\/v2\/pages\/431"}],"wp:attachment":[{"href":"https:\/\/www.igatamus.com\/bgc\/wp-json\/wp\/v2\/media?parent=506"}],"curies":[{"name":"wp","href":"https:\/\/api.w.org\/{rel}","templated":true}]}}