{"id":500,"date":"2018-01-21T15:30:54","date_gmt":"2018-01-21T14:30:54","guid":{"rendered":"http:\/\/www.igatamus.com\/bgc\/?page_id=500"},"modified":"2018-01-21T15:30:54","modified_gmt":"2018-01-21T14:30:54","slug":"gene-respiratoire","status":"publish","type":"page","link":"https:\/\/www.igatamus.com\/bgc\/technique-de-massage-des-points-dacupuncture\/gene-respiratoire\/","title":{"rendered":"G\u00eane respiratoire"},"content":{"rendered":"<p>Une g\u00eane respiratoire peut-\u00eatre un sympt\u00f4me dont l&rsquo;origine peut \u00eatre tr\u00e8s grave : le c\u00faur, les poumons, le syst\u00e8me nerveux peuvent \u00eatre touch\u00e9s. Alors attention uand m\u00eame, il vaut mieux consulter votre m\u00e9decin si vous n&rsquo;arrivez pas \u00e0 d\u00e9terminer l&rsquo;origine de votre g\u00eane.<\/p>\n<p>Toutefois, vous pouvez avoir des g\u00eanes respiratoires plus banales commes suite \u00e0 une grippe, une bronchite ou encore l&rsquo;asthme (attention \u00e0 vous faire traiter car l&rsquo;asthme est \u00e9galement sujet \u00e0 complications).<\/p>\n<p>Dans tous les cas, et pour l&rsquo;asthme encore plus, il est int\u00e9ressant de pouvoir am\u00e9liorer le transit de l&rsquo;air vers et dans les poumons \u00e0 l&rsquo;aide d&rsquo;un point d&rsquo;acupuncture car on n&rsquo;a pas toujours sous la main les m\u00e9dicaments n\u00e9cessaires et surtout, tous ce m\u00e9dicaments on le facheux d\u00e9savantage de pr\u00e9senter des effets secondaires importants.<\/p>\n<table border=\"0\" cellspacing=\"0\" cellpadding=\"0\">\n<tbody>\n<tr>\n<td width=\"50%\"><b><i>Ce point est situ\u00e9 de part et d&rsquo;autre de la troisi\u00e8me vert\u00e8bre dorsale. <\/i><\/b><\/p>\n<p><b><i>Pour trouver celle-ci, faites asseoir la patient en lui demandant de baisser la t\u00eate. <\/i><\/b><\/p>\n<p><b><i>Appara\u00eet alors, \u00e0 la base de la nuque, la derni\u00e8re vert\u00e8bre cervicale, compter trois vert\u00e8bres en dessous. <\/i><\/b><\/p>\n<p><b><i>Le point est situ\u00e9 \u00e0 deux travers de doigt de la ligne m\u00e9diane au niveau de cette vert\u00e8bre.<\/i><\/b><\/p>\n<p align=\"CENTER\"><img src=\"http:\/\/vidauban.pagesperso-orange.fr\/medchin\/erup1.jpg\" width=\"277\" height=\"215\" align=\"BOTTOM\" border=\"0\" \/><\/p>\n<\/td>\n<td width=\"50%\"><b><i><\/p>\n<p><\/i><\/b><\/p>\n<p align=\"CENTER\"><img src=\"http:\/\/vidauban.pagesperso-orange.fr\/medchin\/respi.gif\" width=\"187\" height=\"300\" align=\"BOTTOM\" border=\"0\" \/><\/p>\n<\/td>\n<\/tr>\n<\/tbody>\n<\/table>\n<p><span style=\"font-size: xx-small;\">ATTENTION : ces pages ont \u00e9t\u00e9 r\u00e9alis\u00e9es \u00e0 partir de documents existants : livres, cours, publicit\u00e9s m\u00e9dicales&#8230; Nous tenons \u00e0 pr\u00e9venir l&rsquo;internaute lecteur de ces pages qu&rsquo;il ne s&rsquo;agit en aucun cas de pratiquer la m\u00e9decine mais de soulager par simples massages, des \u00e9tats douloureux comme par exemple se masser la nuque pour se d\u00e9tendre en rentrant d&rsquo;une journ\u00e9e particuli\u00e8rement difficile. Il se trouve que les solutions expos\u00e9es ici sont relativement efficaces MAIS il vous faut imp\u00e9rativement aller consulter un m\u00e9decin pour pouvoir \u00eatre <b>soign\u00e9<\/b> en plus d&rsquo;\u00eatre soulag\u00e9.<\/span><br \/>\n<center><br \/>\n<a href=\"http:\/\/www.amazon.fr\/gp\/search?ie=UTF8&amp;camp=1642&amp;creative=6746&amp;index=books&amp;keywords=acupuncture&amp;linkCode=ur2&amp;tag=technidemassa-21\" target=\"_blank\" rel=\"noopener noreferrer\">lien vers des livres d&rsquo;acupuncture<\/a><img src=\"http:\/\/www.assoc-amazon.fr\/e\/ir?t=technidemassa-21&amp;l=ur2&amp;o=8\" alt=\"\" width=\"1\" height=\"1\" border=\"0\" \/><\/center><\/p>\n","protected":false},"excerpt":{"rendered":"<p>Une g\u00eane respiratoire peut-\u00eatre un sympt\u00f4me dont l&rsquo;origine peut \u00eatre tr\u00e8s grave : le c\u00faur, les poumons, le syst\u00e8me nerveux peuvent \u00eatre touch\u00e9s. Alors attention uand m\u00eame, il vaut mieux consulter votre m\u00e9decin si vous n&rsquo;arrivez pas \u00e0 d\u00e9terminer l&rsquo;origine de votre g\u00eane. Toutefois, vous pouvez avoir des g\u00eanes respiratoires plus banales commes suite \u00e0 &hellip; <\/p>\n<p class=\"link-more\"><a href=\"https:\/\/www.igatamus.com\/bgc\/technique-de-massage-des-points-dacupuncture\/gene-respiratoire\/\" class=\"more-link\">Continuer la lecture<span class=\"screen-reader-text\"> de &laquo;&nbsp;G\u00eane respiratoire&nbsp;&raquo;<\/span><\/a><\/p>\n","protected":false},"author":1,"featured_media":0,"parent":431,"menu_order":26,"comment_status":"closed","ping_status":"closed","template":"","meta":[],"_links":{"self":[{"href":"https:\/\/www.igatamus.com\/bgc\/wp-json\/wp\/v2\/pages\/500"}],"collection":[{"href":"https:\/\/www.igatamus.com\/bgc\/wp-json\/wp\/v2\/pages"}],"about":[{"href":"https:\/\/www.igatamus.com\/bgc\/wp-json\/wp\/v2\/types\/page"}],"author":[{"embeddable":true,"href":"https:\/\/www.igatamus.com\/bgc\/wp-json\/wp\/v2\/users\/1"}],"replies":[{"embeddable":true,"href":"https:\/\/www.igatamus.com\/bgc\/wp-json\/wp\/v2\/comments?post=500"}],"version-history":[{"count":1,"href":"https:\/\/www.igatamus.com\/bgc\/wp-json\/wp\/v2\/pages\/500\/revisions"}],"predecessor-version":[{"id":501,"href":"https:\/\/www.igatamus.com\/bgc\/wp-json\/wp\/v2\/pages\/500\/revisions\/501"}],"up":[{"embeddable":true,"href":"https:\/\/www.igatamus.com\/bgc\/wp-json\/wp\/v2\/pages\/431"}],"wp:attachment":[{"href":"https:\/\/www.igatamus.com\/bgc\/wp-json\/wp\/v2\/media?parent=500"}],"curies":[{"name":"wp","href":"https:\/\/api.w.org\/{rel}","templated":true}]}}