{"id":496,"date":"2018-01-21T15:28:59","date_gmt":"2018-01-21T14:28:59","guid":{"rendered":"http:\/\/www.igatamus.com\/bgc\/?page_id=496"},"modified":"2018-01-21T15:28:59","modified_gmt":"2018-01-21T14:28:59","slug":"eczema-uticaire","status":"publish","type":"page","link":"https:\/\/www.igatamus.com\/bgc\/technique-de-massage-des-points-dacupuncture\/eczema-uticaire\/","title":{"rendered":"Ecz\u00e9ma, Uticaire"},"content":{"rendered":"<p>Les \u00e9ruption les plus connues sont l&rsquo;ecz\u00e9ma et l&rsquo;urticaire.<\/p>\n<p>L&rsquo;Ecz\u00e9ma provoque des plaques crouteuses ou suintantes.<\/p>\n<p>L&rsquo;urticaire provoque des \u00e9tendues rouges qui s&rsquo;effacent lorsqu&rsquo;on les presses avec les doigts.<\/p>\n<p>Il est certain qu&rsquo;un traitement aux allergies est tr\u00e8s compliqu\u00e9, mais dans certains cas ponctuels comme les allergies \u00e0 de la nourriture comme les fraises, les mangues ou les huitres par exemple, il est tr\u00e8s int\u00e9ressant de pouvoir se soulager rapidement.<br \/>\n<b>Deux points sont particuli\u00e8rement int\u00e9ressants pour cela :<\/b><\/p>\n<table border=\"2\" cellspacing=\"0\" cellpadding=\"0\">\n<tbody>\n<tr>\n<td width=\"50%\"><b><i>Le premier est situ\u00e9 sur l&rsquo;arri\u00e8re du genou, exactement \u00e0 la moiti\u00e9 de la pliure post\u00e9rieure de la jointure.<\/i><\/b><\/p>\n<p align=\"CENTER\"><img src=\"http:\/\/vidauban.pagesperso-orange.fr\/medchin\/erup0.jpg\" width=\"212\" height=\"216\" align=\"BOTTOM\" border=\"0\" \/><\/p>\n<\/td>\n<td width=\"50%\"><b><i>Le secon est situ\u00e9 de part et d&rsquo;autre de la troisi\u00e8me vert\u00e8bre dorsale. Pour trouver celle-ci, faites asseoir la patient en lui demandant de baisser la t\u00eate. Appara\u00eet alors, \u00e0 la base de la nuque, la derni\u00e8re vert\u00e8bre cervicale, compter trois vert\u00e8bres en dessous. Le point est situ\u00e9 \u00e0 deux travers de doigt de la ligne m\u00e9diane au niveau de cette vert\u00e8bre.<\/i><\/b><\/p>\n<p align=\"CENTER\"><img src=\"http:\/\/vidauban.pagesperso-orange.fr\/medchin\/erup1.jpg\" width=\"200\" height=\"155\" align=\"BOTTOM\" border=\"0\" \/><\/p>\n<\/td>\n<\/tr>\n<\/tbody>\n<\/table>\n<p>Pour obtenir un r\u00e9sultat, il faut masser tr\u00e8s fortement ces points<\/p>\n<p style=\"text-align: left;\" align=\"CENTER\"><span style=\"font-size: xx-small;\">ATTENTION : ces pages ont \u00e9t\u00e9 r\u00e9alis\u00e9es \u00e0 partir de documents existants : livres, cours, publicit\u00e9s m\u00e9dicales&#8230; Nous tenons \u00e0 pr\u00e9venir l&rsquo;internaute lecteur de ces pages qu&rsquo;il ne s&rsquo;agit en aucun cas de pratiquer la m\u00e9decine mais de soulager par simples massages, des \u00e9tats douloureux comme par exemple se masser la nuque pour se d\u00e9tendre en rentrant d&rsquo;une journ\u00e9e particuli\u00e8rement difficile. Il se trouve que les solutions expos\u00e9es ici sont relativement efficaces MAIS il vous faut imp\u00e9rativement aller consulter un m\u00e9decin pour pouvoir \u00eatre <b>soign\u00e9<\/b> en plus d&rsquo;\u00eatre soulag\u00e9.<\/span><\/p>\n<p><center><br \/>\n<a href=\"http:\/\/www.amazon.fr\/gp\/search?ie=UTF8&amp;camp=1642&amp;creative=6746&amp;index=books&amp;keywords=acupuncture&amp;linkCode=ur2&amp;tag=technidemassa-21\" target=\"_blank\" rel=\"noopener noreferrer\">lien vers des livres d&rsquo;acupuncture<\/a><img src=\"http:\/\/www.assoc-amazon.fr\/e\/ir?t=technidemassa-21&amp;l=ur2&amp;o=8\" alt=\"\" width=\"1\" height=\"1\" border=\"0\" \/><\/center><\/p>\n","protected":false},"excerpt":{"rendered":"<p>Les \u00e9ruption les plus connues sont l&rsquo;ecz\u00e9ma et l&rsquo;urticaire. L&rsquo;Ecz\u00e9ma provoque des plaques crouteuses ou suintantes. L&rsquo;urticaire provoque des \u00e9tendues rouges qui s&rsquo;effacent lorsqu&rsquo;on les presses avec les doigts. Il est certain qu&rsquo;un traitement aux allergies est tr\u00e8s compliqu\u00e9, mais dans certains cas ponctuels comme les allergies \u00e0 de la nourriture comme les fraises, les &hellip; <\/p>\n<p class=\"link-more\"><a href=\"https:\/\/www.igatamus.com\/bgc\/technique-de-massage-des-points-dacupuncture\/eczema-uticaire\/\" class=\"more-link\">Continuer la lecture<span class=\"screen-reader-text\"> de &laquo;&nbsp;Ecz\u00e9ma, Uticaire&nbsp;&raquo;<\/span><\/a><\/p>\n","protected":false},"author":1,"featured_media":0,"parent":431,"menu_order":25,"comment_status":"closed","ping_status":"closed","template":"","meta":[],"_links":{"self":[{"href":"https:\/\/www.igatamus.com\/bgc\/wp-json\/wp\/v2\/pages\/496"}],"collection":[{"href":"https:\/\/www.igatamus.com\/bgc\/wp-json\/wp\/v2\/pages"}],"about":[{"href":"https:\/\/www.igatamus.com\/bgc\/wp-json\/wp\/v2\/types\/page"}],"author":[{"embeddable":true,"href":"https:\/\/www.igatamus.com\/bgc\/wp-json\/wp\/v2\/users\/1"}],"replies":[{"embeddable":true,"href":"https:\/\/www.igatamus.com\/bgc\/wp-json\/wp\/v2\/comments?post=496"}],"version-history":[{"count":1,"href":"https:\/\/www.igatamus.com\/bgc\/wp-json\/wp\/v2\/pages\/496\/revisions"}],"predecessor-version":[{"id":497,"href":"https:\/\/www.igatamus.com\/bgc\/wp-json\/wp\/v2\/pages\/496\/revisions\/497"}],"up":[{"embeddable":true,"href":"https:\/\/www.igatamus.com\/bgc\/wp-json\/wp\/v2\/pages\/431"}],"wp:attachment":[{"href":"https:\/\/www.igatamus.com\/bgc\/wp-json\/wp\/v2\/media?parent=496"}],"curies":[{"name":"wp","href":"https:\/\/api.w.org\/{rel}","templated":true}]}}