{"id":494,"date":"2018-01-21T15:27:31","date_gmt":"2018-01-21T14:27:31","guid":{"rendered":"http:\/\/www.igatamus.com\/bgc\/?page_id=494"},"modified":"2018-01-21T15:27:31","modified_gmt":"2018-01-21T14:27:31","slug":"douleur-aux-yeux","status":"publish","type":"page","link":"https:\/\/www.igatamus.com\/bgc\/technique-de-massage-des-points-dacupuncture\/douleur-aux-yeux\/","title":{"rendered":"Douleur aux yeux"},"content":{"rendered":"<p>Le mal aux yeux peut avoir de nombreuses provenances, une simple poussi\u00e8re dans l&rsquo;oeil, ou un cil, un coup de froid, une infection comme la conjonctivite, un coup&#8230;<\/p>\n<p>Mais cet organe fragile peut aussi \u00eatre attaqu\u00e9 par des maladies graves comme le glaucome ou l&rsquo;iritis qui mettent en p\u00e9ril la vue du patient. Aussi n&rsquo;h\u00e9sitez pas \u00e0 vous faire examiner par un ophtalmologiste qui diagnostiquera le probl\u00e8me.<\/p>\n<p>En attandant d&rsquo;aller consulter, vous pouvez soulager votre douleur et am\u00e9liorer votre vision en stimulant un point.<\/p>\n<table border=\"0\" cellspacing=\"0\" cellpadding=\"0\">\n<tbody>\n<tr>\n<td width=\"50%\"><b><i>Ce point est exactement situ\u00e9 tout pr\u00e8s de l&rsquo;oeil, mais ATTENTION, de l&rsquo;OEIL SAIN.<br \/>\nCe point a une action crois\u00e9e.<br \/>\nIl est pr\u00e9cis\u00e9ment dans l&rsquo;angle interne de chaque oeil.<br \/>\nIl faut masser tr\u00e8s fort le point gauche pour traiter l&rsquo;oeil droite et le droit pour l&rsquo;oeil gauche.<\/i><\/b><\/p>\n<p align=\"CENTER\"><img src=\"http:\/\/vidauban.pagesperso-orange.fr\/medchin\/yeux.jpg\" width=\"182\" height=\"198\" align=\"BOTTOM\" border=\"0\" \/><\/p>\n<\/td>\n<td width=\"50%\">\n<p align=\"CENTER\"><img src=\"http:\/\/vidauban.pagesperso-orange.fr\/medchin\/yeux.gif\" width=\"275\" height=\"230\" align=\"BOTTOM\" border=\"0\" \/><\/p>\n<\/td>\n<\/tr>\n<\/tbody>\n<\/table>\n<p><span style=\"font-size: xx-small;\">ATTENTION : ces pages ont \u00e9t\u00e9 r\u00e9alis\u00e9es \u00e0 partir de documents existants : livres, cours, publicit\u00e9s m\u00e9dicales&#8230; Nous tenons \u00e0 pr\u00e9venir l&rsquo;internaute lecteur de ces pages qu&rsquo;il ne s&rsquo;agit en aucun cas de pratiquer la m\u00e9decine mais de soulager par simples massages, des \u00e9tats douloureux comme par exemple se masser la nuque pour se d\u00e9tendre en rentrant d&rsquo;une journ\u00e9e particuli\u00e8rement difficile. Il se trouve que les solutions expos\u00e9es ici sont relativement efficaces MAIS il vous faut imp\u00e9rativement aller consulter un m\u00e9decin pour pouvoir \u00eatre <b>soign\u00e9<\/b> en plus d&rsquo;\u00eatre soulag\u00e9.<\/span><br \/>\n<center><center><a href=\"http:\/\/www.amazon.fr\/gp\/search?ie=UTF8&amp;camp=1642&amp;creative=6746&amp;index=books&amp;keywords=acupuncture&amp;linkCode=ur2&amp;tag=technidemassa-21\" target=\"_blank\" rel=\"noopener noreferrer\">lien vers des livres d&rsquo;acupuncture<\/a><img src=\"http:\/\/www.assoc-amazon.fr\/e\/ir?t=technidemassa-21&amp;l=ur2&amp;o=8\" alt=\"\" width=\"1\" height=\"1\" border=\"0\" \/><\/center><\/center><\/p>\n","protected":false},"excerpt":{"rendered":"<p>Le mal aux yeux peut avoir de nombreuses provenances, une simple poussi\u00e8re dans l&rsquo;oeil, ou un cil, un coup de froid, une infection comme la conjonctivite, un coup&#8230; Mais cet organe fragile peut aussi \u00eatre attaqu\u00e9 par des maladies graves comme le glaucome ou l&rsquo;iritis qui mettent en p\u00e9ril la vue du patient. Aussi n&rsquo;h\u00e9sitez &hellip; <\/p>\n<p class=\"link-more\"><a href=\"https:\/\/www.igatamus.com\/bgc\/technique-de-massage-des-points-dacupuncture\/douleur-aux-yeux\/\" class=\"more-link\">Continuer la lecture<span class=\"screen-reader-text\"> de &laquo;&nbsp;Douleur aux yeux&nbsp;&raquo;<\/span><\/a><\/p>\n","protected":false},"author":1,"featured_media":0,"parent":431,"menu_order":25,"comment_status":"closed","ping_status":"closed","template":"","meta":[],"_links":{"self":[{"href":"https:\/\/www.igatamus.com\/bgc\/wp-json\/wp\/v2\/pages\/494"}],"collection":[{"href":"https:\/\/www.igatamus.com\/bgc\/wp-json\/wp\/v2\/pages"}],"about":[{"href":"https:\/\/www.igatamus.com\/bgc\/wp-json\/wp\/v2\/types\/page"}],"author":[{"embeddable":true,"href":"https:\/\/www.igatamus.com\/bgc\/wp-json\/wp\/v2\/users\/1"}],"replies":[{"embeddable":true,"href":"https:\/\/www.igatamus.com\/bgc\/wp-json\/wp\/v2\/comments?post=494"}],"version-history":[{"count":1,"href":"https:\/\/www.igatamus.com\/bgc\/wp-json\/wp\/v2\/pages\/494\/revisions"}],"predecessor-version":[{"id":495,"href":"https:\/\/www.igatamus.com\/bgc\/wp-json\/wp\/v2\/pages\/494\/revisions\/495"}],"up":[{"embeddable":true,"href":"https:\/\/www.igatamus.com\/bgc\/wp-json\/wp\/v2\/pages\/431"}],"wp:attachment":[{"href":"https:\/\/www.igatamus.com\/bgc\/wp-json\/wp\/v2\/media?parent=494"}],"curies":[{"name":"wp","href":"https:\/\/api.w.org\/{rel}","templated":true}]}}