{"id":492,"date":"2018-01-21T15:26:14","date_gmt":"2018-01-21T14:26:14","guid":{"rendered":"http:\/\/www.igatamus.com\/bgc\/?page_id=492"},"modified":"2018-01-21T15:26:14","modified_gmt":"2018-01-21T14:26:14","slug":"douleur-au-sein","status":"publish","type":"page","link":"https:\/\/www.igatamus.com\/bgc\/technique-de-massage-des-points-dacupuncture\/douleur-au-sein\/","title":{"rendered":"Douleur au sein"},"content":{"rendered":"<p>Lorsqu&rsquo;il y a quelque chose d&rsquo;anormal dans le sein, il faut \u00eatre vigilant et consulter son m\u00e9decin ou son gyn\u00e9cologue mais rien n&#8217;emp\u00eache de se soulager sans avoir besoin d&rsquo;intervention traumatisante.<\/p>\n<p>D&rsquo;ailleur, les points ne sont pas situ\u00e9s sur le sein mais au-dessus du genou et sur le bras.<\/p>\n<table border=\"2\" cellpadding=\"0\">\n<tbody>\n<tr>\n<td width=\"50%\">\n<p align=\"CENTER\"><b><i>Le premier point est situ\u00e9 en avant de la cuisse et pour le trouver, il faut placer sa main au-dessus du genou, le petit doigt situ\u00e9 sur l&rsquo;angle sup\u00e9rieur et ext\u00e9rieur de la rotule, le pouce vient indiquer l&rsquo;endroit o\u00f9 il faut masser.<\/i><\/b><\/p>\n<p align=\"CENTER\"><img src=\"http:\/\/vidauban.pagesperso-orange.fr\/medchin\/sein.gif\" width=\"166\" height=\"216\" align=\"BOTTOM\" border=\"0\" \/><\/p>\n<\/td>\n<td width=\"50%\">\n<p align=\"CENTER\"><b><i>Le second point est situ\u00e9 sur le bras. Pliez \u00e0 moiti\u00e9 l&rsquo;avant bras, le plis ant\u00e9rieur de flexion se dessine parfaitement. Mesurez trois travers de doigt au-dessous de celui-ci, le point est situ\u00e9 l\u00e0.<\/i><\/b><\/p>\n<p align=\"CENTER\"><img src=\"http:\/\/vidauban.pagesperso-orange.fr\/medchin\/sein2.gif\" width=\"280\" height=\"241\" align=\"BOTTOM\" border=\"0\" \/><\/p>\n<\/td>\n<\/tr>\n<\/tbody>\n<\/table>\n<p align=\"CENTER\"><span style=\"font-size: xx-small;\">ATTENTION : ces pages ont \u00e9t\u00e9 r\u00e9alis\u00e9es \u00e0 partir de documents existants : livres, cours, publicit\u00e9s m\u00e9dicales&#8230; Nous tenons \u00e0 pr\u00e9venir l&rsquo;internaute lecteur de ces pages qu&rsquo;il ne s&rsquo;agit en aucun cas de pratiquer la m\u00e9decine mais de soulager par simples massages, des \u00e9tats douloureux comme par exemple se masser la nuque pour se d\u00e9tendre en rentrant d&rsquo;une journ\u00e9e particuli\u00e8rement difficile. Il se trouve que les solutions expos\u00e9es ici sont relativement efficaces MAIS il vous faut imp\u00e9rativement aller consulter un m\u00e9decin pour pouvoir \u00eatre <b>soign\u00e9<\/b> en plus d&rsquo;\u00eatre soulag\u00e9.<\/span><\/p>\n<p><center><br \/>\n<a href=\"http:\/\/www.amazon.fr\/gp\/search?ie=UTF8&amp;camp=1642&amp;creative=6746&amp;index=books&amp;keywords=acupuncture&amp;linkCode=ur2&amp;tag=technidemassa-21\" target=\"_blank\" rel=\"noopener noreferrer\">lien vers des livres d&rsquo;acupuncture<\/a><img src=\"http:\/\/www.assoc-amazon.fr\/e\/ir?t=technidemassa-21&amp;l=ur2&amp;o=8\" alt=\"\" width=\"1\" height=\"1\" border=\"0\" \/><\/center><\/p>\n","protected":false},"excerpt":{"rendered":"<p>Lorsqu&rsquo;il y a quelque chose d&rsquo;anormal dans le sein, il faut \u00eatre vigilant et consulter son m\u00e9decin ou son gyn\u00e9cologue mais rien n&#8217;emp\u00eache de se soulager sans avoir besoin d&rsquo;intervention traumatisante. D&rsquo;ailleur, les points ne sont pas situ\u00e9s sur le sein mais au-dessus du genou et sur le bras. Le premier point est situ\u00e9 en &hellip; <\/p>\n<p class=\"link-more\"><a href=\"https:\/\/www.igatamus.com\/bgc\/technique-de-massage-des-points-dacupuncture\/douleur-au-sein\/\" class=\"more-link\">Continuer la lecture<span class=\"screen-reader-text\"> de &laquo;&nbsp;Douleur au sein&nbsp;&raquo;<\/span><\/a><\/p>\n","protected":false},"author":1,"featured_media":0,"parent":431,"menu_order":24,"comment_status":"closed","ping_status":"closed","template":"","meta":[],"_links":{"self":[{"href":"https:\/\/www.igatamus.com\/bgc\/wp-json\/wp\/v2\/pages\/492"}],"collection":[{"href":"https:\/\/www.igatamus.com\/bgc\/wp-json\/wp\/v2\/pages"}],"about":[{"href":"https:\/\/www.igatamus.com\/bgc\/wp-json\/wp\/v2\/types\/page"}],"author":[{"embeddable":true,"href":"https:\/\/www.igatamus.com\/bgc\/wp-json\/wp\/v2\/users\/1"}],"replies":[{"embeddable":true,"href":"https:\/\/www.igatamus.com\/bgc\/wp-json\/wp\/v2\/comments?post=492"}],"version-history":[{"count":1,"href":"https:\/\/www.igatamus.com\/bgc\/wp-json\/wp\/v2\/pages\/492\/revisions"}],"predecessor-version":[{"id":493,"href":"https:\/\/www.igatamus.com\/bgc\/wp-json\/wp\/v2\/pages\/492\/revisions\/493"}],"up":[{"embeddable":true,"href":"https:\/\/www.igatamus.com\/bgc\/wp-json\/wp\/v2\/pages\/431"}],"wp:attachment":[{"href":"https:\/\/www.igatamus.com\/bgc\/wp-json\/wp\/v2\/media?parent=492"}],"curies":[{"name":"wp","href":"https:\/\/api.w.org\/{rel}","templated":true}]}}