{"id":490,"date":"2018-01-21T15:25:22","date_gmt":"2018-01-21T14:25:22","guid":{"rendered":"http:\/\/www.igatamus.com\/bgc\/?page_id=490"},"modified":"2018-01-21T15:25:22","modified_gmt":"2018-01-21T14:25:22","slug":"douleur-a-la-poitrine","status":"publish","type":"page","link":"https:\/\/www.igatamus.com\/bgc\/technique-de-massage-des-points-dacupuncture\/douleur-a-la-poitrine\/","title":{"rendered":"Douleur \u00e0 la poitrine"},"content":{"rendered":"<p><span style=\"color: #ff0000;\"><b style=\"color: #ff0000;\">ATTENTION, la douleur \u00e0 la poitrine peut, si elle est venue sans crier gare \u00eatre le sympt\u00f4me d&rsquo;une maladie grave, du <\/b><span style=\"color: #ff0000;\"><b>c\u0153ur<\/b><\/span><b style=\"color: #ff0000;\">\u00a0ou des poumons par exemple : <\/b><span style=\"color: #ff0000;\"><b>infarctus<\/b><\/span><b style=\"color: #ff0000;\">, angine de <\/b><span style=\"color: #ff0000;\"><b>poitrine<\/b><\/span><b style=\"color: #ff0000;\">, <\/b><span style=\"color: #ff0000;\"><b>embolie<\/b><\/span><b style=\"color: #ff0000;\">\u00a0pulmonaire, pleur\u00e9sie. Surtout, allez consulter votre m\u00e9decin.<\/b><\/span><\/p>\n<p>Heureusement, quelques fois, il s&rsquo;agit de douleurs plus banales, comme une n\u00e9vralgie intercostale par exemple. Aussi voici un point qui pourra vous soulager.<\/p>\n<table border=\"0\" cellspacing=\"0\" cellpadding=\"0\">\n<tbody>\n<tr>\n<td width=\"50%\"><b><i>Ce point est situ\u00e9 en plein milieu de l&rsquo;avant-bras sur le dos de celui-ci, exactement \u00e0 mi distance entre le coude et le plis du poignet d&rsquo;une part et d&rsquo;autre part au milieu par rapport aux bords.<\/p>\n<p>Massez tr\u00e8s fort, le r\u00e9sultat est tr\u00e8s probant.<\/p>\n<p>Il faut savoir qu&rsquo;en chine des m\u00e9decins arrivent \u00e0 enlever chirurgicalement des parties de poumons sans anesth\u00e9sie gr\u00e2ce \u00e0 ce point<\/i><\/b><\/td>\n<td width=\"50%\">\n<p align=\"CENTER\"><img src=\"http:\/\/vidauban.pagesperso-orange.fr\/medchin\/poitrine.gif\" width=\"224\" height=\"132\" align=\"BOTTOM\" border=\"0\" \/><\/p>\n<\/td>\n<\/tr>\n<\/tbody>\n<\/table>\n<p style=\"text-align: left;\" align=\"CENTER\"><span style=\"font-size: xx-small;\">ATTENTION : ces pages ont \u00e9t\u00e9 r\u00e9alis\u00e9es \u00e0 partir de documents existants : livres, cours, publicit\u00e9s m\u00e9dicales&#8230; Nous tenons \u00e0 pr\u00e9venir l&rsquo;internaute lecteur de ces pages qu&rsquo;il ne s&rsquo;agit en aucun cas de pratiquer la m\u00e9decine mais de soulager par simples massages, des \u00e9tats douloureux comme par exemple se masser la nuque pour se d\u00e9tendre en rentrant d&rsquo;une journ\u00e9e particuli\u00e8rement difficile. Il se trouve que les solutions expos\u00e9es ici sont relativement efficaces MAIS il vous faut imp\u00e9rativement aller consulter un m\u00e9decin pour pouvoir \u00eatre <b>soign\u00e9<\/b> en plus d&rsquo;\u00eatre soulag\u00e9.<\/span><\/p>\n<p><center><center><a href=\"http:\/\/www.amazon.fr\/gp\/search?ie=UTF8&amp;camp=1642&amp;creative=6746&amp;index=books&amp;keywords=acupuncture&amp;linkCode=ur2&amp;tag=technidemassa-21\" target=\"_blank\" rel=\"noopener noreferrer\">lien vers des livres d&rsquo;acupuncture<\/a><img src=\"http:\/\/www.assoc-amazon.fr\/e\/ir?t=technidemassa-21&amp;l=ur2&amp;o=8\" alt=\"\" width=\"1\" height=\"1\" border=\"0\" \/><\/center><\/center><\/p>\n","protected":false},"excerpt":{"rendered":"<p>ATTENTION, la douleur \u00e0 la poitrine peut, si elle est venue sans crier gare \u00eatre le sympt\u00f4me d&rsquo;une maladie grave, du c\u0153ur\u00a0ou des poumons par exemple : infarctus, angine de poitrine, embolie\u00a0pulmonaire, pleur\u00e9sie. Surtout, allez consulter votre m\u00e9decin. Heureusement, quelques fois, il s&rsquo;agit de douleurs plus banales, comme une n\u00e9vralgie intercostale par exemple. Aussi voici &hellip; <\/p>\n<p class=\"link-more\"><a href=\"https:\/\/www.igatamus.com\/bgc\/technique-de-massage-des-points-dacupuncture\/douleur-a-la-poitrine\/\" class=\"more-link\">Continuer la lecture<span class=\"screen-reader-text\"> de &laquo;&nbsp;Douleur \u00e0 la poitrine&nbsp;&raquo;<\/span><\/a><\/p>\n","protected":false},"author":1,"featured_media":0,"parent":431,"menu_order":23,"comment_status":"closed","ping_status":"closed","template":"","meta":[],"_links":{"self":[{"href":"https:\/\/www.igatamus.com\/bgc\/wp-json\/wp\/v2\/pages\/490"}],"collection":[{"href":"https:\/\/www.igatamus.com\/bgc\/wp-json\/wp\/v2\/pages"}],"about":[{"href":"https:\/\/www.igatamus.com\/bgc\/wp-json\/wp\/v2\/types\/page"}],"author":[{"embeddable":true,"href":"https:\/\/www.igatamus.com\/bgc\/wp-json\/wp\/v2\/users\/1"}],"replies":[{"embeddable":true,"href":"https:\/\/www.igatamus.com\/bgc\/wp-json\/wp\/v2\/comments?post=490"}],"version-history":[{"count":1,"href":"https:\/\/www.igatamus.com\/bgc\/wp-json\/wp\/v2\/pages\/490\/revisions"}],"predecessor-version":[{"id":491,"href":"https:\/\/www.igatamus.com\/bgc\/wp-json\/wp\/v2\/pages\/490\/revisions\/491"}],"up":[{"embeddable":true,"href":"https:\/\/www.igatamus.com\/bgc\/wp-json\/wp\/v2\/pages\/431"}],"wp:attachment":[{"href":"https:\/\/www.igatamus.com\/bgc\/wp-json\/wp\/v2\/media?parent=490"}],"curies":[{"name":"wp","href":"https:\/\/api.w.org\/{rel}","templated":true}]}}