{"id":488,"date":"2018-01-21T15:23:42","date_gmt":"2018-01-21T14:23:42","guid":{"rendered":"http:\/\/www.igatamus.com\/bgc\/?page_id=488"},"modified":"2018-01-21T15:23:42","modified_gmt":"2018-01-21T14:23:42","slug":"douleur-au-poignet","status":"publish","type":"page","link":"https:\/\/www.igatamus.com\/bgc\/technique-de-massage-des-points-dacupuncture\/douleur-au-poignet\/","title":{"rendered":"Douleur au poignet"},"content":{"rendered":"<p>Il est quasiment impossible de s\u00e9parer les douleurs de la main ou du poignet. En effet il y a l\u00e0 tout un ensemble de d&rsquo;os, de tendons et de muscles tellement imbriqu\u00e9s les uns avec les autres et effectuant des interactions continues que tout cet ensemble est intimement li\u00e9.<\/p>\n<p>Toutefois, deux points vont nous permettre de soulager les douleurs de ces zones : Main &#8211; poignet.<\/p>\n<table border=\"0\" cellspacing=\"0\" cellpadding=\"0\">\n<tbody>\n<tr>\n<td width=\"50%\"><b><i>Le premier point est situ\u00e9 sur le bord de la main qui prolonge le petit doigt, un peu en avant du pli du poignet sur un deuxi\u00e8me pli qui se forme lorsque l&rsquo;on tourne la main dans la direction du m\u00eame petit doigt.<\/i><\/b><\/td>\n<td width=\"50%\">\n<p align=\"CENTER\"><img src=\"http:\/\/vidauban.pagesperso-orange.fr\/medchin\/poignet1.gif\" width=\"253\" height=\"213\" align=\"BOTTOM\" border=\"0\" \/><\/p>\n<\/td>\n<\/tr>\n<\/tbody>\n<\/table>\n<table border=\"0\" cellspacing=\"0\" cellpadding=\"0\">\n<tbody>\n<tr>\n<td width=\"50%\"><b><i>Le second point est situ\u00e9 sur le dos du poignet, \u00e0 trois travers de doigt au-dessus du pli, et juste \u00e0 la rencontre des deux os qui forment l&rsquo;avant bras : le radius et le cubitus.<\/p>\n<p>Ce points est tr\u00e8s facile \u00e0 retrouver.<\/i><\/b><\/td>\n<td width=\"50%\">\n<p align=\"CENTER\"><img src=\"http:\/\/vidauban.pagesperso-orange.fr\/medchin\/poignet2.gif\" width=\"184\" height=\"218\" align=\"BOTTOM\" border=\"0\" \/><\/p>\n<\/td>\n<\/tr>\n<\/tbody>\n<\/table>\n<p style=\"text-align: left;\" align=\"CENTER\"><span style=\"font-size: xx-small;\">ATTENTION : ces pages ont \u00e9t\u00e9 r\u00e9alis\u00e9es \u00e0 partir de documents existants : livres, cours, publicit\u00e9s m\u00e9dicales&#8230; Nous tenons \u00e0 pr\u00e9venir l&rsquo;internaute lecteur de ces pages qu&rsquo;il ne s&rsquo;agit en aucun cas de pratiquer la m\u00e9decine mais de soulager par simples massages, des \u00e9tats douloureux comme par exemple se masser la nuque pour se d\u00e9tendre en rentrant d&rsquo;une journ\u00e9e particuli\u00e8rement difficile. Il se trouve que les solutions expos\u00e9es ici sont relativement efficaces MAIS il vous faut imp\u00e9rativement aller consulter un m\u00e9decin pour pouvoir \u00eatre <b>soign\u00e9<\/b> en plus d&rsquo;\u00eatre soulag\u00e9.<\/span><\/p>\n<p><center><br \/>\n<a href=\"http:\/\/www.amazon.fr\/gp\/search?ie=UTF8&amp;camp=1642&amp;creative=6746&amp;index=books&amp;keywords=acupuncture&amp;linkCode=ur2&amp;tag=technidemassa-21\" target=\"_blank\" rel=\"noopener noreferrer\">lien vers des livres d&rsquo;acupuncture<\/a><img src=\"http:\/\/www.assoc-amazon.fr\/e\/ir?t=technidemassa-21&amp;l=ur2&amp;o=8\" alt=\"\" width=\"1\" height=\"1\" border=\"0\" \/><\/center><\/p>\n","protected":false},"excerpt":{"rendered":"<p>Il est quasiment impossible de s\u00e9parer les douleurs de la main ou du poignet. En effet il y a l\u00e0 tout un ensemble de d&rsquo;os, de tendons et de muscles tellement imbriqu\u00e9s les uns avec les autres et effectuant des interactions continues que tout cet ensemble est intimement li\u00e9. Toutefois, deux points vont nous permettre &hellip; <\/p>\n<p class=\"link-more\"><a href=\"https:\/\/www.igatamus.com\/bgc\/technique-de-massage-des-points-dacupuncture\/douleur-au-poignet\/\" class=\"more-link\">Continuer la lecture<span class=\"screen-reader-text\"> de &laquo;&nbsp;Douleur au poignet&nbsp;&raquo;<\/span><\/a><\/p>\n","protected":false},"author":1,"featured_media":0,"parent":431,"menu_order":22,"comment_status":"closed","ping_status":"closed","template":"","meta":[],"_links":{"self":[{"href":"https:\/\/www.igatamus.com\/bgc\/wp-json\/wp\/v2\/pages\/488"}],"collection":[{"href":"https:\/\/www.igatamus.com\/bgc\/wp-json\/wp\/v2\/pages"}],"about":[{"href":"https:\/\/www.igatamus.com\/bgc\/wp-json\/wp\/v2\/types\/page"}],"author":[{"embeddable":true,"href":"https:\/\/www.igatamus.com\/bgc\/wp-json\/wp\/v2\/users\/1"}],"replies":[{"embeddable":true,"href":"https:\/\/www.igatamus.com\/bgc\/wp-json\/wp\/v2\/comments?post=488"}],"version-history":[{"count":1,"href":"https:\/\/www.igatamus.com\/bgc\/wp-json\/wp\/v2\/pages\/488\/revisions"}],"predecessor-version":[{"id":489,"href":"https:\/\/www.igatamus.com\/bgc\/wp-json\/wp\/v2\/pages\/488\/revisions\/489"}],"up":[{"embeddable":true,"href":"https:\/\/www.igatamus.com\/bgc\/wp-json\/wp\/v2\/pages\/431"}],"wp:attachment":[{"href":"https:\/\/www.igatamus.com\/bgc\/wp-json\/wp\/v2\/media?parent=488"}],"curies":[{"name":"wp","href":"https:\/\/api.w.org\/{rel}","templated":true}]}}