{"id":486,"date":"2018-01-21T15:22:43","date_gmt":"2018-01-21T14:22:43","guid":{"rendered":"http:\/\/www.igatamus.com\/bgc\/?page_id=486"},"modified":"2018-01-21T15:22:43","modified_gmt":"2018-01-21T14:22:43","slug":"douleur-du-pied","status":"publish","type":"page","link":"https:\/\/www.igatamus.com\/bgc\/technique-de-massage-des-points-dacupuncture\/douleur-du-pied\/","title":{"rendered":"Douleur du pied"},"content":{"rendered":"<p>La vie actuelle, H\u00e9 oui, toujours elle, est complice de maltraitance au niveau de nos pieds. Chaussures en hiver, chaussures \u00e9galement en \u00e9t\u00e9 pour les hommes sauf peut \u00eatre quand ils sont en vacances. Les femmes ont l&rsquo;avantage de pouvoir mettre des chaussures plus agr\u00e9ables en \u00e9t\u00e9 mais les pauvres sont elles aussi, si ce n&rsquo;est plus meurtries avec des escarpins qui ne sont pas du genre \u00e0 laisser les pieds s&rsquo;\u00e9panouir.<\/p>\n<p>Le pied se d\u00e9forme, durillons, cors, oignons, vo\u00fbte plantaire affaiss\u00e9e. Petit \u00e0 petit les pieds font souffrir continuellement et le corps, pour compenser cette douleur prend des positions de soulagement qui ont ensuite des r\u00e9percutions sur les genoux, la colonne vert\u00e9brale&#8230;<\/p>\n<p>Aussi il est tr\u00e8s int\u00e9ressant de conna\u00eetre un point qui permet de soulager les douleurs aux pieds et ainsi \u00e9viter peut-\u00eatre d&rsquo;autres complications en sus de soulager la douleur ponctuelle.<\/p>\n<table border=\"0\" cellspacing=\"0\" cellpadding=\"0\">\n<tbody>\n<tr>\n<td width=\"50%\"><b><i>Ce point est situ\u00e9 sur le dos du pied, \u00e0 la base du deuxi\u00e8me orteil.<\/p>\n<p>Il suffit de la masser fortement pour d\u00e9lasser un pied douloureux.<\/i><\/b><\/td>\n<td width=\"50%\">\n<p align=\"CENTER\"><img src=\"http:\/\/vidauban.pagesperso-orange.fr\/medchin\/pied.gif\" width=\"64\" height=\"206\" align=\"BOTTOM\" border=\"0\" \/><\/p>\n<\/td>\n<\/tr>\n<\/tbody>\n<\/table>\n<p style=\"text-align: left;\" align=\"CENTER\"><span style=\"font-size: xx-small;\">ATTENTION : ces pages ont \u00e9t\u00e9 r\u00e9alis\u00e9es \u00e0 partir de documents existants : livres, cours, publicit\u00e9s m\u00e9dicales&#8230; Nous tenons \u00e0 pr\u00e9venir l&rsquo;internaute lecteur de ces pages qu&rsquo;il ne s&rsquo;agit en aucun cas de pratiquer la m\u00e9decine mais de soulager par simples massages, des \u00e9tats douloureux comme par exemple se masser la nuque pour se d\u00e9tendre en rentrant d&rsquo;une journ\u00e9e particuli\u00e8rement difficile. Il se trouve que les solutions expos\u00e9es ici sont relativement efficaces MAIS il vous faut imp\u00e9rativement aller consulter un m\u00e9decin pour pouvoir \u00eatre <b>soign\u00e9<\/b> en plus d&rsquo;\u00eatre soulag\u00e9.<\/span><\/p>\n<p><center><center><a href=\"http:\/\/www.amazon.fr\/gp\/search?ie=UTF8&amp;camp=1642&amp;creative=6746&amp;index=books&amp;keywords=acupuncture&amp;linkCode=ur2&amp;tag=technidemassa-21\" target=\"_blank\" rel=\"noopener noreferrer\">lien vers des livres d&rsquo;acupuncture<\/a><img src=\"http:\/\/www.assoc-amazon.fr\/e\/ir?t=technidemassa-21&amp;l=ur2&amp;o=8\" alt=\"\" width=\"1\" height=\"1\" border=\"0\" \/><\/center><\/center><\/p>\n","protected":false},"excerpt":{"rendered":"<p>La vie actuelle, H\u00e9 oui, toujours elle, est complice de maltraitance au niveau de nos pieds. Chaussures en hiver, chaussures \u00e9galement en \u00e9t\u00e9 pour les hommes sauf peut \u00eatre quand ils sont en vacances. Les femmes ont l&rsquo;avantage de pouvoir mettre des chaussures plus agr\u00e9ables en \u00e9t\u00e9 mais les pauvres sont elles aussi, si ce &hellip; <\/p>\n<p class=\"link-more\"><a href=\"https:\/\/www.igatamus.com\/bgc\/technique-de-massage-des-points-dacupuncture\/douleur-du-pied\/\" class=\"more-link\">Continuer la lecture<span class=\"screen-reader-text\"> de &laquo;&nbsp;Douleur du pied&nbsp;&raquo;<\/span><\/a><\/p>\n","protected":false},"author":1,"featured_media":0,"parent":431,"menu_order":21,"comment_status":"closed","ping_status":"closed","template":"","meta":[],"_links":{"self":[{"href":"https:\/\/www.igatamus.com\/bgc\/wp-json\/wp\/v2\/pages\/486"}],"collection":[{"href":"https:\/\/www.igatamus.com\/bgc\/wp-json\/wp\/v2\/pages"}],"about":[{"href":"https:\/\/www.igatamus.com\/bgc\/wp-json\/wp\/v2\/types\/page"}],"author":[{"embeddable":true,"href":"https:\/\/www.igatamus.com\/bgc\/wp-json\/wp\/v2\/users\/1"}],"replies":[{"embeddable":true,"href":"https:\/\/www.igatamus.com\/bgc\/wp-json\/wp\/v2\/comments?post=486"}],"version-history":[{"count":1,"href":"https:\/\/www.igatamus.com\/bgc\/wp-json\/wp\/v2\/pages\/486\/revisions"}],"predecessor-version":[{"id":487,"href":"https:\/\/www.igatamus.com\/bgc\/wp-json\/wp\/v2\/pages\/486\/revisions\/487"}],"up":[{"embeddable":true,"href":"https:\/\/www.igatamus.com\/bgc\/wp-json\/wp\/v2\/pages\/431"}],"wp:attachment":[{"href":"https:\/\/www.igatamus.com\/bgc\/wp-json\/wp\/v2\/media?parent=486"}],"curies":[{"name":"wp","href":"https:\/\/api.w.org\/{rel}","templated":true}]}}