{"id":479,"date":"2018-01-21T15:19:29","date_gmt":"2018-01-21T14:19:29","guid":{"rendered":"http:\/\/www.igatamus.com\/bgc\/?page_id=479"},"modified":"2018-01-21T15:19:29","modified_gmt":"2018-01-21T14:19:29","slug":"douleur-aux-genoux","status":"publish","type":"page","link":"https:\/\/www.igatamus.com\/bgc\/technique-de-massage-des-points-dacupuncture\/douleur-aux-genoux\/","title":{"rendered":"Douleur aux genoux"},"content":{"rendered":"<p>Le genou est un syst\u00e8me complexe et fragile.Cette articulation malheureuse vient en t\u00eate des jointures l\u00e9s\u00e9es au cours des accidents de ski, de sport, d&rsquo;automobile &#8230; De plus elle est un cible de pr\u00e9dilection des infections, inflammations, arthrose&#8230;<\/p>\n<table border=\"0\" cellspacing=\"0\" cellpadding=\"0\">\n<tbody>\n<tr>\n<td width=\"50%\"><b><i>Le point d&rsquo;accupuncture pour soulager le genou correspond en profondeur au point le plus haut de la synoviale ( le petit sac qui tapisse l&rsquo;int\u00e9rieur de toutes les articulations et qui se gonfle de liquide inflammatoire ou h\u00e9morragique, le fameux et trop connu \u00ab\u00a0\u00e9panchement de synovie\u00a0\u00bb<\/p>\n<p>Pour le trouver, c&rsquo;est tr\u00e8s simple :<\/p>\n<p>Tout d&rsquo;abord, rep\u00e9rez le ptit os sur l&rsquo;avant du genou : la rotule.<\/p>\n<p>A trois travers de doigts de la rotule, sur le prolongement ext\u00e9rieur de la cuisse se trouve le point.<\/i><\/b><\/td>\n<td width=\"50%\">\n<p align=\"CENTER\"><img src=\"http:\/\/vidauban.pagesperso-orange.fr\/medchin\/genou.gif\" width=\"123\" height=\"254\" align=\"BOTTOM\" border=\"0\" \/><\/p>\n<\/td>\n<\/tr>\n<\/tbody>\n<\/table>\n<p><span style=\"font-size: xx-small;\">ATTENTION : ces pages ont \u00e9t\u00e9 r\u00e9alis\u00e9es \u00e0 partir de documents existants : livres, cours, publicit\u00e9s m\u00e9dicales&#8230; Nous tenons \u00e0 pr\u00e9venir l&rsquo;internaute lecteur de ces pages qu&rsquo;il ne s&rsquo;agit en aucun cas de pratiquer la m\u00e9decine mais de soulager par simples massages, des \u00e9tats douloureux comme par exemple se masser la nuque pour se d\u00e9tendre en rentrant d&rsquo;une journ\u00e9e particuli\u00e8rement difficile. Il se trouve que les solutions expos\u00e9es ici sont relativement efficaces MAIS il vous faut imp\u00e9rativement aller consulter un m\u00e9decin pour pouvoir \u00eatre <b>soign\u00e9<\/b> en plus d&rsquo;\u00eatre soulag\u00e9.<\/span><\/p>\n<p><center><center><a href=\"http:\/\/www.amazon.fr\/gp\/search?ie=UTF8&amp;camp=1642&amp;creative=6746&amp;index=books&amp;keywords=acupuncture&amp;linkCode=ur2&amp;tag=technidemassa-21\" target=\"_blank\" rel=\"noopener noreferrer\">lien vers des livres d&rsquo;acupuncture<\/a><img src=\"http:\/\/www.assoc-amazon.fr\/e\/ir?t=technidemassa-21&amp;l=ur2&amp;o=8\" alt=\"\" width=\"1\" height=\"1\" border=\"0\" \/><\/center><\/center><\/p>\n","protected":false},"excerpt":{"rendered":"<p>Le genou est un syst\u00e8me complexe et fragile.Cette articulation malheureuse vient en t\u00eate des jointures l\u00e9s\u00e9es au cours des accidents de ski, de sport, d&rsquo;automobile &#8230; De plus elle est un cible de pr\u00e9dilection des infections, inflammations, arthrose&#8230; Le point d&rsquo;accupuncture pour soulager le genou correspond en profondeur au point le plus haut de la &hellip; <\/p>\n<p class=\"link-more\"><a href=\"https:\/\/www.igatamus.com\/bgc\/technique-de-massage-des-points-dacupuncture\/douleur-aux-genoux\/\" class=\"more-link\">Continuer la lecture<span class=\"screen-reader-text\"> de &laquo;&nbsp;Douleur aux genoux&nbsp;&raquo;<\/span><\/a><\/p>\n","protected":false},"author":1,"featured_media":0,"parent":431,"menu_order":18,"comment_status":"closed","ping_status":"closed","template":"","meta":[],"_links":{"self":[{"href":"https:\/\/www.igatamus.com\/bgc\/wp-json\/wp\/v2\/pages\/479"}],"collection":[{"href":"https:\/\/www.igatamus.com\/bgc\/wp-json\/wp\/v2\/pages"}],"about":[{"href":"https:\/\/www.igatamus.com\/bgc\/wp-json\/wp\/v2\/types\/page"}],"author":[{"embeddable":true,"href":"https:\/\/www.igatamus.com\/bgc\/wp-json\/wp\/v2\/users\/1"}],"replies":[{"embeddable":true,"href":"https:\/\/www.igatamus.com\/bgc\/wp-json\/wp\/v2\/comments?post=479"}],"version-history":[{"count":1,"href":"https:\/\/www.igatamus.com\/bgc\/wp-json\/wp\/v2\/pages\/479\/revisions"}],"predecessor-version":[{"id":480,"href":"https:\/\/www.igatamus.com\/bgc\/wp-json\/wp\/v2\/pages\/479\/revisions\/480"}],"up":[{"embeddable":true,"href":"https:\/\/www.igatamus.com\/bgc\/wp-json\/wp\/v2\/pages\/431"}],"wp:attachment":[{"href":"https:\/\/www.igatamus.com\/bgc\/wp-json\/wp\/v2\/media?parent=479"}],"curies":[{"name":"wp","href":"https:\/\/api.w.org\/{rel}","templated":true}]}}