{"id":477,"date":"2018-01-21T15:18:30","date_gmt":"2018-01-21T14:18:30","guid":{"rendered":"http:\/\/www.igatamus.com\/bgc\/?page_id=477"},"modified":"2018-01-21T15:18:30","modified_gmt":"2018-01-21T14:18:30","slug":"douleur-de-la-hanche","status":"publish","type":"page","link":"https:\/\/www.igatamus.com\/bgc\/technique-de-massage-des-points-dacupuncture\/douleur-de-la-hanche\/","title":{"rendered":"Douleur de la hanche"},"content":{"rendered":"<p>Une douleur \u00e0 la hanche peut provenir de nombreux endroits, elle n&rsquo;est g\u00e9n\u00e9ralement du fait de la hanche en elle m\u00eame, il peut s&rsquo;agir d&rsquo;une sciatique, d&rsquo;une maladie du ventre, du bassin&#8230;<\/p>\n<p>Aussi n&rsquo;h\u00e9sitez pas \u00e0 voir un m\u00e9decin pour obtenir un diagnostic pr\u00e9cis.<\/p>\n<p>Pour localiser le point il faut prendre la position suivante :<\/p>\n<table border=\"0\" cellspacing=\"0\" cellpadding=\"0\">\n<tbody>\n<tr>\n<td width=\"50%\"><b><i>Allongez-vous sur le c\u00f4t\u00e9 oppos\u00e9 \u00e0 votre douleur.<\/p>\n<p>Mettez la jambe malade sur l&rsquo;autre jambe en la fl\u00e9chissant \u00e0 demi.<\/p>\n<p>Dans cette position, il est tr\u00e8s facile de rep\u00e9rer les os qui forment le relief de la zone.<\/p>\n<p>Placez la main le long de la cr\u00eate form\u00e9e par cette s\u00e9rie d&rsquo;os, en ouvrant la main tr\u00e8s largement et en positionnat le pouce \u00e0 90 \u00b0 des autres doigts.<\/p>\n<p>En calant le bord de la main qui porte les autres doigts contre la cr\u00eate et en rabattant le pouce, on se trouve sur le point recherch\u00e9.<\/p>\n<p>Il est situ\u00e9 sur le relief osseux appel\u00e9 \u00ab\u00a0le grand trochanter\u00a0\u00bb.<\/p>\n<p>L&rsquo;influence de ce point est multiple et agit sur toutes les douleurs associ\u00e9es aux membres inf\u00e9rieurs.<\/i><\/b><\/td>\n<td width=\"50%\">\n<p align=\"CENTER\"><img src=\"http:\/\/vidauban.pagesperso-orange.fr\/medchin\/hanche.gif\" width=\"238\" height=\"121\" align=\"BOTTOM\" border=\"0\" \/><\/p>\n<p align=\"CENTER\"><img src=\"http:\/\/vidauban.pagesperso-orange.fr\/medchin\/hanche.jpg\" width=\"228\" height=\"126\" align=\"BOTTOM\" border=\"0\" \/><\/p>\n<\/td>\n<\/tr>\n<\/tbody>\n<\/table>\n<p style=\"text-align: left;\" align=\"CENTER\"><span style=\"font-size: xx-small;\">ATTENTION : ces pages ont \u00e9t\u00e9 r\u00e9alis\u00e9es \u00e0 partir de documents existants : livres, cours, publicit\u00e9s m\u00e9dicales&#8230; Nous tenons \u00e0 pr\u00e9venir l&rsquo;internaute lecteur de ces pages qu&rsquo;il ne sagit en aucun cas de pratiquer la m\u00e9decine mais de soulager par simples massages, des \u00e9tats douloureux comme par exemple se masser la nuque pour se d\u00e9tendre en rentrant d&rsquo;une journ\u00e9e particuli\u00e8rement difficile. Il se trouve que les solutions expos\u00e9es ici sont relativement efficaces MAIS il vous faut imp\u00e9rativement aller consulter un m\u00e9decin pour pouvoir \u00eatre <b>soign\u00e9<\/b> en plus d&rsquo;\u00eatre soulag\u00e9.<\/span><\/p>\n<p style=\"text-align: center;\" align=\"CENTER\">\n<a href=\"http:\/\/www.amazon.fr\/gp\/search?ie=UTF8&amp;camp=1642&amp;creative=6746&amp;index=books&amp;keywords=acupuncture&amp;linkCode=ur2&amp;tag=technidemassa-21\" target=\"_blank\" rel=\"noopener noreferrer\">lien vers des livres d&rsquo;acupuncture<\/a><img src=\"http:\/\/www.assoc-amazon.fr\/e\/ir?t=technidemassa-21&amp;l=ur2&amp;o=8\" alt=\"\" width=\"1\" height=\"1\" border=\"0\" \/><\/p>\n","protected":false},"excerpt":{"rendered":"<p>Une douleur \u00e0 la hanche peut provenir de nombreux endroits, elle n&rsquo;est g\u00e9n\u00e9ralement du fait de la hanche en elle m\u00eame, il peut s&rsquo;agir d&rsquo;une sciatique, d&rsquo;une maladie du ventre, du bassin&#8230; Aussi n&rsquo;h\u00e9sitez pas \u00e0 voir un m\u00e9decin pour obtenir un diagnostic pr\u00e9cis. Pour localiser le point il faut prendre la position suivante : &hellip; <\/p>\n<p class=\"link-more\"><a href=\"https:\/\/www.igatamus.com\/bgc\/technique-de-massage-des-points-dacupuncture\/douleur-de-la-hanche\/\" class=\"more-link\">Continuer la lecture<span class=\"screen-reader-text\"> de &laquo;&nbsp;Douleur de la hanche&nbsp;&raquo;<\/span><\/a><\/p>\n","protected":false},"author":1,"featured_media":0,"parent":431,"menu_order":17,"comment_status":"closed","ping_status":"closed","template":"","meta":[],"_links":{"self":[{"href":"https:\/\/www.igatamus.com\/bgc\/wp-json\/wp\/v2\/pages\/477"}],"collection":[{"href":"https:\/\/www.igatamus.com\/bgc\/wp-json\/wp\/v2\/pages"}],"about":[{"href":"https:\/\/www.igatamus.com\/bgc\/wp-json\/wp\/v2\/types\/page"}],"author":[{"embeddable":true,"href":"https:\/\/www.igatamus.com\/bgc\/wp-json\/wp\/v2\/users\/1"}],"replies":[{"embeddable":true,"href":"https:\/\/www.igatamus.com\/bgc\/wp-json\/wp\/v2\/comments?post=477"}],"version-history":[{"count":1,"href":"https:\/\/www.igatamus.com\/bgc\/wp-json\/wp\/v2\/pages\/477\/revisions"}],"predecessor-version":[{"id":478,"href":"https:\/\/www.igatamus.com\/bgc\/wp-json\/wp\/v2\/pages\/477\/revisions\/478"}],"up":[{"embeddable":true,"href":"https:\/\/www.igatamus.com\/bgc\/wp-json\/wp\/v2\/pages\/431"}],"wp:attachment":[{"href":"https:\/\/www.igatamus.com\/bgc\/wp-json\/wp\/v2\/media?parent=477"}],"curies":[{"name":"wp","href":"https:\/\/api.w.org\/{rel}","templated":true}]}}