{"id":474,"date":"2018-01-21T15:16:47","date_gmt":"2018-01-21T14:16:47","guid":{"rendered":"http:\/\/www.igatamus.com\/bgc\/?page_id=474"},"modified":"2018-01-21T15:17:17","modified_gmt":"2018-01-21T14:17:17","slug":"douleur-de-la-face","status":"publish","type":"page","link":"https:\/\/www.igatamus.com\/bgc\/technique-de-massage-des-points-dacupuncture\/douleur-de-la-face\/","title":{"rendered":"Douleur de la face"},"content":{"rendered":"<p>Les douleurs \u00e0 la face sont parmi les plus intenses.<\/p>\n<p>Des formes diverses de cette douleur sont peut-\u00eatre peu violentes mais persistantes. Souvent le visage devient rouge et la personne sue \u00e0 grosses gouttes.<\/p>\n<p><b>Tout cela est tr\u00e8s p\u00e9nible mais heureusement deux points permettent de soulager cette douleur.<\/b><\/p>\n<table border=\"2\" cellpadding=\"0\">\n<tbody>\n<tr>\n<td width=\"50%\">\n<p align=\"CENTER\"><b><i>Le premier est identique au point des <\/i><\/b><a href=\"http:\/\/vidauban.pagesperso-orange.fr\/medchin\/frontt.html\"><i><b>migraines du front,<\/b><\/i><\/a><i><b> il est situ\u00e9 sur la face ant\u00e9rieure de l&rsquo;avant-bras. on le trouve en enfourchant , du c\u00f4t\u00e9 oppos\u00e9 \u00e0 la douleur, le pouce form\u00e9 en pince. L&rsquo;index vient alors indiquer l&#8217;emplacement du point, dans la goutti\u00e8re o\u00f9 bat le pouls.<\/b><\/i><\/p>\n<p><img src=\"http:\/\/vidauban.pagesperso-orange.fr\/medchin\/tete1.gif\" width=\"284\" height=\"154\" align=\"BOTTOM\" border=\"0\" \/><b><i><\/i><\/b><\/td>\n<td width=\"50%\">\n<p align=\"CENTER\"><b><i>Le second point est situ\u00e9 sur la face, contre la pommette, \u00e0 hauteur de l&rsquo;aile du nez, dans le petit replis osseux qui se trouve sous la pommette (Cf. figure ci-contre).<\/i><\/b><\/p>\n<p align=\"CENTER\"><img src=\"http:\/\/vidauban.pagesperso-orange.fr\/medchin\/face2.gif\" width=\"96\" height=\"198\" align=\"BOTTOM\" border=\"0\" \/><\/p>\n<\/td>\n<\/tr>\n<\/tbody>\n<\/table>\n<p style=\"text-align: left;\" align=\"CENTER\"><span style=\"font-size: xx-small;\">ATTENTION : ces pages ont \u00e9t\u00e9 r\u00e9alis\u00e9es \u00e0 partir de documents existants : livres, cours, publicit\u00e9s m\u00e9dicales&#8230; Nous tenons \u00e0 pr\u00e9venir l&rsquo;internaute lecteur de ces pages qu&rsquo;il ne s&rsquo;agit en aucun cas de pratiquer la m\u00e9decine mais de soulager par simples massages, des \u00e9tats douloureux comme par exemple se masser la nuque pour se d\u00e9tendre en rentrant d&rsquo;une journ\u00e9e particuli\u00e8rement difficile. Il se trouve que les solutions expos\u00e9es ici sont relativement efficaces MAIS il vous faut imp\u00e9rativement aller consulter un m\u00e9decin pour pouvoir \u00eatre <b>soign\u00e9<\/b> en plus d&rsquo;\u00eatre soulag\u00e9.<\/span><\/p>\n<p><center><br \/>\n<a href=\"http:\/\/www.amazon.fr\/gp\/search?ie=UTF8&amp;camp=1642&amp;creative=6746&amp;index=books&amp;keywords=acupuncture&amp;linkCode=ur2&amp;tag=technidemassa-21\" target=\"_blank\" rel=\"noopener noreferrer\">lien vers des livres d&rsquo;acupuncture<\/a><img src=\"http:\/\/www.assoc-amazon.fr\/e\/ir?t=technidemassa-21&amp;l=ur2&amp;o=8\" alt=\"\" width=\"1\" height=\"1\" border=\"0\" \/><\/center><\/p>\n","protected":false},"excerpt":{"rendered":"<p>Les douleurs \u00e0 la face sont parmi les plus intenses. Des formes diverses de cette douleur sont peut-\u00eatre peu violentes mais persistantes. Souvent le visage devient rouge et la personne sue \u00e0 grosses gouttes. Tout cela est tr\u00e8s p\u00e9nible mais heureusement deux points permettent de soulager cette douleur. Le premier est identique au point des &hellip; <\/p>\n<p class=\"link-more\"><a href=\"https:\/\/www.igatamus.com\/bgc\/technique-de-massage-des-points-dacupuncture\/douleur-de-la-face\/\" class=\"more-link\">Continuer la lecture<span class=\"screen-reader-text\"> de &laquo;&nbsp;Douleur de la face&nbsp;&raquo;<\/span><\/a><\/p>\n","protected":false},"author":1,"featured_media":0,"parent":431,"menu_order":17,"comment_status":"closed","ping_status":"closed","template":"","meta":[],"_links":{"self":[{"href":"https:\/\/www.igatamus.com\/bgc\/wp-json\/wp\/v2\/pages\/474"}],"collection":[{"href":"https:\/\/www.igatamus.com\/bgc\/wp-json\/wp\/v2\/pages"}],"about":[{"href":"https:\/\/www.igatamus.com\/bgc\/wp-json\/wp\/v2\/types\/page"}],"author":[{"embeddable":true,"href":"https:\/\/www.igatamus.com\/bgc\/wp-json\/wp\/v2\/users\/1"}],"replies":[{"embeddable":true,"href":"https:\/\/www.igatamus.com\/bgc\/wp-json\/wp\/v2\/comments?post=474"}],"version-history":[{"count":2,"href":"https:\/\/www.igatamus.com\/bgc\/wp-json\/wp\/v2\/pages\/474\/revisions"}],"predecessor-version":[{"id":476,"href":"https:\/\/www.igatamus.com\/bgc\/wp-json\/wp\/v2\/pages\/474\/revisions\/476"}],"up":[{"embeddable":true,"href":"https:\/\/www.igatamus.com\/bgc\/wp-json\/wp\/v2\/pages\/431"}],"wp:attachment":[{"href":"https:\/\/www.igatamus.com\/bgc\/wp-json\/wp\/v2\/media?parent=474"}],"curies":[{"name":"wp","href":"https:\/\/api.w.org\/{rel}","templated":true}]}}