{"id":472,"date":"2018-01-21T15:15:40","date_gmt":"2018-01-21T14:15:40","guid":{"rendered":"http:\/\/www.igatamus.com\/bgc\/?page_id=472"},"modified":"2018-01-21T15:15:40","modified_gmt":"2018-01-21T14:15:40","slug":"douleur-de-lepaule","status":"publish","type":"page","link":"https:\/\/www.igatamus.com\/bgc\/technique-de-massage-des-points-dacupuncture\/douleur-de-lepaule\/","title":{"rendered":"Douleur de l&rsquo;\u00e9paule"},"content":{"rendered":"<p>L&rsquo;\u00e9paule est un m\u00e9canisme assez sophistiqu\u00e9. De nombreuses causes de douleurs sont possibles et il est tr\u00e8s difficile de soigner la douleur par des moyens th\u00e9rapeutiques courants : calmants, infiltrations, massages&#8230;<\/p>\n<p>Un point particulier d&rsquo;acupuncture permet de soulager la douleur si ce n&rsquo;est stopper son \u00e9volution.<\/p>\n<table border=\"2\" width=\"100%\" cellspacing=\"0\" cellpadding=\"0\">\n<tbody>\n<tr>\n<td width=\"50%\"><b><i>Ce point est situ\u00e9 en haut et sur la face avant de l&rsquo;\u00e9paule.<\/p>\n<p>Pour le trouver, il suffit de lever le bras \u00e0 l&rsquo;horizontale avec le poing ferm\u00e9 et le pousse dress\u00e9, dirig\u00e9 vers le haut (Cf figure).<\/p>\n<p>Vous pourrez alors observer un petit creux \u00e0 l&rsquo;avant de l&rsquo;\u00e9paule, c&rsquo;est le lieu de ce point.<img src=\"http:\/\/vidauban.pagesperso-orange.fr\/medchin\/bras.gif\" width=\"206\" height=\"131\" align=\"BOTTOM\" border=\"0\" \/><\/i><\/b><\/td>\n<td width=\"50%\">\n<p align=\"CENTER\"><img src=\"http:\/\/vidauban.pagesperso-orange.fr\/medchin\/ppep.gif\" width=\"253\" height=\"252\" align=\"BOTTOM\" border=\"0\" \/><\/p>\n<\/td>\n<\/tr>\n<\/tbody>\n<\/table>\n<p style=\"text-align: left;\" align=\"CENTER\"><span style=\"font-size: xx-small;\">ATTENTION : ces pages ont \u00e9t\u00e9 r\u00e9alis\u00e9es \u00e0 partir de documents existants : livres, cours, publicit\u00e9s m\u00e9dicales&#8230; Nous tenons \u00e0 pr\u00e9venir l&rsquo;internaute lecteur de ces pages qu&rsquo;il ne s&rsquo;agit en aucun cas de pratiquer la m\u00e9decine mais de soulager par simples massages, des \u00e9tats douloureux comme par exemple se masser la nuque pour se d\u00e9tendre en rentrant d&rsquo;une journ\u00e9e particuli\u00e8rement difficile. Il se trouve que les solutions expos\u00e9es ici sont relativement efficaces MAIS il vous faut imp\u00e9rativement aller consulter un m\u00e9decin pour pouvoir \u00eatre <b>soign\u00e9<\/b> en plus d&rsquo;\u00eatre soulag\u00e9.<\/span><\/p>\n<p><center><br \/>\n<a href=\"http:\/\/www.amazon.fr\/gp\/search?ie=UTF8&amp;camp=1642&amp;creative=6746&amp;index=books&amp;keywords=acupuncture&amp;linkCode=ur2&amp;tag=technidemassa-21\" target=\"_blank\" rel=\"noopener noreferrer\">lien vers des livres d&rsquo;acupuncture<\/a><img src=\"http:\/\/www.assoc-amazon.fr\/e\/ir?t=technidemassa-21&amp;l=ur2&amp;o=8\" alt=\"\" width=\"1\" height=\"1\" border=\"0\" \/><\/center><\/p>\n","protected":false},"excerpt":{"rendered":"<p>L&rsquo;\u00e9paule est un m\u00e9canisme assez sophistiqu\u00e9. De nombreuses causes de douleurs sont possibles et il est tr\u00e8s difficile de soigner la douleur par des moyens th\u00e9rapeutiques courants : calmants, infiltrations, massages&#8230; Un point particulier d&rsquo;acupuncture permet de soulager la douleur si ce n&rsquo;est stopper son \u00e9volution. Ce point est situ\u00e9 en haut et sur la &hellip; <\/p>\n<p class=\"link-more\"><a href=\"https:\/\/www.igatamus.com\/bgc\/technique-de-massage-des-points-dacupuncture\/douleur-de-lepaule\/\" class=\"more-link\">Continuer la lecture<span class=\"screen-reader-text\"> de &laquo;&nbsp;Douleur de l&rsquo;\u00e9paule&nbsp;&raquo;<\/span><\/a><\/p>\n","protected":false},"author":1,"featured_media":0,"parent":431,"menu_order":16,"comment_status":"closed","ping_status":"closed","template":"","meta":[],"_links":{"self":[{"href":"https:\/\/www.igatamus.com\/bgc\/wp-json\/wp\/v2\/pages\/472"}],"collection":[{"href":"https:\/\/www.igatamus.com\/bgc\/wp-json\/wp\/v2\/pages"}],"about":[{"href":"https:\/\/www.igatamus.com\/bgc\/wp-json\/wp\/v2\/types\/page"}],"author":[{"embeddable":true,"href":"https:\/\/www.igatamus.com\/bgc\/wp-json\/wp\/v2\/users\/1"}],"replies":[{"embeddable":true,"href":"https:\/\/www.igatamus.com\/bgc\/wp-json\/wp\/v2\/comments?post=472"}],"version-history":[{"count":1,"href":"https:\/\/www.igatamus.com\/bgc\/wp-json\/wp\/v2\/pages\/472\/revisions"}],"predecessor-version":[{"id":473,"href":"https:\/\/www.igatamus.com\/bgc\/wp-json\/wp\/v2\/pages\/472\/revisions\/473"}],"up":[{"embeddable":true,"href":"https:\/\/www.igatamus.com\/bgc\/wp-json\/wp\/v2\/pages\/431"}],"wp:attachment":[{"href":"https:\/\/www.igatamus.com\/bgc\/wp-json\/wp\/v2\/media?parent=472"}],"curies":[{"name":"wp","href":"https:\/\/api.w.org\/{rel}","templated":true}]}}