{"id":469,"date":"2018-01-21T15:14:06","date_gmt":"2018-01-21T14:14:06","guid":{"rendered":"http:\/\/www.igatamus.com\/bgc\/?page_id=469"},"modified":"2018-01-21T15:14:34","modified_gmt":"2018-01-21T14:14:34","slug":"douleur-aux-doigts","status":"publish","type":"page","link":"https:\/\/www.igatamus.com\/bgc\/technique-de-massage-des-points-dacupuncture\/douleur-aux-doigts\/","title":{"rendered":"Douleur aux doigts"},"content":{"rendered":"<p>Tr\u00e8s expos\u00e9s aux chocs et aux accidents entra\u00een\u00e9es par des positions forc\u00e9es conduisant \u00e0 des entorses des phalanges, les doigts peuvent \u00e9galement subir des infections ou des inflammations.<\/p>\n<p>D&rsquo;autres causes de douleurs existent \u00e9galement telles les d\u00e9formations telles que celles du pouce pour les femmes lors de la m\u00e9naupose ou bien les arthrites de nos ain\u00e9s.<\/p>\n<p>Pour soulager les douleurs caus\u00e9es par ces diff\u00e9rents ph\u00e9nom\u00e8nes il existe un certain nombre de points.<\/p>\n<table border=\"0\" width=\"598\" cellspacing=\"0\" cellpadding=\"0\">\n<tbody>\n<tr>\n<td width=\"50%\"><b><i>Ces points sont tous situ\u00e9s sur le dessus des doigts, au niveau du plis fait par l&rsquo;articulation de la premi\u00e8re avec la deuxi\u00e8me phalange.<\/i><\/b><\/p>\n<p>Le point \u00e0 stimuler doit \u00eatre situ\u00e9 sur le doigt malade.<\/p>\n<p>Par contre, si tous les doigts sont atteints, il faut suivre un ordre pr\u00e9cis de manipulation :<\/p>\n<p>L&rsquo;annulaire en premier,<\/p>\n<p>le pouce ensuite,<\/p>\n<p>puis le majeur,<\/p>\n<p>l&rsquo;index,<\/p>\n<p>et enfin l&rsquo;auriculaire.<\/td>\n<td width=\"50%\">\n<p align=\"CENTER\"><img src=\"http:\/\/vidauban.pagesperso-orange.fr\/medchin\/doigt.gif\" width=\"273\" height=\"218\" align=\"BOTTOM\" border=\"0\" \/><\/p>\n<\/td>\n<\/tr>\n<\/tbody>\n<\/table>\n<p><span style=\"font-size: xx-small;\">ATTENTION : ces pages ont \u00e9t\u00e9 r\u00e9alis\u00e9es \u00e0 partir de documents existants : livres, cours, publicit\u00e9s m\u00e9dicales&#8230; Nous tenons \u00e0 pr\u00e9venir l&rsquo;internaute lecteur de ces pages qu&rsquo;il ne s&rsquo;agit en aucun cas de pratiquer la m\u00e9decine mais de soulager par simples massages, des \u00e9tats douloureux comme par exemple se masser la nuque pour se d\u00e9tendre en rentrant d&rsquo;une journ\u00e9e particuli\u00e8rement difficile. Il se trouve que les solutions expos\u00e9es ici sont relativement efficaces MAIS il vous faut imp\u00e9rativement aller consulter un m\u00e9decin pour pouvoir \u00eatre <b>soign\u00e9<\/b> en plus d&rsquo;\u00eatre soulag\u00e9.<\/span><\/p>\n<p><center><center><a href=\"http:\/\/www.amazon.fr\/gp\/search?ie=UTF8&amp;camp=1642&amp;creative=6746&amp;index=books&amp;keywords=acupuncture&amp;linkCode=ur2&amp;tag=technidemassa-21\" target=\"_blank\" rel=\"noopener noreferrer\">lien vers des livres d&rsquo;acupuncture<\/a><img src=\"http:\/\/www.assoc-amazon.fr\/e\/ir?t=technidemassa-21&amp;l=ur2&amp;o=8\" alt=\"\" width=\"1\" height=\"1\" border=\"0\" \/><\/center><\/center><\/p>\n","protected":false},"excerpt":{"rendered":"<p>Tr\u00e8s expos\u00e9s aux chocs et aux accidents entra\u00een\u00e9es par des positions forc\u00e9es conduisant \u00e0 des entorses des phalanges, les doigts peuvent \u00e9galement subir des infections ou des inflammations. D&rsquo;autres causes de douleurs existent \u00e9galement telles les d\u00e9formations telles que celles du pouce pour les femmes lors de la m\u00e9naupose ou bien les arthrites de nos &hellip; <\/p>\n<p class=\"link-more\"><a href=\"https:\/\/www.igatamus.com\/bgc\/technique-de-massage-des-points-dacupuncture\/douleur-aux-doigts\/\" class=\"more-link\">Continuer la lecture<span class=\"screen-reader-text\"> de &laquo;&nbsp;Douleur aux doigts&nbsp;&raquo;<\/span><\/a><\/p>\n","protected":false},"author":1,"featured_media":0,"parent":431,"menu_order":15,"comment_status":"closed","ping_status":"closed","template":"","meta":[],"_links":{"self":[{"href":"https:\/\/www.igatamus.com\/bgc\/wp-json\/wp\/v2\/pages\/469"}],"collection":[{"href":"https:\/\/www.igatamus.com\/bgc\/wp-json\/wp\/v2\/pages"}],"about":[{"href":"https:\/\/www.igatamus.com\/bgc\/wp-json\/wp\/v2\/types\/page"}],"author":[{"embeddable":true,"href":"https:\/\/www.igatamus.com\/bgc\/wp-json\/wp\/v2\/users\/1"}],"replies":[{"embeddable":true,"href":"https:\/\/www.igatamus.com\/bgc\/wp-json\/wp\/v2\/comments?post=469"}],"version-history":[{"count":2,"href":"https:\/\/www.igatamus.com\/bgc\/wp-json\/wp\/v2\/pages\/469\/revisions"}],"predecessor-version":[{"id":471,"href":"https:\/\/www.igatamus.com\/bgc\/wp-json\/wp\/v2\/pages\/469\/revisions\/471"}],"up":[{"embeddable":true,"href":"https:\/\/www.igatamus.com\/bgc\/wp-json\/wp\/v2\/pages\/431"}],"wp:attachment":[{"href":"https:\/\/www.igatamus.com\/bgc\/wp-json\/wp\/v2\/media?parent=469"}],"curies":[{"name":"wp","href":"https:\/\/api.w.org\/{rel}","templated":true}]}}