{"id":467,"date":"2018-01-21T15:13:24","date_gmt":"2018-01-21T14:13:24","guid":{"rendered":"http:\/\/www.igatamus.com\/bgc\/?page_id=467"},"modified":"2018-01-21T15:13:24","modified_gmt":"2018-01-21T14:13:24","slug":"douleur-aux-dents","status":"publish","type":"page","link":"https:\/\/www.igatamus.com\/bgc\/technique-de-massage-des-points-dacupuncture\/douleur-aux-dents\/","title":{"rendered":"Douleur aux dents"},"content":{"rendered":"<p>Nous avons tous, un jour, eu mal aux dents, douleur tentaculaire qui finit par prendre toute la t\u00eate. Aussi quel soulagement si l&rsquo;on pouvait trouver un point pour \u00e9viter ces \u00ab\u00a0affres\u00a0\u00bb !<br \/>\nOh joie, il existe un point tr\u00e8s actif et tr\u00e8s accessible pour soulager ce mal.<\/p>\n<table border=\"0\" cellspacing=\"0\" cellpadding=\"0\">\n<tbody>\n<tr>\n<td width=\"50%\"><b><i>Ce point est situ\u00e9 sur le c\u00f4t\u00e9 de l&rsquo;index en vis \u00e0 vis du pouce.<\/p>\n<p>Pour le trouver, c&rsquo;est tr\u00e8s simple, il suffit de prendre le point de rencontre des deux axes form\u00e9s par les c\u00f4t\u00e9s de l&rsquo;ongle de l&rsquo;index (Cf. figure ci-contre).<\/p>\n<p>Le point est utilis\u00e9 sur les deux mains, il faut prendre le point du c\u00f4t\u00e9 de la dent malade. Le point de la main gauche pour une dent situ\u00e9e sur le c\u00f4t\u00e9 gauche de la denture et le point de la main droite pour une dent situ\u00e9e sur le c\u00f4t\u00e9 droit.<\/i><\/b><\/td>\n<td width=\"50%\">\n<p align=\"CENTER\"><img src=\"http:\/\/vidauban.pagesperso-orange.fr\/medchin\/dent.gif\" width=\"228\" height=\"182\" align=\"BOTTOM\" border=\"0\" \/><\/p>\n<\/td>\n<\/tr>\n<\/tbody>\n<\/table>\n<p>ATTENTION : ce n&rsquo;est pas un point qui permet de gu\u00e9rir d&rsquo;un abc\u00e8s ou d&rsquo;une carie, son influence vous permettra simplement d&rsquo;att\u00e9nuer la douleur en attendant votre rendez-vous chez le dentiste. Vous pouvez m\u00eame tenter de vous masser ce point lors de son intervention, la douleur sera att\u00e9nu\u00e9e et il serait m\u00eame possible d&rsquo;\u00e9viter l&rsquo;anesth\u00e9sie.<\/p>\n<p style=\"text-align: left;\" align=\"CENTER\"><span style=\"font-size: xx-small;\">ATTENTION : ces pages ont \u00e9t\u00e9 r\u00e9alis\u00e9es \u00e0 partir de documents existants : livres, cours, publicit\u00e9s m\u00e9dicales&#8230; Nous tenons \u00e0 pr\u00e9venir l&rsquo;internaute lecteur de ces pages qu&rsquo;il ne s&rsquo;agit en aucun cas de pratiquer la m\u00e9decine mais de soulager par simples massages, des \u00e9tats douloureux comme par exemple se masser la nuque pour se d\u00e9tendre en rentrant d&rsquo;une journ\u00e9e particuli\u00e8rement difficile. Il se trouve que les solutions expos\u00e9es ici sont relativement efficaces MAIS il vous faut imp\u00e9rativement aller consulter un m\u00e9decin pour pouvoir \u00eatre <b>soign\u00e9<\/b> en plus d&rsquo;\u00eatre soulag\u00e9.<\/span><\/p>\n<p><center><center><a href=\"http:\/\/www.amazon.fr\/gp\/search?ie=UTF8&amp;camp=1642&amp;creative=6746&amp;index=books&amp;keywords=acupuncture&amp;linkCode=ur2&amp;tag=technidemassa-21\" target=\"_blank\" rel=\"noopener noreferrer\">lien vers des livres d&rsquo;acupuncture<\/a><img src=\"http:\/\/www.assoc-amazon.fr\/e\/ir?t=technidemassa-21&amp;l=ur2&amp;o=8\" alt=\"\" width=\"1\" height=\"1\" border=\"0\" \/><\/center><\/center><\/p>\n","protected":false},"excerpt":{"rendered":"<p>Nous avons tous, un jour, eu mal aux dents, douleur tentaculaire qui finit par prendre toute la t\u00eate. Aussi quel soulagement si l&rsquo;on pouvait trouver un point pour \u00e9viter ces \u00ab\u00a0affres\u00a0\u00bb ! Oh joie, il existe un point tr\u00e8s actif et tr\u00e8s accessible pour soulager ce mal. Ce point est situ\u00e9 sur le c\u00f4t\u00e9 de &hellip; <\/p>\n<p class=\"link-more\"><a href=\"https:\/\/www.igatamus.com\/bgc\/technique-de-massage-des-points-dacupuncture\/douleur-aux-dents\/\" class=\"more-link\">Continuer la lecture<span class=\"screen-reader-text\"> de &laquo;&nbsp;Douleur aux dents&nbsp;&raquo;<\/span><\/a><\/p>\n","protected":false},"author":1,"featured_media":0,"parent":431,"menu_order":14,"comment_status":"closed","ping_status":"closed","template":"","meta":[],"_links":{"self":[{"href":"https:\/\/www.igatamus.com\/bgc\/wp-json\/wp\/v2\/pages\/467"}],"collection":[{"href":"https:\/\/www.igatamus.com\/bgc\/wp-json\/wp\/v2\/pages"}],"about":[{"href":"https:\/\/www.igatamus.com\/bgc\/wp-json\/wp\/v2\/types\/page"}],"author":[{"embeddable":true,"href":"https:\/\/www.igatamus.com\/bgc\/wp-json\/wp\/v2\/users\/1"}],"replies":[{"embeddable":true,"href":"https:\/\/www.igatamus.com\/bgc\/wp-json\/wp\/v2\/comments?post=467"}],"version-history":[{"count":1,"href":"https:\/\/www.igatamus.com\/bgc\/wp-json\/wp\/v2\/pages\/467\/revisions"}],"predecessor-version":[{"id":468,"href":"https:\/\/www.igatamus.com\/bgc\/wp-json\/wp\/v2\/pages\/467\/revisions\/468"}],"up":[{"embeddable":true,"href":"https:\/\/www.igatamus.com\/bgc\/wp-json\/wp\/v2\/pages\/431"}],"wp:attachment":[{"href":"https:\/\/www.igatamus.com\/bgc\/wp-json\/wp\/v2\/media?parent=467"}],"curies":[{"name":"wp","href":"https:\/\/api.w.org\/{rel}","templated":true}]}}