{"id":464,"date":"2018-01-21T15:10:08","date_gmt":"2018-01-21T14:10:08","guid":{"rendered":"http:\/\/www.igatamus.com\/bgc\/?page_id=464"},"modified":"2019-05-30T10:43:54","modified_gmt":"2019-05-30T08:43:54","slug":"douleur-aux-coudes","status":"publish","type":"page","link":"https:\/\/www.igatamus.com\/bgc\/technique-de-massage-des-points-dacupuncture\/douleur-aux-coudes\/","title":{"rendered":"Douleur aux coudes"},"content":{"rendered":"<p>La douleur au coude est une douleur que l&rsquo;on retrouve souvent chez les sportifs ou les personnes pratiquant un travail manuel tels les ma\u00e7on, les menuisiers&#8230;<\/p>\n<p>Ces douleurs peuvent se manifester n&rsquo;importe o\u00f9 dans le coude mais on la retrouve presque toujours au m\u00eame endroit, au niveau de l&rsquo;extr\u00e9mit\u00e9 ext\u00e9rieure de l&rsquo;os de l&rsquo;avant bras. Il s&rsquo;agit de <i>l&rsquo;\u00e9picondyle<\/i> et en fait ce bout d&rsquo;os sert de socle de fixation de nombreux muscles et tendons. Une inflammation \u00e0 cet endroit provoque ce que l&rsquo;on appelle une <i>\u00e9picondylite<\/i>, situation que l&rsquo;on a traduit dans le langage courant et anglicis\u00e9 par <i>tennis elbow<\/i>.<br \/>\n<b>Pour soulager la douleur, il existe un point tr\u00e8s facile \u00e0 trouver.<\/b><\/p>\n<table border=\"0\" cellspacing=\"0\" cellpadding=\"0\">\n<tbody>\n<tr>\n<td width=\"50%\"><b><i>Ce point est situ\u00e9 juste \u00e0 l&rsquo;extr\u00e9mit\u00e9 du pli du coude lorsque vous placez votre coude \u00e0 angle droit.<\/i><\/b><\/td>\n<td width=\"50%\">\n<p align=\"CENTER\"><img src=\"http:\/\/vidauban.pagesperso-orange.fr\/medchin\/coude1.gif\" width=\"216\" height=\"204\" align=\"BOTTOM\" border=\"0\" \/><\/p>\n<\/td>\n<\/tr>\n<\/tbody>\n<\/table>\n<table border=\"0\" cellspacing=\"0\" cellpadding=\"0\">\n<tbody>\n<tr>\n<td width=\"50%\"><b><i>Dans ce cas de tennis elbow, il est possible d&rsquo;effectuer des mouvements particulier en compl\u00e9ment de la stimulation du point et de s\u00e9ances de kin\u00e9sit\u00e9rapie.<\/p>\n<p>Par exemple, tourner un verrou, une clef dans une serrure, visser et d\u00e9visser une vis \u00e0 l&rsquo;aide d&rsquo;un tournevis&#8230;<\/p>\n<p>Si vous ex\u00e9cutez de nombreuses fois et sans forcer ces petits mouvements en compl\u00e9ment de la stimulation de ce point (assez fortement) vous pouvez \u00eatre certain que vous serez soulag\u00e9 de votre douleur et des g\u00eanes qu&rsquo;elles peuvent vous apporter dans votre travail et la vie de tous les jours.<\/i><\/b><\/td>\n<td width=\"50%\">\n<p align=\"CENTER\"><img src=\"http:\/\/vidauban.pagesperso-orange.fr\/medchin\/coude2.gif\" width=\"227\" height=\"201\" align=\"BOTTOM\" border=\"0\" \/><\/p>\n<\/td>\n<\/tr>\n<\/tbody>\n<\/table>\n<p style=\"text-align: left;\" align=\"CENTER\"><span style=\"font-size: xx-small;\">ATTENTION : ces pages ont \u00e9t\u00e9 r\u00e9alis\u00e9es \u00e0 partir de documents existants : livres, cours, publicit\u00e9s m\u00e9dicales&#8230; Nous tenons \u00e0 pr\u00e9venir l&rsquo;internaute lecteur de ces pages qu&rsquo;il ne s&rsquo;agit en aucun cas de pratiquer la m\u00e9decine mais de soulager par simples massages, des \u00e9tats douloureux comme par exemple se masser la nuque pour se d\u00e9tendre en rentrant d&rsquo;une journ\u00e9e particuli\u00e8rement difficile. Il se trouve que les solutions expos\u00e9es ici sont relativement efficaces MAIS il vous faut imp\u00e9rativement aller consulter un m\u00e9decin pour pouvoir \u00eatre <b>soign\u00e9<\/b> en plus d&rsquo;\u00eatre soulag\u00e9.<\/span><\/p>\n<p><center><center><a href=\"http:\/\/www.amazon.fr\/gp\/search?ie=UTF8&amp;camp=1642&amp;creative=6746&amp;index=books&amp;keywords=acupuncture&amp;linkCode=ur2&amp;tag=technidemassa-21\" target=\"_blank\" rel=\"noopener noreferrer\">lien vers des livres d&rsquo;acupuncture<\/a><img src=\"http:\/\/www.assoc-amazon.fr\/e\/ir?t=technidemassa-21&amp;l=ur2&amp;o=8\" alt=\"\" width=\"1\" height=\"1\" border=\"0\" \/><\/center><\/center><\/p>\n<p align=\"CENTER\">\n<a href=\"http:\/\/www.amazon.fr\/gp\/search?ie=UTF8&amp;camp=1642&amp;creative=6746&amp;index=books&amp;keywords=acupuncture&amp;linkCode=ur2&amp;tag=technidemassa-21\" target=\"_blank\" rel=\"noopener noreferrer\">lien vers des livres d&rsquo;acupuncture<\/a><img class=\"aligncenter\" src=\"http:\/\/www.assoc-amazon.fr\/e\/ir?t=technidemassa-21&amp;l=ur2&amp;o=8\" alt=\"\" width=\"1\" height=\"1\" border=\"0\" \/><\/p>\n<\/p><\/div><\/p>\n","protected":false},"excerpt":{"rendered":"<p>La douleur au coude est une douleur que l&rsquo;on retrouve souvent chez les sportifs ou les personnes pratiquant un travail manuel tels les ma\u00e7on, les menuisiers&#8230; Ces douleurs peuvent se manifester n&rsquo;importe o\u00f9 dans le coude mais on la retrouve presque toujours au m\u00eame endroit, au niveau de l&rsquo;extr\u00e9mit\u00e9 ext\u00e9rieure de l&rsquo;os de l&rsquo;avant bras. &hellip; <\/p>\n<p class=\"link-more\"><a href=\"https:\/\/www.igatamus.com\/bgc\/technique-de-massage-des-points-dacupuncture\/douleur-aux-coudes\/\" class=\"more-link\">Continuer la lecture<span class=\"screen-reader-text\"> de &laquo;&nbsp;Douleur aux coudes&nbsp;&raquo;<\/span><\/a><\/p>\n","protected":false},"author":1,"featured_media":0,"parent":431,"menu_order":13,"comment_status":"closed","ping_status":"closed","template":"","meta":[],"_links":{"self":[{"href":"https:\/\/www.igatamus.com\/bgc\/wp-json\/wp\/v2\/pages\/464"}],"collection":[{"href":"https:\/\/www.igatamus.com\/bgc\/wp-json\/wp\/v2\/pages"}],"about":[{"href":"https:\/\/www.igatamus.com\/bgc\/wp-json\/wp\/v2\/types\/page"}],"author":[{"embeddable":true,"href":"https:\/\/www.igatamus.com\/bgc\/wp-json\/wp\/v2\/users\/1"}],"replies":[{"embeddable":true,"href":"https:\/\/www.igatamus.com\/bgc\/wp-json\/wp\/v2\/comments?post=464"}],"version-history":[{"count":2,"href":"https:\/\/www.igatamus.com\/bgc\/wp-json\/wp\/v2\/pages\/464\/revisions"}],"predecessor-version":[{"id":751,"href":"https:\/\/www.igatamus.com\/bgc\/wp-json\/wp\/v2\/pages\/464\/revisions\/751"}],"up":[{"embeddable":true,"href":"https:\/\/www.igatamus.com\/bgc\/wp-json\/wp\/v2\/pages\/431"}],"wp:attachment":[{"href":"https:\/\/www.igatamus.com\/bgc\/wp-json\/wp\/v2\/media?parent=464"}],"curies":[{"name":"wp","href":"https:\/\/api.w.org\/{rel}","templated":true}]}}