{"id":462,"date":"2018-01-21T15:08:51","date_gmt":"2018-01-21T14:08:51","guid":{"rendered":"http:\/\/www.igatamus.com\/bgc\/?page_id=462"},"modified":"2019-05-30T10:40:17","modified_gmt":"2019-05-30T08:40:17","slug":"douleur-aux-chevilles","status":"publish","type":"page","link":"https:\/\/www.igatamus.com\/bgc\/technique-de-massage-des-points-dacupuncture\/douleur-aux-chevilles\/","title":{"rendered":"Douleur aux chevilles"},"content":{"rendered":"<p>Vous vous \u00eates fait mal \u00e0 la cheville, petite entorse lors de votre jogging quotidien sur un terrain accident\u00e9, vous avez bloqu\u00e9 votre pied contre un trottoire ou sur une surface ou la chaussure n&rsquo;a pas gliss\u00e9e&#8230;<\/p>\n<p>ATTENTION toutefois, il peut y avoir une fracture et dans ce as il est imp\u00e9ratif d&rsquo;aller faire une radio afin de d\u00e9terminer la gravit\u00e9 de la situation.<\/p>\n<p><b>Mais en attendant, il existe un point qui va vous permettre d&rsquo;att\u00e9nuer la douleur.<\/b><\/p>\n<table border=\"0\" cellspacing=\"0\" cellpadding=\"0\">\n<tbody>\n<tr>\n<td width=\"50%\"><b><i>Ce point est situ\u00e9 sur la pointe de l&rsquo;os de la cheville, \u00e0 l&rsquo;int\u00e9rieur ou \u00e0 l&rsquo;ext\u00e9rieur selon la localisation de l&rsquo;enflure. Si les deux c\u00f4t\u00e9s font mal, ne pas h\u00e9siter \u00e0 masser les deux c\u00f4t\u00e9s.<\/i><\/b><\/p>\n<p><b><i>La stimulation doit \u00eatre tr\u00e8s forte, il faut donc appuyer fortement sur ce(s) point(s)<\/i><\/b><\/p>\n<p><b><i>La douleur va s&rsquo;att\u00e9nuer, l&rsquo;enflure va diminuer et souvent vous pourrez remarcher.<\/i><\/b><\/p>\n<p><b><i><br \/>\nATTENTION, le massage doit \u00eatre appuy\u00e9, le doigt bien perpendiculaire \u00e0 la peau afin de ne rien d\u00e9placer en cas de fracture, ce qui serait tout bonnement d\u00e9sastreux.<\/i><\/b><\/p>\n<p><b><i><br \/>\nUn conseil : faites un saut chez votre m\u00e9decin tr\u00e8s rapidement.<\/i><\/b><\/td>\n<td width=\"50%\">\n<p align=\"CENTER\"><img src=\"http:\/\/vidauban.pagesperso-orange.fr\/medchin\/chev.gif\" width=\"115\" height=\"300\" align=\"BOTTOM\" border=\"0\" \/><\/p>\n<\/td>\n<\/tr>\n<\/tbody>\n<\/table>\n<p><span style=\"font-size: xx-small;\">ATTENTION : ces pages ont \u00e9t\u00e9 r\u00e9alis\u00e9es \u00e0 partir de documents existants : livres, cours, publicit\u00e9s m\u00e9dicales&#8230; Nous tenons \u00e0 pr\u00e9venir l&rsquo;internaute lecteur de ces pages qu&rsquo;il ne s&rsquo;agit en aucun cas de pratiquer la m\u00e9decine mais de soulager par simples massages, des \u00e9tats douloureux comme par exemple se masser la nuque pour se d\u00e9tendre en rentrant d&rsquo;une journ\u00e9e particuli\u00e8rement difficile. Il se trouve que les solutions expos\u00e9es ici sont relativement efficaces MAIS il vous faut imp\u00e9rativement aller consulter un m\u00e9decin pour pouvoir \u00eatre <b>soign\u00e9<\/b> en plus d&rsquo;\u00eatre soulag\u00e9.<\/span><\/p>\n<p><center><a href=\"http:\/\/www.amazon.fr\/gp\/search?ie=UTF8&amp;camp=1642&amp;creative=6746&amp;index=books&amp;keywords=acupuncture&amp;linkCode=ur2&amp;tag=technidemassa-21\" target=\"_blank\" rel=\"noopener noreferrer\">lien vers des livres d&rsquo;acupuncture<\/a><img src=\"http:\/\/www.assoc-amazon.fr\/e\/ir?t=technidemassa-21&amp;l=ur2&amp;o=8\" alt=\"\" width=\"1\" height=\"1\" border=\"0\" \/><\/center><\/p>\n<p align=\"CENTER\">\n<a href=\"http:\/\/www.amazon.fr\/gp\/search?ie=UTF8&amp;camp=1642&amp;creative=6746&amp;index=books&amp;keywords=acupuncture&amp;linkCode=ur2&amp;tag=technidemassa-21\" target=\"_blank\" rel=\"noopener noreferrer\">lien vers des livres d&rsquo;acupuncture<\/a><img class=\"aligncenter\" src=\"http:\/\/www.assoc-amazon.fr\/e\/ir?t=technidemassa-21&amp;l=ur2&amp;o=8\" alt=\"\" width=\"1\" height=\"1\" border=\"0\" \/><\/p>\n<\/p><\/div><\/p>\n","protected":false},"excerpt":{"rendered":"<p>Vous vous \u00eates fait mal \u00e0 la cheville, petite entorse lors de votre jogging quotidien sur un terrain accident\u00e9, vous avez bloqu\u00e9 votre pied contre un trottoire ou sur une surface ou la chaussure n&rsquo;a pas gliss\u00e9e&#8230; ATTENTION toutefois, il peut y avoir une fracture et dans ce as il est imp\u00e9ratif d&rsquo;aller faire une &hellip; <\/p>\n<p class=\"link-more\"><a href=\"https:\/\/www.igatamus.com\/bgc\/technique-de-massage-des-points-dacupuncture\/douleur-aux-chevilles\/\" class=\"more-link\">Continuer la lecture<span class=\"screen-reader-text\"> de &laquo;&nbsp;Douleur aux chevilles&nbsp;&raquo;<\/span><\/a><\/p>\n","protected":false},"author":1,"featured_media":0,"parent":431,"menu_order":12,"comment_status":"closed","ping_status":"closed","template":"","meta":[],"_links":{"self":[{"href":"https:\/\/www.igatamus.com\/bgc\/wp-json\/wp\/v2\/pages\/462"}],"collection":[{"href":"https:\/\/www.igatamus.com\/bgc\/wp-json\/wp\/v2\/pages"}],"about":[{"href":"https:\/\/www.igatamus.com\/bgc\/wp-json\/wp\/v2\/types\/page"}],"author":[{"embeddable":true,"href":"https:\/\/www.igatamus.com\/bgc\/wp-json\/wp\/v2\/users\/1"}],"replies":[{"embeddable":true,"href":"https:\/\/www.igatamus.com\/bgc\/wp-json\/wp\/v2\/comments?post=462"}],"version-history":[{"count":2,"href":"https:\/\/www.igatamus.com\/bgc\/wp-json\/wp\/v2\/pages\/462\/revisions"}],"predecessor-version":[{"id":750,"href":"https:\/\/www.igatamus.com\/bgc\/wp-json\/wp\/v2\/pages\/462\/revisions\/750"}],"up":[{"embeddable":true,"href":"https:\/\/www.igatamus.com\/bgc\/wp-json\/wp\/v2\/pages\/431"}],"wp:attachment":[{"href":"https:\/\/www.igatamus.com\/bgc\/wp-json\/wp\/v2\/media?parent=462"}],"curies":[{"name":"wp","href":"https:\/\/api.w.org\/{rel}","templated":true}]}}