{"id":455,"date":"2018-01-21T15:05:35","date_gmt":"2018-01-21T14:05:35","guid":{"rendered":"http:\/\/www.igatamus.com\/bgc\/?page_id=455"},"modified":"2019-05-30T10:39:14","modified_gmt":"2019-05-30T08:39:14","slug":"depression","status":"publish","type":"page","link":"https:\/\/www.igatamus.com\/bgc\/technique-de-massage-des-points-dacupuncture\/depression\/","title":{"rendered":"D\u00e9pression"},"content":{"rendered":"<p>De nombreuses causes physiques et psychologiques sont cause de d\u00e9pressions. Il est tr\u00e8s tentant de prendre des tranquillisants ou autres produits chimiques mais un ph\u00e9nom\u00e8ne d&rsquo;accoutumance de l&rsquo;organisme oblige a prendre des doses de plus en plus fortes et des s\u00e9quelles s&rsquo;en suivent.<br \/>\nDans le cas de d\u00e9primes, de d\u00e9pressions&#8230; un certain nombre de zones permettent de combattre efficacement les probl\u00e8mes rencontr\u00e9s.<\/p>\n<table border=\"0\" cellspacing=\"0\" cellpadding=\"0\">\n<tbody>\n<tr>\n<td width=\"50%\"><b><i>Tout d&rsquo;abord allongez-vous , mettez-vous \u00e0 l&rsquo;aise.<\/i><\/b><\/p>\n<p><b><i>Massez les plis inf\u00e9rieurs du poignet, ceux qui sont situ\u00e9s\u00e0 la base de la paume (Cf. ci-dessous).<\/i><\/b><\/p>\n<p><b><i><br \/>\nUtilisez le pouce de la main oppos\u00e9e, massez dans un sens, puis dans l&rsquo;autre.<\/i><\/b><\/p>\n<p align=\"CENTER\"><img src=\"http:\/\/vidauban.pagesperso-orange.fr\/medchin\/depress0.gif\" width=\"192\" height=\"300\" align=\"BOTTOM\" border=\"0\" \/><b><i><\/i><\/b><\/p>\n<\/td>\n<td width=\"50%\"><b><i>Ensuite, massez-vous le creux de l&rsquo;estiomac, entre le nombril et le creux des c\u00f4tes, en restant bien sur l&rsquo;axe sternum-nombril.<\/i><\/b><\/p>\n<p align=\"CENTER\"><img src=\"http:\/\/vidauban.pagesperso-orange.fr\/medchin\/depress1.gif\" width=\"199\" height=\"300\" align=\"BOTTOM\" border=\"0\" \/><\/p>\n<p align=\"CENTER\">\n<\/td>\n<\/tr>\n<\/tbody>\n<\/table>\n<table border=\"0\" cellspacing=\"0\" cellpadding=\"0\">\n<tbody>\n<tr>\n<td width=\"50%\"><b><i>Derni\u00e8re chose, rep\u00e9rez le point situ\u00e9 au sommet du cr\u00e2ne, il est \u00e0 la verticale du haut du lobe des oreilles.<\/i><\/b><\/p>\n<p><b><i><br \/>\nMassez le fortement en effectuant autour, de petits mouvements circulaires.<\/i><\/b><\/td>\n<td width=\"50%\">\n<p align=\"CENTER\"><img src=\"http:\/\/vidauban.pagesperso-orange.fr\/medchin\/depress2.gif\" width=\"240\" height=\"300\" align=\"BOTTOM\" border=\"0\" \/><\/p>\n<\/td>\n<\/tr>\n<\/tbody>\n<\/table>\n<p><b>Faites toutes ces manipulations \u00e0 plusieurs reprises et vous constaterez un certain apaisement et une sensation physique de bien \u00eatre qui vous permettra de supporter votre d\u00e9prime.<\/b><\/p>\n<p align=\"CENTER\"><span style=\"font-size: xx-small;\">ATTENTION : ces pages ont \u00e9t\u00e9 r\u00e9alis\u00e9es \u00e0 partir de documents existants : livres, cours, publicit\u00e9s m\u00e9dicales&#8230; Nous tenons \u00e0 pr\u00e9venir l&rsquo;internaute lecteur de ces pages qu&rsquo;il ne sagit en aucun cas de pratiquer la m\u00e9decine mais de soulager par simples massages, des \u00e9tats douloureux comme par exemple se masser la nuque pour se d\u00e9tendre en rentrant d&rsquo;une journ\u00e9e particuli\u00e8rement difficile. Il se trouve que les solutions expos\u00e9es ici sont relativement efficaces MAIS il vous faut imp\u00e9rativement aller consulter un m\u00e9decin pour pouvoir \u00eatre <b>soign\u00e9<\/b> en plus d&rsquo;\u00eatre soulag\u00e9.<\/span><\/p>\n<p><center><center><a href=\"http:\/\/www.amazon.fr\/gp\/search?ie=UTF8&amp;camp=1642&amp;creative=6746&amp;index=books&amp;keywords=acupuncture&amp;linkCode=ur2&amp;tag=technidemassa-21\" target=\"_blank\" rel=\"noopener noreferrer\">lien vers des livres d&rsquo;acupuncture<\/a><img src=\"http:\/\/www.assoc-amazon.fr\/e\/ir?t=technidemassa-21&amp;l=ur2&amp;o=8\" alt=\"\" width=\"1\" height=\"1\" border=\"0\" \/><\/center><\/center><\/p>\n<p align=\"CENTER\">\n<a href=\"http:\/\/www.amazon.fr\/gp\/search?ie=UTF8&amp;camp=1642&amp;creative=6746&amp;index=books&amp;keywords=acupuncture&amp;linkCode=ur2&amp;tag=technidemassa-21\" target=\"_blank\" rel=\"noopener noreferrer\">lien vers des livres d&rsquo;acupuncture<\/a><img class=\"aligncenter\" src=\"http:\/\/www.assoc-amazon.fr\/e\/ir?t=technidemassa-21&amp;l=ur2&amp;o=8\" alt=\"\" width=\"1\" height=\"1\" border=\"0\" \/><\/p>\n<\/p><\/div><\/p>\n","protected":false},"excerpt":{"rendered":"<p>De nombreuses causes physiques et psychologiques sont cause de d\u00e9pressions. Il est tr\u00e8s tentant de prendre des tranquillisants ou autres produits chimiques mais un ph\u00e9nom\u00e8ne d&rsquo;accoutumance de l&rsquo;organisme oblige a prendre des doses de plus en plus fortes et des s\u00e9quelles s&rsquo;en suivent. Dans le cas de d\u00e9primes, de d\u00e9pressions&#8230; un certain nombre de zones &hellip; <\/p>\n<p class=\"link-more\"><a href=\"https:\/\/www.igatamus.com\/bgc\/technique-de-massage-des-points-dacupuncture\/depression\/\" class=\"more-link\">Continuer la lecture<span class=\"screen-reader-text\"> de &laquo;&nbsp;D\u00e9pression&nbsp;&raquo;<\/span><\/a><\/p>\n","protected":false},"author":1,"featured_media":0,"parent":431,"menu_order":9,"comment_status":"closed","ping_status":"closed","template":"","meta":[],"_links":{"self":[{"href":"https:\/\/www.igatamus.com\/bgc\/wp-json\/wp\/v2\/pages\/455"}],"collection":[{"href":"https:\/\/www.igatamus.com\/bgc\/wp-json\/wp\/v2\/pages"}],"about":[{"href":"https:\/\/www.igatamus.com\/bgc\/wp-json\/wp\/v2\/types\/page"}],"author":[{"embeddable":true,"href":"https:\/\/www.igatamus.com\/bgc\/wp-json\/wp\/v2\/users\/1"}],"replies":[{"embeddable":true,"href":"https:\/\/www.igatamus.com\/bgc\/wp-json\/wp\/v2\/comments?post=455"}],"version-history":[{"count":2,"href":"https:\/\/www.igatamus.com\/bgc\/wp-json\/wp\/v2\/pages\/455\/revisions"}],"predecessor-version":[{"id":747,"href":"https:\/\/www.igatamus.com\/bgc\/wp-json\/wp\/v2\/pages\/455\/revisions\/747"}],"up":[{"embeddable":true,"href":"https:\/\/www.igatamus.com\/bgc\/wp-json\/wp\/v2\/pages\/431"}],"wp:attachment":[{"href":"https:\/\/www.igatamus.com\/bgc\/wp-json\/wp\/v2\/media?parent=455"}],"curies":[{"name":"wp","href":"https:\/\/api.w.org\/{rel}","templated":true}]}}