{"id":452,"date":"2018-01-21T15:04:22","date_gmt":"2018-01-21T14:04:22","guid":{"rendered":"http:\/\/www.igatamus.com\/bgc\/?page_id=452"},"modified":"2019-05-30T10:38:57","modified_gmt":"2019-05-30T08:38:57","slug":"crise-de-foie","status":"publish","type":"page","link":"https:\/\/www.igatamus.com\/bgc\/technique-de-massage-des-points-dacupuncture\/crise-de-foie\/","title":{"rendered":"Crise de foie"},"content":{"rendered":"<p>La crise de foie en fait n&rsquo;existe pas. Il est vrai que le foie n&rsquo;y est pour rien, il s&rsquo;agit pense-t-on, d&rsquo;un encombrement de la v\u00e9sicule ou d&rsquo;une allergie digestive.<\/p>\n<p>En tout cas, les sympt\u00f4mes sont bien connus, suite \u00e0 un repas trop arros\u00e9, ou trop riche, on se sent la t\u00eate lourde, on peut avoir des vomissements, on a la gueule de bois&#8230;<\/p>\n<table border=\"0\" cellspacing=\"0\" cellpadding=\"0\">\n<tbody>\n<tr>\n<td width=\"50%\"><b><i>Ce point est situ\u00e9 sur la face ext\u00e9rieure du bas de la jambe, dans un petit creux sensible, sur le devant du p\u00e9ron\u00e9<\/i><\/b>.<\/p>\n<p><b><i>Pour le trouver, appliquez le petit doigt sur la partie saillante de l&rsquo;os de la cheville, appliquez les doigts de la main \u00e0 la suite les uns des autres sur le p\u00e9ron\u00e9, le pouce est alors positionn\u00e9 exactement sur l&rsquo;endroit \u00e0 masser.<\/i><\/b><\/p>\n<p>Il s&rsquo;agir l\u00e0 encore d&rsquo;un point bilat\u00e9ral, masser les deux c\u00f4t\u00e9s, jambes droites et gauche.<\/p>\n<p>Chose curieuse, au bout d&rsquo;un moment, vous pourrez entendre un glouglou de la bile qui se vide. Cette situation a \u00e9t\u00e9 observ\u00e9e sous radiographie lors du massage de ce point.<\/p>\n<p>A titre d&rsquo;information, ce point est un point de traitement de toutes les affections h\u00e9pato-biliaires.<\/td>\n<td width=\"50%\">\n<p align=\"CENTER\"><img src=\"http:\/\/vidauban.pagesperso-orange.fr\/medchin\/tete3.gif\" width=\"292\" height=\"300\" align=\"BOTTOM\" border=\"0\" \/><\/p>\n<\/td>\n<\/tr>\n<\/tbody>\n<\/table>\n<p><span style=\"font-size: xx-small;\">ATTENTION : ces pages ont \u00e9t\u00e9 r\u00e9alis\u00e9es \u00e0 partir de documents existants : livres, cours, publicit\u00e9s m\u00e9dicales&#8230; Nous tenons \u00e0 pr\u00e9venir l&rsquo;internaute lecteur de ces pages qu&rsquo;il ne s&rsquo;agit en aucun cas de pratiquer la m\u00e9decine mais de soulager par simples massages, des \u00e9tats douloureux comme par exemple se masser la nuque pour se d\u00e9tendre en rentrant d&rsquo;une journ\u00e9e particuli\u00e8rement difficile. Il se trouve que les solutions expos\u00e9es ici sont relativement efficaces MAIS il vous faut imp\u00e9rativement aller consulter un m\u00e9decin pour pouvoir \u00eatre <b>soign\u00e9<\/b> en plus d&rsquo;\u00eatre soulag\u00e9.<\/span><\/p>\n<p><center><a href=\"http:\/\/www.amazon.fr\/gp\/search?ie=UTF8&amp;camp=1642&amp;creative=6746&amp;index=books&amp;keywords=acupuncture&amp;linkCode=ur2&amp;tag=technidemassa-21\" target=\"_blank\" rel=\"noopener noreferrer\">lien vers des livres d&rsquo;acupuncture<\/a><img src=\"http:\/\/www.assoc-amazon.fr\/e\/ir?t=technidemassa-21&amp;l=ur2&amp;o=8\" alt=\"\" width=\"1\" height=\"1\" border=\"0\" \/><\/center><\/p>\n<p align=\"CENTER\">\n<a href=\"http:\/\/www.amazon.fr\/gp\/search?ie=UTF8&amp;camp=1642&amp;creative=6746&amp;index=books&amp;keywords=acupuncture&amp;linkCode=ur2&amp;tag=technidemassa-21\" target=\"_blank\" rel=\"noopener noreferrer\">lien vers des livres d&rsquo;acupuncture<\/a><img class=\"aligncenter\" src=\"http:\/\/www.assoc-amazon.fr\/e\/ir?t=technidemassa-21&amp;l=ur2&amp;o=8\" alt=\"\" width=\"1\" height=\"1\" border=\"0\" \/><\/p>\n<\/p><\/div><\/p>\n","protected":false},"excerpt":{"rendered":"<p>La crise de foie en fait n&rsquo;existe pas. Il est vrai que le foie n&rsquo;y est pour rien, il s&rsquo;agit pense-t-on, d&rsquo;un encombrement de la v\u00e9sicule ou d&rsquo;une allergie digestive. En tout cas, les sympt\u00f4mes sont bien connus, suite \u00e0 un repas trop arros\u00e9, ou trop riche, on se sent la t\u00eate lourde, on peut &hellip; <\/p>\n<p class=\"link-more\"><a href=\"https:\/\/www.igatamus.com\/bgc\/technique-de-massage-des-points-dacupuncture\/crise-de-foie\/\" class=\"more-link\">Continuer la lecture<span class=\"screen-reader-text\"> de &laquo;&nbsp;Crise de foie&nbsp;&raquo;<\/span><\/a><\/p>\n","protected":false},"author":1,"featured_media":0,"parent":431,"menu_order":8,"comment_status":"closed","ping_status":"closed","template":"","meta":[],"_links":{"self":[{"href":"https:\/\/www.igatamus.com\/bgc\/wp-json\/wp\/v2\/pages\/452"}],"collection":[{"href":"https:\/\/www.igatamus.com\/bgc\/wp-json\/wp\/v2\/pages"}],"about":[{"href":"https:\/\/www.igatamus.com\/bgc\/wp-json\/wp\/v2\/types\/page"}],"author":[{"embeddable":true,"href":"https:\/\/www.igatamus.com\/bgc\/wp-json\/wp\/v2\/users\/1"}],"replies":[{"embeddable":true,"href":"https:\/\/www.igatamus.com\/bgc\/wp-json\/wp\/v2\/comments?post=452"}],"version-history":[{"count":3,"href":"https:\/\/www.igatamus.com\/bgc\/wp-json\/wp\/v2\/pages\/452\/revisions"}],"predecessor-version":[{"id":746,"href":"https:\/\/www.igatamus.com\/bgc\/wp-json\/wp\/v2\/pages\/452\/revisions\/746"}],"up":[{"embeddable":true,"href":"https:\/\/www.igatamus.com\/bgc\/wp-json\/wp\/v2\/pages\/431"}],"wp:attachment":[{"href":"https:\/\/www.igatamus.com\/bgc\/wp-json\/wp\/v2\/media?parent=452"}],"curies":[{"name":"wp","href":"https:\/\/api.w.org\/{rel}","templated":true}]}}