{"id":446,"date":"2018-01-21T15:01:01","date_gmt":"2018-01-21T14:01:01","guid":{"rendered":"http:\/\/www.igatamus.com\/bgc\/?page_id=446"},"modified":"2019-05-30T10:37:56","modified_gmt":"2019-05-30T08:37:56","slug":"constipation","status":"publish","type":"page","link":"https:\/\/www.igatamus.com\/bgc\/technique-de-massage-des-points-dacupuncture\/constipation\/","title":{"rendered":"Constipation"},"content":{"rendered":"<p>La constipation, maladie du monde moderne et souvent f\u00e9minin, malheureusement pour vous mesdames est g\u00e9n\u00e9ralement agrav\u00e9 par un manque d&rsquo;exercices ou une carence alimantaire (pas assez de boissons, de l\u00e9gumes verts, de fibres&#8230;).<\/p>\n<p>La solution g\u00e9n\u00e9ralement employ\u00e9e, le<b> laxatif<\/b> est souvent n\u00e9faste car il d\u00e9truit la flore intestinale et \u00e9vacue \u00e9galement les sels min\u00e9raux n\u00e9cessaires \u00e0 un bon fonctionnement de l&rsquo;organisme. Les solutions \u00ab\u00a0naturelles\u00a0\u00bb comme l&rsquo;acupuncture sont dans ce cas pr\u00e9f\u00e9rables et le point \u00e0 stimuler est tr\u00e8s facile \u00e0 retrouver.<\/p>\n<table border=\"0\" width=\"100%\" cellspacing=\"0\" cellpadding=\"0\">\n<tbody>\n<tr>\n<td width=\"50%\">\n<p align=\"CENTER\"><img src=\"http:\/\/vidauban.pagesperso-orange.fr\/medchin\/constip.gif\" width=\"91\" height=\"271\" align=\"BOTTOM\" border=\"0\" \/><\/p>\n<\/td>\n<td width=\"50%\"><b><i>Ce point est situ\u00e9 \u00e0 l&rsquo;extr\u00e9mit\u00e9 du gros orteil droit.<\/p>\n<p>Du c\u00f4t\u00e9 des autres orteils du pied,<\/p>\n<p>Au point de rencontre des axes form\u00e9s par la base de l&rsquo;ongle et son c\u00f4t\u00e9.<\/p>\n<p>Mais comme un dessin vaut mieux qu&rsquo;un long discour, regardons le sch\u00e9ma ci-contre.<\/i><\/b><\/td>\n<\/tr>\n<\/tbody>\n<\/table>\n<p><span style=\"font-size: xx-small;\">ATTENTION : ces pages ont \u00e9t\u00e9 r\u00e9alis\u00e9es \u00e0 partir de documents existants : livres, cours, publicit\u00e9s m\u00e9dicales&#8230; Nous tenons \u00e0 pr\u00e9venir l&rsquo;internaute lecteur de ces pages qu&rsquo;il ne s&rsquo;agit en aucun cas de pratiquer la m\u00e9decine mais de soulager par simples massages, des \u00e9tats douloureux comme par exemple se masser la nuque pour se d\u00e9tendre en rentrant d&rsquo;une journ\u00e9e particuli\u00e8rement difficile. Il se trouve que les solutions expos\u00e9es ici sont relativement efficaces MAIS il vous faut imp\u00e9rativement aller consulter un m\u00e9decin pour pouvoir \u00eatre <b>soign\u00e9<\/b> en plus d&rsquo;\u00eatre soulag\u00e9.<\/span><\/p>\n<p><center><br \/>\n<a href=\"http:\/\/www.amazon.fr\/gp\/search?ie=UTF8&amp;camp=1642&amp;creative=6746&amp;index=books&amp;keywords=acupuncture&amp;linkCode=ur2&amp;tag=technidemassa-21\" target=\"_blank\" rel=\"noopener noreferrer\">lien vers des livres d&rsquo;acupuncture<\/a><img src=\"http:\/\/www.assoc-amazon.fr\/e\/ir?t=technidemassa-21&amp;l=ur2&amp;o=8\" alt=\"\" width=\"1\" height=\"1\" border=\"0\" \/><\/center><\/p>\n<p align=\"CENTER\">\n<a href=\"http:\/\/www.amazon.fr\/gp\/search?ie=UTF8&amp;camp=1642&amp;creative=6746&amp;index=books&amp;keywords=acupuncture&amp;linkCode=ur2&amp;tag=technidemassa-21\" target=\"_blank\" rel=\"noopener noreferrer\">lien vers des livres d&rsquo;acupuncture<\/a><img class=\"aligncenter\" src=\"http:\/\/www.assoc-amazon.fr\/e\/ir?t=technidemassa-21&amp;l=ur2&amp;o=8\" alt=\"\" width=\"1\" height=\"1\" border=\"0\" \/><\/p>\n<\/p><\/div><\/p>\n","protected":false},"excerpt":{"rendered":"<p>La constipation, maladie du monde moderne et souvent f\u00e9minin, malheureusement pour vous mesdames est g\u00e9n\u00e9ralement agrav\u00e9 par un manque d&rsquo;exercices ou une carence alimantaire (pas assez de boissons, de l\u00e9gumes verts, de fibres&#8230;). La solution g\u00e9n\u00e9ralement employ\u00e9e, le laxatif est souvent n\u00e9faste car il d\u00e9truit la flore intestinale et \u00e9vacue \u00e9galement les sels min\u00e9raux n\u00e9cessaires &hellip; <\/p>\n<p class=\"link-more\"><a href=\"https:\/\/www.igatamus.com\/bgc\/technique-de-massage-des-points-dacupuncture\/constipation\/\" class=\"more-link\">Continuer la lecture<span class=\"screen-reader-text\"> de &laquo;&nbsp;Constipation&nbsp;&raquo;<\/span><\/a><\/p>\n","protected":false},"author":1,"featured_media":0,"parent":431,"menu_order":5,"comment_status":"closed","ping_status":"closed","template":"","meta":[],"_links":{"self":[{"href":"https:\/\/www.igatamus.com\/bgc\/wp-json\/wp\/v2\/pages\/446"}],"collection":[{"href":"https:\/\/www.igatamus.com\/bgc\/wp-json\/wp\/v2\/pages"}],"about":[{"href":"https:\/\/www.igatamus.com\/bgc\/wp-json\/wp\/v2\/types\/page"}],"author":[{"embeddable":true,"href":"https:\/\/www.igatamus.com\/bgc\/wp-json\/wp\/v2\/users\/1"}],"replies":[{"embeddable":true,"href":"https:\/\/www.igatamus.com\/bgc\/wp-json\/wp\/v2\/comments?post=446"}],"version-history":[{"count":2,"href":"https:\/\/www.igatamus.com\/bgc\/wp-json\/wp\/v2\/pages\/446\/revisions"}],"predecessor-version":[{"id":743,"href":"https:\/\/www.igatamus.com\/bgc\/wp-json\/wp\/v2\/pages\/446\/revisions\/743"}],"up":[{"embeddable":true,"href":"https:\/\/www.igatamus.com\/bgc\/wp-json\/wp\/v2\/pages\/431"}],"wp:attachment":[{"href":"https:\/\/www.igatamus.com\/bgc\/wp-json\/wp\/v2\/media?parent=446"}],"curies":[{"name":"wp","href":"https:\/\/api.w.org\/{rel}","templated":true}]}}