{"id":438,"date":"2018-01-21T14:56:38","date_gmt":"2018-01-21T13:56:38","guid":{"rendered":"http:\/\/www.igatamus.com\/bgc\/?page_id=438"},"modified":"2019-05-30T10:36:54","modified_gmt":"2019-05-30T08:36:54","slug":"alcoolisme","status":"publish","type":"page","link":"https:\/\/www.igatamus.com\/bgc\/technique-de-massage-des-points-dacupuncture\/alcoolisme\/","title":{"rendered":"Alcoolisme"},"content":{"rendered":"<p>L&rsquo;intoxication alcoolique est combattue par, d&rsquo;une par le point de la drogue d\u00e9crit \u00e0 la page <a href=\"http:\/\/vidauban.pagesperso-orange.fr\/medchin\/intox.html\">\u00a0\u00bb intoxication\u00a0\u00bb<\/a> et d&rsquo;autre part le point suivant :<\/p>\n<table border=\"0\" cellspacing=\"0\" cellpadding=\"0\">\n<tbody>\n<tr>\n<td width=\"50%\"><b><i>Ce point est situ\u00e9 exactement \u00e0 la pointe du nez.<\/p>\n<p>ATTENTION : la stimulation de ce point peut provoquer des vomissements. Si vous effectuez ce traitement sur un patient, mettez-vous de c\u00f4t\u00e9 sinon gare&#8230;<\/i><\/b><\/td>\n<td width=\"50%\">\n<p align=\"CENTER\"><img src=\"http:\/\/vidauban.pagesperso-orange.fr\/medchin\/alcool.gif\" width=\"72\" height=\"159\" align=\"BOTTOM\" border=\"0\" \/><\/p>\n<\/td>\n<\/tr>\n<\/tbody>\n<\/table>\n<p><span style=\"font-size: xx-small;\">ATTENTION : ces pages ont \u00e9t\u00e9 r\u00e9alis\u00e9es \u00e0 partir de documents existants : livres, cours, publicit\u00e9s m\u00e9dicales&#8230; Nous tenons \u00e0 pr\u00e9venir l&rsquo;internaute lecteur de ces pages qu&rsquo;il ne sagit en aucun cas de pratiquer la m\u00e9decine mais de soulager par simples massages, des \u00e9tats douloureux comme par exemple se masser la nuque pour se d\u00e9tendre en rentrant d&rsquo;une journ\u00e9e particuli\u00e8rement difficile. Il se trouve que les solutions expos\u00e9es ici sont relativement efficaces MAIS il vous faut imp\u00e9rativement aller consulter un m\u00e9decin pour pouvoir \u00eatre <b>soign\u00e9<\/b> en plus d&rsquo;\u00eatre soulag\u00e9.<\/span><\/p>\n<p><center><center><a href=\"http:\/\/www.amazon.fr\/gp\/search?ie=UTF8&amp;camp=1642&amp;creative=6746&amp;index=books&amp;keywords=acupuncture&amp;linkCode=ur2&amp;tag=technidemassa-21\" target=\"_blank\" rel=\"noopener noreferrer\">lien vers des livres d&rsquo;acupuncture<\/a><img src=\"http:\/\/www.assoc-amazon.fr\/e\/ir?t=technidemassa-21&amp;l=ur2&amp;o=8\" alt=\"\" width=\"1\" height=\"1\" border=\"0\" \/><\/center><\/center><\/p>\n<p align=\"CENTER\">\n<a href=\"http:\/\/www.amazon.fr\/gp\/search?ie=UTF8&amp;camp=1642&amp;creative=6746&amp;index=books&amp;keywords=acupuncture&amp;linkCode=ur2&amp;tag=technidemassa-21\" target=\"_blank\" rel=\"noopener noreferrer\">lien vers des livres d&rsquo;acupuncture<\/a><img class=\"aligncenter\" src=\"http:\/\/www.assoc-amazon.fr\/e\/ir?t=technidemassa-21&amp;l=ur2&amp;o=8\" alt=\"\" width=\"1\" height=\"1\" border=\"0\" \/><\/p>\n<\/p><\/div><\/p>\n","protected":false},"excerpt":{"rendered":"<p>L&rsquo;intoxication alcoolique est combattue par, d&rsquo;une par le point de la drogue d\u00e9crit \u00e0 la page \u00a0\u00bb intoxication\u00a0\u00bb et d&rsquo;autre part le point suivant : Ce point est situ\u00e9 exactement \u00e0 la pointe du nez. ATTENTION : la stimulation de ce point peut provoquer des vomissements. Si vous effectuez ce traitement sur un patient, mettez-vous &hellip; <\/p>\n<p class=\"link-more\"><a href=\"https:\/\/www.igatamus.com\/bgc\/technique-de-massage-des-points-dacupuncture\/alcoolisme\/\" class=\"more-link\">Continuer la lecture<span class=\"screen-reader-text\"> de &laquo;&nbsp;Alcoolisme&nbsp;&raquo;<\/span><\/a><\/p>\n","protected":false},"author":1,"featured_media":0,"parent":431,"menu_order":1,"comment_status":"closed","ping_status":"closed","template":"","meta":[],"_links":{"self":[{"href":"https:\/\/www.igatamus.com\/bgc\/wp-json\/wp\/v2\/pages\/438"}],"collection":[{"href":"https:\/\/www.igatamus.com\/bgc\/wp-json\/wp\/v2\/pages"}],"about":[{"href":"https:\/\/www.igatamus.com\/bgc\/wp-json\/wp\/v2\/types\/page"}],"author":[{"embeddable":true,"href":"https:\/\/www.igatamus.com\/bgc\/wp-json\/wp\/v2\/users\/1"}],"replies":[{"embeddable":true,"href":"https:\/\/www.igatamus.com\/bgc\/wp-json\/wp\/v2\/comments?post=438"}],"version-history":[{"count":2,"href":"https:\/\/www.igatamus.com\/bgc\/wp-json\/wp\/v2\/pages\/438\/revisions"}],"predecessor-version":[{"id":739,"href":"https:\/\/www.igatamus.com\/bgc\/wp-json\/wp\/v2\/pages\/438\/revisions\/739"}],"up":[{"embeddable":true,"href":"https:\/\/www.igatamus.com\/bgc\/wp-json\/wp\/v2\/pages\/431"}],"wp:attachment":[{"href":"https:\/\/www.igatamus.com\/bgc\/wp-json\/wp\/v2\/media?parent=438"}],"curies":[{"name":"wp","href":"https:\/\/api.w.org\/{rel}","templated":true}]}}