{"id":434,"date":"2018-01-21T14:51:55","date_gmt":"2018-01-21T13:51:55","guid":{"rendered":"http:\/\/www.igatamus.com\/bgc\/?page_id=434"},"modified":"2019-05-30T10:35:19","modified_gmt":"2019-05-30T08:35:19","slug":"aerophagie","status":"publish","type":"page","link":"https:\/\/www.igatamus.com\/bgc\/technique-de-massage-des-points-dacupuncture\/aerophagie\/","title":{"rendered":"A\u00e9rophagie"},"content":{"rendered":"<p style=\"text-align: left;\" align=\"CENTER\">L&rsquo;a\u00e9rophagie est en fait un stockage puis un renvoi d&rsquo;air \u00e0 partir d&rsquo;une zone situ\u00e9e en bas de l&rsquo;oesophage. Il s&rsquo;agit souvent d&rsquo;un tic qui est assujeti \u00e0 des facteurs nerveux. Toutefois, il ne faut pas oublier que l&rsquo;a\u00e9rophagie peut \u00e9galement \u00eatre la marque d&rsquo;un trouble digestif tels que ulc\u00e8res, calcul biliaires (v\u00e9sicule) etc &#8230;<\/p>\n<p>Un cons\u00e9quence possible de l&rsquo;a\u00e9rophagie est la g\u00e9n\u00e9ration de douleurs qui s&rsquo;apparentent (quant aux sensations) \u00e0 l&rsquo;angine de poitrine.<\/p>\n<p>Donc ATTENTION, il ne faut surtout pas n\u00e9gliger ce sympt\u00f4me et il vaut mieux aller voir un m\u00e9decin afin qu&rsquo;il puisse d\u00e9terminer les causes et les effets de cette a\u00e9rophagie.<\/p>\n<p>Il est toutefois possible de soulager les effets de l&rsquo;a\u00e9rophagie avec quelques points, en l&rsquo;occurence, les deux suivants que nous pr\u00e9sentons.<\/p>\n<table border=\"0\" cellspacing=\"0\" cellpadding=\"0\">\n<tbody>\n<tr>\n<td width=\"50%\"><b><i>Le premier point est situ\u00e9 sur le pied.<\/i><\/b><\/p>\n<p>Sur son int\u00e9rieur, \u00e0 la base du gros orteil, se trouve une saillie ais\u00e9ement reconnaissable.<\/p>\n<p>Placez votre petit doigt sur cette saillie et mettez les trois doigts de la main dans le prolongement, vers la cheville.<\/p>\n<p>Votre index indique alors le point \u00e0 masser qui se trouve au rebord de l&rsquo;os.<\/td>\n<td width=\"50%\">\n<p align=\"CENTER\"><img src=\"http:\/\/vidauban.pagesperso-orange.fr\/medchin\/aero1.gif\" width=\"198\" height=\"163\" align=\"BOTTOM\" border=\"0\" \/><\/p>\n<\/td>\n<\/tr>\n<\/tbody>\n<\/table>\n<table border=\"0\" width=\"100%\" cellspacing=\"0\" cellpadding=\"0\">\n<tbody>\n<tr>\n<td width=\"50%\"><b><i>Le second point est situ\u00e9 sur le bord ext\u00e9rieur de l&rsquo;avant bras.<\/i><\/b><\/p>\n<p>Pour le trouver, effectuer la manoeuvre suivante :<\/p>\n<p>Pliez le bras \u00e0 moiti\u00e9, comme le montre la figure ci-contre.<\/p>\n<p>Le point est situ\u00e9 sur le bord sup\u00e9rieur, \u00e0 mi-chemin entre le coude et le poignet, marqu\u00e9 par les plis de flexion de ces deux r\u00e9gions.<\/td>\n<td width=\"50%\">\n<p align=\"CENTER\"><img src=\"http:\/\/vidauban.pagesperso-orange.fr\/medchin\/aero2.gif\" width=\"156\" height=\"206\" align=\"BOTTOM\" border=\"0\" \/><\/p>\n<\/td>\n<\/tr>\n<\/tbody>\n<\/table>\n<p align=\"CENTER\"><span style=\"font-size: xx-small;\">ATTENTION : ces pages ont \u00e9t\u00e9 r\u00e9alis\u00e9es \u00e0 partir de documents existants : livres, cours, publicit\u00e9s m\u00e9dicales&#8230; Nous tenons \u00e0 pr\u00e9venir l&rsquo;internaute lecteur de ces pages qu&rsquo;il ne sagit en aucun cas de pratiquer la m\u00e9decine mais de soulager par simples massages, des \u00e9tats douloureux comme par exemple se masser la nuque pour se d\u00e9tendre en rentrant d&rsquo;une journ\u00e9e particuli\u00e8rement difficile. Il se trouve que les solutions expos\u00e9es ici sont relativement efficaces MAIS il vous faut imp\u00e9rativement aller consulter un m\u00e9decin pour pouvoir \u00eatre <b>soign\u00e9<\/b> en plus d&rsquo;\u00eatre soulag\u00e9.<\/span><\/p>\n<p align=\"CENTER\">\n<a href=\"http:\/\/www.amazon.fr\/gp\/search?ie=UTF8&amp;camp=1642&amp;creative=6746&amp;index=books&amp;keywords=acupuncture&amp;linkCode=ur2&amp;tag=technidemassa-21\" target=\"_blank\" rel=\"noopener noreferrer\">lien vers des livres d&rsquo;acupuncture<\/a><img class=\"aligncenter\" src=\"http:\/\/www.assoc-amazon.fr\/e\/ir?t=technidemassa-21&amp;l=ur2&amp;o=8\" alt=\"\" width=\"1\" height=\"1\" border=\"0\" \/><\/p>\n<\/p><\/div><\/p>\n","protected":false},"excerpt":{"rendered":"<p>L&rsquo;a\u00e9rophagie est en fait un stockage puis un renvoi d&rsquo;air \u00e0 partir d&rsquo;une zone situ\u00e9e en bas de l&rsquo;oesophage. Il s&rsquo;agit souvent d&rsquo;un tic qui est assujeti \u00e0 des facteurs nerveux. Toutefois, il ne faut pas oublier que l&rsquo;a\u00e9rophagie peut \u00e9galement \u00eatre la marque d&rsquo;un trouble digestif tels que ulc\u00e8res, calcul biliaires (v\u00e9sicule) etc &#8230; &hellip; <\/p>\n<p class=\"link-more\"><a href=\"https:\/\/www.igatamus.com\/bgc\/technique-de-massage-des-points-dacupuncture\/aerophagie\/\" class=\"more-link\">Continuer la lecture<span class=\"screen-reader-text\"> de &laquo;&nbsp;A\u00e9rophagie&nbsp;&raquo;<\/span><\/a><\/p>\n","protected":false},"author":1,"featured_media":0,"parent":431,"menu_order":0,"comment_status":"closed","ping_status":"closed","template":"","meta":[],"_links":{"self":[{"href":"https:\/\/www.igatamus.com\/bgc\/wp-json\/wp\/v2\/pages\/434"}],"collection":[{"href":"https:\/\/www.igatamus.com\/bgc\/wp-json\/wp\/v2\/pages"}],"about":[{"href":"https:\/\/www.igatamus.com\/bgc\/wp-json\/wp\/v2\/types\/page"}],"author":[{"embeddable":true,"href":"https:\/\/www.igatamus.com\/bgc\/wp-json\/wp\/v2\/users\/1"}],"replies":[{"embeddable":true,"href":"https:\/\/www.igatamus.com\/bgc\/wp-json\/wp\/v2\/comments?post=434"}],"version-history":[{"count":4,"href":"https:\/\/www.igatamus.com\/bgc\/wp-json\/wp\/v2\/pages\/434\/revisions"}],"predecessor-version":[{"id":737,"href":"https:\/\/www.igatamus.com\/bgc\/wp-json\/wp\/v2\/pages\/434\/revisions\/737"}],"up":[{"embeddable":true,"href":"https:\/\/www.igatamus.com\/bgc\/wp-json\/wp\/v2\/pages\/431"}],"wp:attachment":[{"href":"https:\/\/www.igatamus.com\/bgc\/wp-json\/wp\/v2\/media?parent=434"}],"curies":[{"name":"wp","href":"https:\/\/api.w.org\/{rel}","templated":true}]}}