{"id":431,"date":"2018-01-21T14:48:18","date_gmt":"2018-01-21T13:48:18","guid":{"rendered":"http:\/\/www.igatamus.com\/bgc\/?page_id=431"},"modified":"2018-01-21T15:12:26","modified_gmt":"2018-01-21T14:12:26","slug":"technique-de-massage-des-points-dacupuncture","status":"publish","type":"page","link":"https:\/\/www.igatamus.com\/bgc\/technique-de-massage-des-points-dacupuncture\/","title":{"rendered":"Technique de massage des points d&rsquo;acupuncture"},"content":{"rendered":"<p>Depuis des si\u00e8cles, les points d&rsquo;acupuncture sont connus en Chine. De nombreux points correspondent \u00e0 nos organes et des soins peuvent \u00eatre effectu\u00e9s par l&rsquo;accupuncteur au moyen d&rsquo;aiguilles judicieusement enfonc\u00e9es dans le corps au niveau de ces points.<\/p>\n<p>De m\u00eame, certains points correspondent \u00e0 certaines r\u00e9gions du corps et il est possible d&rsquo;agir sur ces r\u00e9gions en stimulant ces fameux points.<\/p>\n<h4>M\u00e9thodologie d&rsquo;intervention :<\/h4>\n<ul>\n<li><b>Rep\u00e9rer tr\u00e8s pr\u00e9cis\u00e9ment les points concern\u00e9s : <\/b>ils ne repr\u00e9sentent qu&rsquo;une surface de moins d&rsquo;un millim\u00e8tre carr\u00e9. Ces points sont entre autre remarquables par le fait qu&rsquo;ils sont douloureux et pr\u00e9sentent une sensibilit\u00e9 particuli\u00e8re.<\/li>\n<li><b>Stimuler le(s) point(s) :<\/b> il est possible de stimuler le point par simple <b>pression<\/b> ou <b>massage<\/b>. Premi\u00e8re solution, presser fortement le point \u00e0 l&rsquo;aide du bout d&rsquo;un doigt en exer\u00e7ant de petites oscillations ou bien, seconde solution, effectuer un massage en tournant dans le sens des aiguilles d&rsquo;une montre. Il est \u00e9galement possible d&rsquo;utiliser des outils tels que capuchon de stylo, pointes de stylos afin de traiter plus pr\u00e9cis\u00e9ment le point.<\/li>\n<\/ul>\n<p><i>Attention toutefois \u00e0 ne pas utiliser des objets qui pourraient blesser ou couper. Pour \u00e9viter tout probl\u00e8me, nous conseillons d&rsquo;utiliser exclusivement le bout des doigts.<\/i><\/p>\n<h4>Comment faire ?<\/h4>\n<p>Appuyer fortement sur le point, puis tourner dans le sens des aiguilles d&rsquo;une montre jusqu&rsquo;\u00e0 obtention du r\u00e9sultat. En g\u00e9n\u00e9ral quelques minutes.<\/p>\n<p>Il faut savoir que le r\u00e9sultat obtenu peut durer quelques minutes comme plusieurs jours. Lorsque l&rsquo;influence du \u00ab\u00a0traitement\u00a0\u00bb est termin\u00e9e, vous pouvez toutefois recommencer et produire le m\u00eame r\u00e9sultat.<\/p>\n<p style=\"text-align: left;\"><span style=\"font-size: xx-small;\">ATTENTION : ces pages ont \u00e9t\u00e9 r\u00e9alis\u00e9es \u00e0 partir de documents existants : livres, cours, publicit\u00e9s m\u00e9dicales&#8230; Nous tenons \u00e0 pr\u00e9venir l&rsquo;internaute lecteur de ces pages qu&rsquo;il ne s&rsquo;agit en aucun cas de pratiquer la m\u00e9decine mais de soulager par simples massages, des \u00e9tats douloureux comme par exemple se masser la nuque pour se d\u00e9tendre en rentrant d&rsquo;une journ\u00e9e particuli\u00e8rement difficile. Il se trouve que les solutions expos\u00e9es ici sont relativement efficaces MAIS il vous faut imp\u00e9rativement aller consulter un m\u00e9decin pour pouvoir \u00eatre <b>soign\u00e9<\/b> en plus d&rsquo;\u00eatre soulag\u00e9. J&rsquo;ai r\u00e9alis\u00e9 ce site en 1994 et je viens de le mettre \u00e0 jour sur WordPress cette ann\u00e9e pour une meilleure lisibilit\u00e9.<\/span><\/p>\n<p style=\"text-align: center;\">\n<a href=\"http:\/\/www.amazon.fr\/gp\/search?ie=UTF8&amp;camp=1642&amp;creative=6746&amp;index=books&amp;keywords=acupuncture&amp;linkCode=ur2&amp;tag=technidemassa-21\" target=\"_blank\" rel=\"noopener noreferrer\">lien vers des livres d&rsquo;acupuncture<\/a><img class=\"aligncenter\" src=\"http:\/\/www.assoc-amazon.fr\/e\/ir?t=technidemassa-21&amp;l=ur2&amp;o=8\" alt=\"\" width=\"1\" height=\"1\" border=\"0\" \/><\/p>\n","protected":false},"excerpt":{"rendered":"<p>Depuis des si\u00e8cles, les points d&rsquo;acupuncture sont connus en Chine. De nombreux points correspondent \u00e0 nos organes et des soins peuvent \u00eatre effectu\u00e9s par l&rsquo;accupuncteur au moyen d&rsquo;aiguilles judicieusement enfonc\u00e9es dans le corps au niveau de ces points. De m\u00eame, certains points correspondent \u00e0 certaines r\u00e9gions du corps et il est possible d&rsquo;agir sur ces &hellip; <\/p>\n<p class=\"link-more\"><a href=\"https:\/\/www.igatamus.com\/bgc\/technique-de-massage-des-points-dacupuncture\/\" class=\"more-link\">Continuer la lecture<span class=\"screen-reader-text\"> de &laquo;&nbsp;Technique de massage des points d&rsquo;acupuncture&nbsp;&raquo;<\/span><\/a><\/p>\n","protected":false},"author":1,"featured_media":0,"parent":0,"menu_order":0,"comment_status":"closed","ping_status":"closed","template":"","meta":[],"_links":{"self":[{"href":"https:\/\/www.igatamus.com\/bgc\/wp-json\/wp\/v2\/pages\/431"}],"collection":[{"href":"https:\/\/www.igatamus.com\/bgc\/wp-json\/wp\/v2\/pages"}],"about":[{"href":"https:\/\/www.igatamus.com\/bgc\/wp-json\/wp\/v2\/types\/page"}],"author":[{"embeddable":true,"href":"https:\/\/www.igatamus.com\/bgc\/wp-json\/wp\/v2\/users\/1"}],"replies":[{"embeddable":true,"href":"https:\/\/www.igatamus.com\/bgc\/wp-json\/wp\/v2\/comments?post=431"}],"version-history":[{"count":2,"href":"https:\/\/www.igatamus.com\/bgc\/wp-json\/wp\/v2\/pages\/431\/revisions"}],"predecessor-version":[{"id":466,"href":"https:\/\/www.igatamus.com\/bgc\/wp-json\/wp\/v2\/pages\/431\/revisions\/466"}],"wp:attachment":[{"href":"https:\/\/www.igatamus.com\/bgc\/wp-json\/wp\/v2\/media?parent=431"}],"curies":[{"name":"wp","href":"https:\/\/api.w.org\/{rel}","templated":true}]}}