{"id":33,"date":"2017-05-05T18:44:16","date_gmt":"2017-05-05T16:44:16","guid":{"rendered":"http:\/\/www.igatamus.com\/bgc\/?page_id=33"},"modified":"2022-12-18T10:48:09","modified_gmt":"2022-12-18T09:48:09","slug":"curriculum-francais","status":"publish","type":"page","link":"https:\/\/www.igatamus.com\/bgc\/curriculum-francais\/","title":{"rendered":"Curriculum Fran\u00e7ais"},"content":{"rendered":"<p id=\"h.p_edX6mdyAHNbk\" class=\"zfr3Q\"><strong>Benoit Geneslay <\/strong><\/p>\n<p id=\"h.p_0DB4IgJNHNwR\" class=\"zfr3Q\"><strong>57 ans &#8211; Mari\u00e9 <\/strong><\/p>\n<p id=\"h.p_LuP89I1WHNwS\" class=\"zfr3Q\"><strong>e.mail : <\/strong><a class=\"dhtgD\" href=\"https:\/\/igatamus.com\/bgc_new\/index.php?contact\" target=\"_blank\" rel=\"noopener noreferrer\">B. Geneslay<\/a><\/p>\n<h2 id=\"h.p_oJsPn0YsHNwU\" class=\"zfr3Q JYVBee\">Formation :<\/h2>\n<ul class=\"n8H08c UVNKR\">\n<li id=\"h.p_ySMAqYIGHNwV\" class=\"zfr3Q TYR86d\">1989 &#8211; Dipl\u00f4me d&rsquo;ing\u00e9nieur de l&rsquo;\u00e9cole sup\u00e9rieure d&rsquo;\u00e9lectronique de l&rsquo;ouest- ESEO-<\/li>\n<li id=\"h.p_M_l3iYSYHNwa\" class=\"zfr3Q TYR86d\">1982 &#8211; Baccalaureat C.<\/li>\n<\/ul>\n<h2 id=\"h.p_nzNzQ-nnHNwd\" class=\"zfr3Q JYVBee\">Stages et formations compl\u00e9mentaires :<\/h2>\n<ul class=\"n8H08c UVNKR\">\n<li id=\"h.p_mSU7dqFbHNwe\" class=\"zfr3Q TYR86d\">1989 &#8211; First certificate of Cambridge.<\/li>\n<li id=\"h.p_U06tMinbHNwf\" class=\"zfr3Q TYR86d\">1988 &#8211; Stage fin d&rsquo;\u00e9tudes : &#8211; Traducteur de langage &#8211; \u00e9crit en Prolog. D\u00e9veloppement sur HP 1000 et HP 9000 (RTE- UNIX et Langage C).<\/li>\n<li id=\"h.p_nb4I--qwHNwu\" class=\"zfr3Q TYR86d\">1987 &#8211; Legrand Antibes &#8211; D\u00e9veloppement et mise en oeuvre de logiciels de traitement du signal.<\/li>\n<li id=\"h.p_bFcA6J-QHNwu\" class=\"zfr3Q TYR86d\">1986 &#8211; ALLIA France &#8211; Mise en place GPAO sur HP 3000.<\/li>\n<\/ul>\n<h2 id=\"h.p_iz1iIg5cHNww\" class=\"zfr3Q JYVBee\">Exp\u00e9rience professionnelle :<\/h2>\n<ul class=\"n8H08c UVNKR\">\n<li id=\"h.p_IDsasEi9HNw0\" class=\"zfr3Q TYR86d\"><strong>1993-aujourd&rsquo;hui : Ing\u00e9nieur ind\u00e9pendant depuis 1993<\/strong>\n<ul class=\"n8H08c UVNKR\">\n<li id=\"h.p_2VXdFhgnHNw1\" class=\"zfr3Q TYR86d\">Conseil en s\u00e9curit\u00e9 et productivit\u00e9 industrielle.\n<ul class=\"n8H08c UVNKR\">\n<li id=\"h.p_9QDA7YWHHNw9\" class=\"zfr3Q TYR86d\">AMDEC \u00e0 la conception des produits.<\/li>\n<li id=\"h.p_WsWMk8SAHNw_\" class=\"zfr3Q TYR86d\">Suivi de fabrication, aide \u00e0 la conduite, diagnostic de pannes.<\/li>\n<li id=\"h.p_H8Ls78YAHNxA\" class=\"zfr3Q TYR86d\">Automatisation et communication en milieu industriel <a class=\"dhtgD\" href=\"http:\/\/www.google.com\/url?q=http%3A%2F%2Fvidauban.pagesperso-orange.fr%2Fref_prod_indus.html&amp;sa=D&amp;sntz=1&amp;usg=AFQjCNEH0v5ovHVtC7BuvX_3g_CWTECdww\" target=\"_blank\" rel=\"noopener noreferrer\">(r\u00e9f\u00e9rences produits)<\/a>\n<ul class=\"n8H08c UVNKR\">\n<li id=\"h.p_oQQ1Ht46HNxA\" class=\"zfr3Q TYR86d\"><strong>Automates<\/strong> <a class=\"dhtgD\" href=\"http:\/\/www.google.com\/url?q=http%3A%2F%2Fwww.schneider-electric.fr%2F&amp;sa=D&amp;sntz=1&amp;usg=AFQjCNEP0xWP1aUaHUstUoIMiLmd59h9Aw\" target=\"_blank\" rel=\"noopener noreferrer\">Schneider-Electric<\/a> <a class=\"dhtgD\" href=\"http:\/\/www.google.com\/url?q=http%3A%2F%2Fwww.modicon.com%2F&amp;sa=D&amp;sntz=1&amp;usg=AFQjCNGaapdyF3xyA_TOms-Lga_txXVKGQ\" target=\"_blank\" rel=\"noopener noreferrer\">Modicon<\/a> <a class=\"dhtgD\" href=\"http:\/\/www.google.com\/url?q=http%3A%2F%2Fwww.telemecanique.com%2F&amp;sa=D&amp;sntz=1&amp;usg=AFQjCNFaqomVjgvOrfsg-vhAeq_WpN9PUA\" target=\"_blank\" rel=\"noopener noreferrer\">Telemecanique<\/a>\n<ul class=\"n8H08c UVNKR\">\n<li id=\"h.p_LfN5FLHvHNxB\" class=\"zfr3Q TYR86d\"><strong>M580, Quantum, Premium, M340, Momentum, Micro, Twido, Zelio<\/strong><\/li>\n<\/ul>\n<\/li>\n<li id=\"h.p_9tdKA1hMHNxC\" class=\"zfr3Q TYR86d\"><strong>IHM<\/strong> <a class=\"dhtgD\" href=\"http:\/\/www.google.com\/url?q=http%3A%2F%2Fwww.schneider-electric.fr%2F&amp;sa=D&amp;sntz=1&amp;usg=AFQjCNEP0xWP1aUaHUstUoIMiLmd59h9Aw\" target=\"_blank\" rel=\"noopener noreferrer\">Schneider-Electric<\/a> <a class=\"dhtgD\" href=\"http:\/\/www.google.com\/url?q=http%3A%2F%2Fwww.telemecanique.com%2F&amp;sa=D&amp;sntz=1&amp;usg=AFQjCNFaqomVjgvOrfsg-vhAeq_WpN9PUA\" target=\"_blank\" rel=\"noopener noreferrer\">Telemecanique<\/a> <strong>Magelis &#8211; XBT, TXBT, XBT-G<\/strong><\/li>\n<li id=\"h.p_B9Fh0tqqHNxC\" class=\"zfr3Q TYR86d\"><strong>Environnements de programmation<\/strong>\n<ul class=\"n8H08c UVNKR\">\n<li id=\"h.p_8K7Pz74qHNxD\" class=\"zfr3Q TYR86d\"><strong>Control Expert, Unity Pro, PL7 Pro, OFS, XBTL1000, Vijeo-Designer, TwidoSoft, ZelioSoft, Advantys<\/strong>.<\/li>\n<li id=\"h.p_YWtRXnuuHNxD\" class=\"zfr3Q TYR86d\"><strong>DTMs<\/strong><\/li>\n<\/ul>\n<\/li>\n<li id=\"h.p_wTKZq_MKHNxE\" class=\"zfr3Q TYR86d\"><strong>R\u00e9seaux, bus de terrain, bus Capteur\/Actionneurs<\/strong><\/li>\n<li id=\"h.p_LH_pMxznHNxE\" class=\"zfr3Q TYR86d\"><strong>Communication <a href=\"https:\/\/opcfoundation.org\/about\/opc-technologies\/opc-ua\/\" target=\"_blank\" rel=\"noopener noreferrer\">OPC UA<\/a>, Ethernet TCP\/IP, Ethernet IP, Ethway, Fipway, Fipio, AS-i, Modbus, Unitelway, CANopen, Profibus.<\/strong><\/li>\n<\/ul>\n<\/li>\n<li id=\"h.p_yFG58tpdHNxH\" class=\"zfr3Q TYR86d\">S\u00e9curisation des r\u00e9seaux de communication industriels.<\/li>\n<li id=\"h.p_XT6U6xdTHNxI\" class=\"zfr3Q TYR86d\">S\u00e9curisation des processus industriels.<\/li>\n<\/ul>\n<\/li>\n<li id=\"h.p_ktAo4eYVHNxI\" class=\"zfr3Q TYR86d\">D\u00e9veloppements logiciels.\n<ul class=\"n8H08c UVNKR\">\n<li id=\"h.p_ky9Gf1NtHNxJ\" class=\"zfr3Q TYR86d\">Syst\u00e8me d&rsquo;aide au diagnostic.<\/li>\n<li id=\"h.p_80Nc1EQZHNxM\" class=\"zfr3Q TYR86d\">D\u00e9veloppements Java.<\/li>\n<li id=\"h.p_MYcpW1_8HNxQ\" class=\"zfr3Q TYR86d\">D\u00e9veloppements <strong>php<\/strong><\/li>\n<li id=\"h.p_vI5PHxXfHNxX\" class=\"zfr3Q TYR86d\">Pages HTML pour sites WEB (javascript, CSS).<\/li>\n<\/ul>\n<\/li>\n<li id=\"h.p_uXlR9heuHNxY\" class=\"zfr3Q TYR86d\">R\u00e9alisation de documentation technique et promotionnelle.\n<ul class=\"n8H08c UVNKR\">\n<li id=\"h.p_AqHo5xdzHNxZ\" class=\"zfr3Q TYR86d\">R\u00e9daction et traduction.<\/li>\n<li id=\"h.p_AEdKisuBHNxZ\" class=\"zfr3Q TYR86d\">Cr\u00e9ation et mise en page.<\/li>\n<li id=\"h.p_7_awtJpWHNxc\" class=\"zfr3Q TYR86d\">Graphismes et traitement de l&rsquo;image.<\/li>\n<li id=\"h.p_FhrNPOV0HNxd\" class=\"zfr3Q TYR86d\">R\u00e9alisation de pages WEB<\/li>\n<li id=\"h.p_fN-cQVxdHNxd\" class=\"zfr3Q TYR86d\">Automatisation et communication en milieu industriel <a class=\"dhtgD\" href=\"http:\/\/www.google.com\/url?q=http%3A%2F%2Fvidauban.pagesperso-orange.fr%2Fref_prod_doc.html&amp;sa=D&amp;sntz=1&amp;usg=AFQjCNHBxAx1mI4kkkaPyjWJUY4lag4XgA\" target=\"_blank\" rel=\"noopener noreferrer\">(r\u00e9f\u00e9rences produits)<\/a>\n<ul class=\"n8H08c UVNKR\">\n<li id=\"h.p_qyhUtuwqHNxe\" class=\"zfr3Q TYR86d\"><strong>Automates<\/strong> <a class=\"dhtgD\" href=\"http:\/\/www.google.com\/url?q=http%3A%2F%2Fwww.schneider-electric.fr%2F&amp;sa=D&amp;sntz=1&amp;usg=AFQjCNEP0xWP1aUaHUstUoIMiLmd59h9Aw\" target=\"_blank\" rel=\"noopener noreferrer\">Schneider-Electric<\/a> <a class=\"dhtgD\" href=\"http:\/\/www.google.com\/url?q=http%3A%2F%2Fwww.modicon.com%2F&amp;sa=D&amp;sntz=1&amp;usg=AFQjCNGaapdyF3xyA_TOms-Lga_txXVKGQ\" target=\"_blank\" rel=\"noopener noreferrer\">Modicon<\/a> <a class=\"dhtgD\" href=\"http:\/\/www.google.com\/url?q=http%3A%2F%2Fwww.telemecanique.com%2F&amp;sa=D&amp;sntz=1&amp;usg=AFQjCNFaqomVjgvOrfsg-vhAeq_WpN9PUA\" target=\"_blank\" rel=\"noopener noreferrer\">Telemecanique<\/a>\n<ul class=\"n8H08c UVNKR\">\n<li id=\"h.p_TTbUuizRHNxg\" class=\"zfr3Q TYR86d\"><strong>Quantum, Premium, M340, Micro, Twido, Zelio<\/strong><\/li>\n<\/ul>\n<\/li>\n<li id=\"h.p_H4JltQcFHNxg\" class=\"zfr3Q TYR86d\"><strong>IHM<\/strong> <a class=\"dhtgD\" href=\"http:\/\/www.google.com\/url?q=http%3A%2F%2Fwww.schneider-electric.fr%2F&amp;sa=D&amp;sntz=1&amp;usg=AFQjCNEP0xWP1aUaHUstUoIMiLmd59h9Aw\" target=\"_blank\" rel=\"noopener noreferrer\">Schneider-Electric<\/a> <a class=\"dhtgD\" href=\"http:\/\/www.google.com\/url?q=http%3A%2F%2Fwww.telemecanique.com%2F&amp;sa=D&amp;sntz=1&amp;usg=AFQjCNFaqomVjgvOrfsg-vhAeq_WpN9PUA\" target=\"_blank\" rel=\"noopener noreferrer\">Telemecanique<\/a> <strong>Magelis &#8211; XBT et TXBT<\/strong><\/li>\n<li id=\"h.p_HjTL8CtiHNxh\" class=\"zfr3Q TYR86d\"><strong>Environnements de programmation<\/strong>\n<ul class=\"n8H08c UVNKR\">\n<li id=\"h.p_vriDdQ6xHNxh\" class=\"zfr3Q TYR86d\"><strong>PL7 Pro, Unity Pro, OFS, XBTL1000, Vijeo-Designer, TwidoSoft, ZelioSoft, Advantys.<\/strong><\/li>\n<\/ul>\n<\/li>\n<li id=\"h.p_9rsuyxxWHNxh\" class=\"zfr3Q TYR86d\"><strong>R\u00e9seaux, bus de terrain, bus Capteur\/Actionneurs<\/strong><\/li>\n<li id=\"h.p_C7kEDAbtHNxi\" class=\"zfr3Q TYR86d\"><strong>Communication Ethernet TCP\/IP, Ethway, Fipway, Fipio, AS-i, Modbus, Unitelway, CANopen<\/strong><\/li>\n<\/ul>\n<\/li>\n<li id=\"h.p_uwrvTs9CHNxj\" class=\"zfr3Q TYR86d\"><\/li>\n<\/ul>\n<\/li>\n<li id=\"h.p_9smvnMChHNxj\" class=\"zfr3Q TYR86d\">Formation.\n<ul class=\"n8H08c UVNKR\">\n<li id=\"h.p_VkF7d3JUHNxk\" class=\"zfr3Q TYR86d\">AMDEC.<\/li>\n<li id=\"h.p_Nz7SMTNeHNxk\" class=\"zfr3Q TYR86d\">Diagnostic de pannes informatis\u00e9.<\/li>\n<li id=\"h.p_7quTT3RZHNxk\" class=\"zfr3Q TYR86d\">Syst\u00e8mes Experts.<\/li>\n<li id=\"h.p_T631gooGHNxl\" class=\"zfr3Q TYR86d\">Automatisation et communication en milieu industriel <a class=\"dhtgD\" href=\"http:\/\/www.google.com\/url?q=http%3A%2F%2Fvidauban.pagesperso-orange.fr%2Fref_prod_formation.html&amp;sa=D&amp;sntz=1&amp;usg=AFQjCNEG-Grz39qU9pzoYGOshJubSGKxfQ\" target=\"_blank\" rel=\"noopener noreferrer\">(r\u00e9f\u00e9rences produits)<\/a>\n<ul class=\"n8H08c UVNKR\">\n<li id=\"h.p_zDNfvLlPHNxl\" class=\"zfr3Q TYR86d\"><strong>Formateur<\/strong> <a class=\"dhtgD\" href=\"http:\/\/www.google.com\/url?q=http%3A%2F%2Fwww.schneider-electric.fr%2Fsites%2Ffrance%2Ffr%2Fproduits-services%2Fformations%2Fformations.page&amp;sa=D&amp;sntz=1&amp;usg=AFQjCNGArb9uc6LToQZk2arnjLyv0kDvbA\" target=\"_blank\" rel=\"noopener noreferrer\">ISF : Institut Schneider Formation<\/a><\/li>\n<li id=\"h.p_iIrYyJn0HNxl\" class=\"zfr3Q TYR86d\"><strong>Automates<\/strong> <a class=\"dhtgD\" href=\"http:\/\/www.google.com\/url?q=http%3A%2F%2Fwww.schneider-electric.fr%2F&amp;sa=D&amp;sntz=1&amp;usg=AFQjCNEP0xWP1aUaHUstUoIMiLmd59h9Aw\" target=\"_blank\" rel=\"noopener noreferrer\">Schneider-Electric<\/a> <a class=\"dhtgD\" href=\"http:\/\/www.google.com\/url?q=http%3A%2F%2Fwww.modicon.com%2F&amp;sa=D&amp;sntz=1&amp;usg=AFQjCNGaapdyF3xyA_TOms-Lga_txXVKGQ\" target=\"_blank\" rel=\"noopener noreferrer\">Modicon<\/a> <a class=\"dhtgD\" href=\"http:\/\/www.google.com\/url?q=http%3A%2F%2Fwww.telemecanique.com%2F&amp;sa=D&amp;sntz=1&amp;usg=AFQjCNFaqomVjgvOrfsg-vhAeq_WpN9PUA\" target=\"_blank\" rel=\"noopener noreferrer\">Telemecanique<\/a> <strong>M580, Quantum, Premium, M340, Micro, Twido, Zelio<\/strong><\/li>\n<li id=\"h.p_WCVPqO4qHNxm\" class=\"zfr3Q TYR86d\"><strong>IHM<\/strong> <a class=\"dhtgD\" href=\"http:\/\/www.google.com\/url?q=http%3A%2F%2Fwww.schneider-electric.fr%2F&amp;sa=D&amp;sntz=1&amp;usg=AFQjCNEP0xWP1aUaHUstUoIMiLmd59h9Aw\" target=\"_blank\" rel=\"noopener noreferrer\">Schneider-Electric<\/a> <a class=\"dhtgD\" href=\"http:\/\/www.google.com\/url?q=http%3A%2F%2Fwww.telemecanique.com%2F&amp;sa=D&amp;sntz=1&amp;usg=AFQjCNFaqomVjgvOrfsg-vhAeq_WpN9PUA\" target=\"_blank\" rel=\"noopener noreferrer\">Telemecanique<\/a> <strong>Magelis &#8211; XBT, TXBT, XBT-G<\/strong><\/li>\n<li id=\"h.p_uVLxLjgRHNxm\" class=\"zfr3Q TYR86d\"><strong>R\u00e9seaux, bus de terrain, bus Capteur\/Actionneurs<\/strong><\/li>\n<li id=\"h.p_l3i8z2FrHNxo\" class=\"zfr3Q TYR86d\"><strong>Communication Ethernet TCP\/IP, Ethway, Fipway, Fipio, AS-i, Modbus, Unitelway, CANopen<\/strong><\/li>\n<li id=\"h.p_y6Dkh7ZUHNxq\" class=\"zfr3Q TYR86d\"><strong>Environnements de programmation PL7 Pro, Unity Pro, OFS, XBTL1000, Vijeo-Designer, TwidoSoft, ZelioSoft, Advantys.<\/strong><\/li>\n<\/ul>\n<\/li>\n<\/ul>\n<\/li>\n<\/ul>\n<\/li>\n<\/ul>\n<p id=\"h.p_wtZYrv_mHNxq\" class=\"zfr3Q\"><strong>1991 : Soci\u00e9t\u00e9 : EuroMedia Documentation.<\/strong><\/p>\n<p id=\"h.p_z9FoqS_5HNxq\" class=\"zfr3Q\"><strong>Qualit\u00e9 : Responsable de la production. Responsable service r\u00e9daction. Actionnaire<\/strong><\/p>\n<ul class=\"n8H08c UVNKR\">\n<li id=\"h.p_eywa151pHNxr\" class=\"zfr3Q TYR86d\">R\u00e9daction fran\u00e7ais et traduction de l&rsquo;anglais de documentation technique et promotionnelle.\n<ul class=\"n8H08c UVNKR\">\n<li id=\"h.p_zxWfze4hHNxr\" class=\"zfr3Q TYR86d\">Domaine informatique.<\/li>\n<li id=\"h.p_zCNS8xGVHNxr\" class=\"zfr3Q TYR86d\">Domaine automatisme.<\/li>\n<li id=\"h.p_hNYVa_CcHNxs\" class=\"zfr3Q TYR86d\">Secteur productique.<\/li>\n<\/ul>\n<\/li>\n<li id=\"h.p_rlaMTPvwHNxt\" class=\"zfr3Q TYR86d\">Responsabilit\u00e9 de l&rsquo;ensemble de la production en terme de r\u00e9daction et de g\u00e9n\u00e9ration de documents.\n<ul class=\"n8H08c UVNKR\">\n<li id=\"h.p_qRsL-uQoHNxw\" class=\"zfr3Q TYR86d\">Gestion et animation d&rsquo;une \u00e9quipe.<\/li>\n<li id=\"h.p_rWfuM3u3HNxx\" class=\"zfr3Q TYR86d\">Formation du personnel aux logiciels.<\/li>\n<li id=\"h.p_0UmvtiFMHNxx\" class=\"zfr3Q TYR86d\">Gestion budget de production.<\/li>\n<li id=\"h.p_HRQm2NQEHNxx\" class=\"zfr3Q TYR86d\">R\u00e9daction, mise en page, traitement graphique et suivi de r\u00e9alisation.<\/li>\n<\/ul>\n<\/li>\n<\/ul>\n<p id=\"h.p_ac0cf6XnHNxy\" class=\"zfr3Q\"><strong>1989 : Soci\u00e9t\u00e9 : CALLADAN.<\/strong><\/p>\n<p id=\"h.p_3h65-8sOHNx0\" class=\"zfr3Q\"><strong>Qualit\u00e9 : Ing\u00e9nieur de d\u00e9veloppement.<\/strong><\/p>\n<p id=\"h.p_BYzEP58EHNx1\" class=\"zfr3Q\"><strong>Fonction : Chef de projet : Gestion Technique Centralis\u00e9e.<\/strong><\/p>\n<ul class=\"n8H08c UVNKR\">\n<li id=\"h.p_1JQteknnHNx1\" class=\"zfr3Q TYR86d\">D\u00e9veloppement et responsable du projet.\n<ul class=\"n8H08c UVNKR\">\n<li id=\"h.p_bNKM4zh-HNx8\" class=\"zfr3Q TYR86d\">Automates T\u00e9l\u00e9m\u00e9canique TSX S\u00e9rie 7.<\/li>\n<li id=\"h.p_gGRWQ1BlHNx-\" class=\"zfr3Q TYR86d\">R\u00e9seaux Industriels Modbus et Unitelway.<\/li>\n<li id=\"h.p_YcILTENrHNx-\" class=\"zfr3Q TYR86d\">R\u00e9seau t\u00e9l\u00e9phonique commut\u00e9.<\/li>\n<\/ul>\n<\/li>\n<li id=\"h.p_qu-yqvGoHNyA\" class=\"zfr3Q TYR86d\">D\u00e9veloppement de Syst\u00e8me expert.\n<ul class=\"n8H08c UVNKR\">\n<li id=\"h.p_hn-Mh8SkHNyB\" class=\"zfr3Q TYR86d\">D\u00e9veloppement logiciel.<\/li>\n<li id=\"h.p_gkWUhHdwHNyB\" class=\"zfr3Q TYR86d\">Diagnostic de pannes.<\/li>\n<li id=\"h.p_qgs1OvRNHNyC\" class=\"zfr3Q TYR86d\">Aide \u00e0 la conduite de process.<\/li>\n<\/ul>\n<\/li>\n<li id=\"h.p_Cqt2mWYuHNyD\" class=\"zfr3Q TYR86d\">Organisation et r\u00e9alisation de formations.\n<ul class=\"n8H08c UVNKR\">\n<li id=\"h.p_5cEwKzYUHNyH\" class=\"zfr3Q TYR86d\">Intelligence artificielle et Syst\u00e8mes Experts.<\/li>\n<li id=\"h.p_iMDRCUNLHNyL\" class=\"zfr3Q TYR86d\">AMDEC.<\/li>\n<li id=\"h.p_Xfp3keleHNyL\" class=\"zfr3Q TYR86d\">R\u00e9seaux industriels, automatismes, dialogue Homme-machine.<\/li>\n<\/ul>\n<\/li>\n<li id=\"h.p_1YFbjqTgHNyQ\" class=\"zfr3Q TYR86d\">Responsable de d\u00e9veloppement et chef de produits.\n<ul class=\"n8H08c UVNKR\">\n<li id=\"h.p_-28BuEGtHNyR\" class=\"zfr3Q TYR86d\">AMIDEC : Produit g\u00e9n\u00e9rateur d&rsquo;AMDEC (Analyse des Modes de D\u00e9faillances de leur Effets et de leurs Criticit\u00e9s.<\/li>\n<li id=\"h.p_Sx7T3xAXHNyS\" class=\"zfr3Q TYR86d\">Configurateurs : Syst\u00e8me experts de g\u00e9n\u00e9ration de devis.<\/li>\n<li id=\"h.p_Bv106XinHNyU\" class=\"zfr3Q TYR86d\">Participation au plan Marketing amont<\/li>\n<li id=\"h.p_8xpcWbCkHNyW\" class=\"zfr3Q TYR86d\">R\u00e9alisation du packaging marketing des produits ci-dessus cit\u00e9s :<\/li>\n<li id=\"h.p_GH_0T59sHNyX\" class=\"zfr3Q TYR86d\">Conception et r\u00e9daction des documents promotionnels et techniques.<\/li>\n<li id=\"h.p_Eovj8BHeHNyf\" class=\"zfr3Q TYR86d\">Formation des utilisateurs.<\/li>\n<\/ul>\n<\/li>\n<\/ul>\n<h2 id=\"h.p_iIYZNr8CHNyg\" class=\"zfr3Q JYVBee\">Langues :<\/h2>\n<ul class=\"n8H08c UVNKR\">\n<li id=\"h.p_WR7zmnzPHNyh\" class=\"zfr3Q TYR86d\">Anglais, lu, \u00e9crit et parl\u00e9.<\/li>\n<\/ul>\n<h2 id=\"h.p_E--tQk8kHNyl\" class=\"zfr3Q JYVBee\">Activit\u00e9s extra-professionnelles des derni\u00e8res ann\u00e9es :<\/h2>\n<ul class=\"n8H08c UVNKR\">\n<li id=\"h.p_zQJakGRKHNyn\" class=\"zfr3Q TYR86d\">Voile\u00a0 Course &#8211; Croisi\u00e8re &#8211; Vieux gr\u00e9ements<\/li>\n<li class=\"zfr3Q TYR86d\">Horticulture.<\/li>\n<li id=\"h.p_f6vUDjxrHNyn\" class=\"zfr3Q TYR86d\">Volley-ball &#8211; Tennis<\/li>\n<li class=\"zfr3Q TYR86d\">Qi Gong &#8211; Yang Shen &#8211; Tai Chi Chuan.<\/li>\n<li class=\"zfr3Q TYR86d\">Et divers activit\u00e9s associatives d&rsquo;aide<\/li>\n<\/ul>\n","protected":false},"excerpt":{"rendered":"<p>Benoit Geneslay 57 ans &#8211; Mari\u00e9 e.mail : B. Geneslay Formation : 1989 &#8211; Dipl\u00f4me d&rsquo;ing\u00e9nieur de l&rsquo;\u00e9cole sup\u00e9rieure d&rsquo;\u00e9lectronique de l&rsquo;ouest- ESEO- 1982 &#8211; Baccalaureat C. Stages et formations compl\u00e9mentaires : 1989 &#8211; First certificate of Cambridge. 1988 &#8211; Stage fin d&rsquo;\u00e9tudes : &#8211; Traducteur de langage &#8211; \u00e9crit en Prolog. D\u00e9veloppement sur HP &hellip; <\/p>\n<p class=\"link-more\"><a href=\"https:\/\/www.igatamus.com\/bgc\/curriculum-francais\/\" class=\"more-link\">Continuer la lecture<span class=\"screen-reader-text\"> de &laquo;&nbsp;Curriculum Fran\u00e7ais&nbsp;&raquo;<\/span><\/a><\/p>\n","protected":false},"author":1,"featured_media":0,"parent":0,"menu_order":0,"comment_status":"closed","ping_status":"closed","template":"","meta":[],"_links":{"self":[{"href":"https:\/\/www.igatamus.com\/bgc\/wp-json\/wp\/v2\/pages\/33"}],"collection":[{"href":"https:\/\/www.igatamus.com\/bgc\/wp-json\/wp\/v2\/pages"}],"about":[{"href":"https:\/\/www.igatamus.com\/bgc\/wp-json\/wp\/v2\/types\/page"}],"author":[{"embeddable":true,"href":"https:\/\/www.igatamus.com\/bgc\/wp-json\/wp\/v2\/users\/1"}],"replies":[{"embeddable":true,"href":"https:\/\/www.igatamus.com\/bgc\/wp-json\/wp\/v2\/comments?post=33"}],"version-history":[{"count":11,"href":"https:\/\/www.igatamus.com\/bgc\/wp-json\/wp\/v2\/pages\/33\/revisions"}],"predecessor-version":[{"id":1053,"href":"https:\/\/www.igatamus.com\/bgc\/wp-json\/wp\/v2\/pages\/33\/revisions\/1053"}],"wp:attachment":[{"href":"https:\/\/www.igatamus.com\/bgc\/wp-json\/wp\/v2\/media?parent=33"}],"curies":[{"name":"wp","href":"https:\/\/api.w.org\/{rel}","templated":true}]}}